{"id":730433,"date":"2025-08-27T21:14:36","date_gmt":"2025-08-27T18:14:36","guid":{"rendered":"https:\/\/roveyayinevi.com.tr\/index.php\/urun\/keci-kafe\/"},"modified":"2026-04-16T02:38:29","modified_gmt":"2026-04-15T23:38:29","slug":"keci-kafe","status":"publish","type":"product","link":"https:\/\/roveyayinevi.com.tr\/index.php\/urun\/keci-kafe\/","title":{"rendered":"Ke\u00e7i Kafe"},"content":{"rendered":"<p>Katur Kutur, \u00c7\u0131t\u0131r \u00c7\u0131t\u0131r ! \u00c7ilekler! Ahududulari! Turplari! \u2026Tabelalar? Dekoratif Biblolar? Bu Yaramaz Ke\u00e7iler Her \u015eeyi Yiyebilir! <\/p>\n","protected":false},"excerpt":{"rendered":"<p>Katur Kutur, \u00c7\u0131t\u0131r \u00c7\u0131t\u0131r ! \u00c7ilekler! Ahududulari! Turplari! \u2026Tabelalar? Dekoratif Biblolar? Bu Yaramaz Ke\u00e7iler Her \u015eeyi Yiyebilir!<\/p>\n","protected":false},"featured_media":0,"template":"","meta":{"_monsterinsights_skip_tracking":false,"_monsterinsights_sitenote_active":false,"_monsterinsights_sitenote_note":"","_monsterinsights_sitenote_category":0},"product_brand":[],"product_cat":[12913,12274],"product_tag":[],"class_list":{"0":"post-730433","1":"product","2":"type-product","3":"status-publish","5":"product_cat-3-6-yas-kitaplari","6":"product_cat-cocuk-ve-genclik-kitaplari","7":"pa_cilt-ciltsiz","8":"pa_tur-kitap","9":"pa_yayinevi-is-bankasi-kultur-yayinlari","10":"pa_yazar-francesca-simon","12":"first","13":"instock","14":"sale","15":"shipping-taxable","16":"purchasable","17":"product-type-simple"},"_links":{"self":[{"href":"https:\/\/roveyayinevi.com.tr\/index.php\/wp-json\/wp\/v2\/product\/730433","targetHints":{"allow":["GET"]}}],"collection":[{"href":"https:\/\/roveyayinevi.com.tr\/index.php\/wp-json\/wp\/v2\/product"}],"about":[{"href":"https:\/\/roveyayinevi.com.tr\/index.php\/wp-json\/wp\/v2\/types\/product"}],"wp:attachment":[{"href":"https:\/\/roveyayinevi.com.tr\/index.php\/wp-json\/wp\/v2\/media?parent=730433"}],"wp:term":[{"taxonomy":"product_brand","embeddable":true,"href":"https:\/\/roveyayinevi.com.tr\/index.php\/wp-json\/wp\/v2\/product_brand?post=730433"},{"taxonomy":"product_cat","embeddable":true,"href":"https:\/\/roveyayinevi.com.tr\/index.php\/wp-json\/wp\/v2\/product_cat?post=730433"},{"taxonomy":"product_tag","embeddable":true,"href":"https:\/\/roveyayinevi.com.tr\/index.php\/wp-json\/wp\/v2\/product_tag?post=730433"}],"curies":[{"name":"wp","href":"https:\/\/api.w.org\/{rel}","templated":true}]}}