{"id":730432,"date":"2025-08-27T21:14:35","date_gmt":"2025-08-27T18:14:35","guid":{"rendered":"https:\/\/roveyayinevi.com.tr\/index.php\/urun\/mine-ile-efenin-defteri\/"},"modified":"2026-04-16T02:38:29","modified_gmt":"2026-04-15T23:38:29","slug":"mine-ile-efenin-defteri","status":"publish","type":"product","link":"https:\/\/roveyayinevi.com.tr\/index.php\/urun\/mine-ile-efenin-defteri\/","title":{"rendered":"Mine \u0130le Efe\u2019nin Defteri"},"content":{"rendered":"<p>erhaba! Ben, Mine. Okumay\u0131 ve yazmay\u0131 \u00e7ok seviyorum, ileride yazar olmay\u0131 \u00e7ok istiyorum. Annem ve babam\u0131n g\u00fcnl\u00fck tuttu\u011funu g\u00f6r\u00fcnce akl\u0131ma harika bir fikir geldi. Kendime g\u00fczel bir defter ald\u0131m. Ya\u015fad\u0131\u011f\u0131m\u0131z maceralar\u0131 bu deftere yazaca\u011f\u0131m. Karde\u015fim Efe de heveslendi, o da defterime katk\u0131da bulunmak istedi. Ailemizin ba\u015f\u0131ndan ge\u00e7en e\u011flenceli olaylar\u0131, bizim kalemimizden okumak ister misin? <\/p>\n","protected":false},"excerpt":{"rendered":"<p>erhaba! Ben, Mine. Okumay\u0131 ve yazmay\u0131 \u00e7ok seviyorum, ileride yazar olmay\u0131 \u00e7ok istiyorum. Annem ve babam\u0131n g\u00fcnl\u00fck tuttu\u011funu g\u00f6r\u00fcnce akl\u0131ma harika bir fikir geldi. Kendime g\u00fczel<span class=\"excerpt-hellip\"> [\u2026]<\/span><\/p>\n","protected":false},"featured_media":0,"template":"","meta":{"_monsterinsights_skip_tracking":false,"_monsterinsights_sitenote_active":false,"_monsterinsights_sitenote_note":"","_monsterinsights_sitenote_category":0},"product_brand":[],"product_cat":[12913,12274],"product_tag":[],"class_list":{"0":"post-730432","1":"product","2":"type-product","3":"status-publish","5":"product_cat-3-6-yas-kitaplari","6":"product_cat-cocuk-ve-genclik-kitaplari","7":"pa_cilt-ciltsiz","8":"pa_tur-kitap","9":"pa_yayinevi-is-bankasi-kultur-yayinlari","10":"pa_yazar-adil-izci","12":"first","13":"instock","14":"sale","15":"shipping-taxable","16":"purchasable","17":"product-type-simple"},"_links":{"self":[{"href":"https:\/\/roveyayinevi.com.tr\/index.php\/wp-json\/wp\/v2\/product\/730432","targetHints":{"allow":["GET"]}}],"collection":[{"href":"https:\/\/roveyayinevi.com.tr\/index.php\/wp-json\/wp\/v2\/product"}],"about":[{"href":"https:\/\/roveyayinevi.com.tr\/index.php\/wp-json\/wp\/v2\/types\/product"}],"wp:attachment":[{"href":"https:\/\/roveyayinevi.com.tr\/index.php\/wp-json\/wp\/v2\/media?parent=730432"}],"wp:term":[{"taxonomy":"product_brand","embeddable":true,"href":"https:\/\/roveyayinevi.com.tr\/index.php\/wp-json\/wp\/v2\/product_brand?post=730432"},{"taxonomy":"product_cat","embeddable":true,"href":"https:\/\/roveyayinevi.com.tr\/index.php\/wp-json\/wp\/v2\/product_cat?post=730432"},{"taxonomy":"product_tag","embeddable":true,"href":"https:\/\/roveyayinevi.com.tr\/index.php\/wp-json\/wp\/v2\/product_tag?post=730432"}],"curies":[{"name":"wp","href":"https:\/\/api.w.org\/{rel}","templated":true}]}}