{"id":730431,"date":"2025-08-27T21:14:34","date_gmt":"2025-08-27T18:14:34","guid":{"rendered":"https:\/\/roveyayinevi.com.tr\/index.php\/urun\/bitkilerin-yasami-bir-karisim-metafizigi\/"},"modified":"2026-04-16T02:38:29","modified_gmt":"2026-04-15T23:38:29","slug":"bitkilerin-yasami-bir-karisim-metafizigi","status":"publish","type":"product","link":"https:\/\/roveyayinevi.com.tr\/index.php\/urun\/bitkilerin-yasami-bir-karisim-metafizigi\/","title":{"rendered":"Bitkilerin Ya\u015fam\u0131 \u2013 Bir Kar\u0131\u015f\u0131m  Metafizi\u011fi"},"content":{"rendered":"<p>Do\u011fa, salg\u0131nlarla ve t\u00fcrl\u00fc felaketlerle insan\u0131 ayr\u0131cal\u0131kl\u0131 konumunu sorgulamaya \u00e7a\u011f\u0131r\u0131rken d\u00fc\u015f\u00fcn\u00fcrler de insan\u0131 merkezden \u00e7\u0131karacak bak\u0131\u015f a\u00e7\u0131lar\u0131 ar\u0131yor. H\u0131zla bir\u00e7ok dile \u00e7evrilen, \u00f6d\u00fcle lay\u0131k g\u00f6r\u00fclen bu kitapta Emanuele Coccia d\u00fcnyay\u0131 anlamak i\u00e7in merkeze bitkileri koyuyor; yapraklar\u0131n, k\u00f6klerin ve \u00e7i\u00e7eklerin bak\u0131\u015f a\u00e7\u0131s\u0131na yerle\u015fiyor, onlar\u0131n anlatt\u0131klar\u0131n\u0131 dinliyor: Bildi\u011fimiz ve i\u00e7inde ya\u015fad\u0131\u011f\u0131m\u0131z haliyle d\u00fcnyay\u0131 onlar\u0131n yaratt\u0131\u011f\u0131n\u0131, hayal etmekte ve ak\u0131l y\u00fcr\u00fctmekte esas ustalar\u0131n onlar oldu\u011funu, gezegen \u00fczerindeki t\u00fcm ya\u015fam\u0131 bir g\u00fcne\u015f krall\u0131\u011f\u0131 haline getirdiklerini \u00f6\u011freniyoruz. Bitkilerin s\u00f6ylediklerini anlamak her \u015feyden \u00f6nce bir bak\u0131\u015f d\u00f6n\u00fc\u015f\u00fcm\u00fcn\u00fc gerektiriyor ve Bitkilerin Ya\u015fam\u0131 g\u00fcndelik ya\u015famdan, felsefeden ve bilimden yola \u00e7\u0131karak, \u015fiirsel diliyle bu d\u00f6n\u00fc\u015f\u00fcm i\u00e7in bize rehberlik ediyor. <\/p>\n","protected":false},"excerpt":{"rendered":"<p>Do\u011fa, salg\u0131nlarla ve t\u00fcrl\u00fc felaketlerle insan\u0131 ayr\u0131cal\u0131kl\u0131 konumunu sorgulamaya \u00e7a\u011f\u0131r\u0131rken d\u00fc\u015f\u00fcn\u00fcrler de insan\u0131 merkezden \u00e7\u0131karacak bak\u0131\u015f a\u00e7\u0131lar\u0131 ar\u0131yor. H\u0131zla bir\u00e7ok dile \u00e7evrilen, \u00f6d\u00fcle lay\u0131k g\u00f6r\u00fclen bu<span class=\"excerpt-hellip\"> [\u2026]<\/span><\/p>\n","protected":false},"featured_media":0,"template":"","meta":{"_monsterinsights_skip_tracking":false,"_monsterinsights_sitenote_active":false,"_monsterinsights_sitenote_note":"","_monsterinsights_sitenote_category":0},"product_brand":[],"product_cat":[13005,37328],"product_tag":[],"class_list":{"0":"post-730431","1":"product","2":"type-product","3":"status-publish","5":"product_cat-bilim-muhendislik","6":"product_cat-diger-bilim-muhendislik","7":"pa_cilt-ciltsiz","8":"pa_tur-kitap","9":"pa_yayinevi-is-bankasi-kultur-yayinlari","10":"pa_yazar-emanuele-coccia","12":"first","13":"instock","14":"sale","15":"shipping-taxable","16":"purchasable","17":"product-type-simple"},"_links":{"self":[{"href":"https:\/\/roveyayinevi.com.tr\/index.php\/wp-json\/wp\/v2\/product\/730431","targetHints":{"allow":["GET"]}}],"collection":[{"href":"https:\/\/roveyayinevi.com.tr\/index.php\/wp-json\/wp\/v2\/product"}],"about":[{"href":"https:\/\/roveyayinevi.com.tr\/index.php\/wp-json\/wp\/v2\/types\/product"}],"wp:attachment":[{"href":"https:\/\/roveyayinevi.com.tr\/index.php\/wp-json\/wp\/v2\/media?parent=730431"}],"wp:term":[{"taxonomy":"product_brand","embeddable":true,"href":"https:\/\/roveyayinevi.com.tr\/index.php\/wp-json\/wp\/v2\/product_brand?post=730431"},{"taxonomy":"product_cat","embeddable":true,"href":"https:\/\/roveyayinevi.com.tr\/index.php\/wp-json\/wp\/v2\/product_cat?post=730431"},{"taxonomy":"product_tag","embeddable":true,"href":"https:\/\/roveyayinevi.com.tr\/index.php\/wp-json\/wp\/v2\/product_tag?post=730431"}],"curies":[{"name":"wp","href":"https:\/\/api.w.org\/{rel}","templated":true}]}}