{"id":730429,"date":"2025-08-27T21:14:00","date_gmt":"2025-08-27T18:14:00","guid":{"rendered":"https:\/\/roveyayinevi.com.tr\/index.php\/urun\/bi-yere-kadar\/"},"modified":"2026-04-16T02:38:29","modified_gmt":"2026-04-15T23:38:29","slug":"bi-yere-kadar","status":"publish","type":"product","link":"https:\/\/roveyayinevi.com.tr\/index.php\/urun\/bi-yere-kadar\/","title":{"rendered":"Bi &#8216;Yere&#8217; Kadar"},"content":{"rendered":"<p>Kelimelere takla att\u0131ran \u015fair Toprak Hazar.  Azar azar ruhunuza duhul ederek iliklerinize kadar i\u015fleyen, bir konuyu tam anlad\u0131m derken ters k\u00f6\u015feye yat\u0131ran, keskin zeka \u00fcr\u00fcn\u00fc sat\u0131rlar. \u0130nsanl\u0131k tarihi boyunca Yaratan\u0131n, do\u011fan\u0131n y\u00fckledi\u011fi anlamlar\u0131 nas\u0131l deforme etti\u011fimizi her \u015fiirinde y\u00fcz\u00fcm\u00fcze vuruyor \u015fair. Toprak Hazar\u2019\u0131n folklorik dizelerinde ise sade, yal\u0131n ve y\u00f6resel s\u00f6zc\u00fcklerle o an\u0131n i\u00e7inde ya\u015fars\u0131n\u0131z \u015fairle beraber\u2026 Yazar\u0131n ilk kitab\u0131 \u201cTopraktan Gelenler\u201dden sonra ikinci kitab\u0131 olan &#8220;Bi &#8216;Yere&#8217; Kadar&#8221;\u0131 okuduk\u00e7a d\u00fc\u015f\u00fcnecek ve kendinizi vicdan mahkemenizin salonunda beklerken bulacaks\u0131n\u0131z.    \u0130lyas Torga\u00e7 Senirkent \u0130l\u00e7e Halk K\u00fct\u00fcphanesi M\u00fcd\u00fcr\u00fc     Her bir kelimesi \u00f6zenle se\u00e7ilmi\u015f ve derin anlamlar ifade eden m\u0131sralardan olu\u015fan bu kitapta Toprak Hazar bizlere bu hayatta her \u015feyin bir yere kadar oldu\u011funu, nereden gelip nereye gidece\u011fimizi hat\u0131rlat\u0131yor ve insan\u0131n geldi\u011fi yeri unutursa gidece\u011fi yeri de bilemeyece\u011fi d\u00fc\u015f\u00fcncesiyle duygular\u0131n\u0131 \u015fiirlere d\u00f6kerek kitapla\u015ft\u0131ran s\u00f6z\u00fcn ustas\u0131 Toprak Hazar kitab\u0131nda s\u00f6yleyeceklerini sondan bir \u00f6ncesine kadar s\u00f6ylemi\u015f. Yaz\u0131lar\u0131n\u0131, \u015fiirlerini merakla ve takdirle takip etti\u011fim Toprak Hazar bizi bir g\u00fcd\u00fcp g\u00f6zetenin oldu\u011funu ve sahipsiz olmad\u0131\u011f\u0131m\u0131z\u0131 bizlere sade bir dille \u201cBi \u2018Yere\u2019 Kadar\u201d adl\u0131 bu \u00e7al\u0131\u015fmas\u0131nda ifade ediyor.     \u015eaban \u0130liksiz E\u011fitimci Senirkent Y\u00fckseli\u015f Gazetesi sorumlu m\u00fcd\u00fcr\u00fc<\/p>\n","protected":false},"excerpt":{"rendered":"<p>Kelimelere takla att\u0131ran \u015fair Toprak Hazar. Azar azar ruhunuza duhul ederek iliklerinize kadar i\u015fleyen, bir konuyu tam anlad\u0131m derken ters k\u00f6\u015feye yat\u0131ran, keskin zeka \u00fcr\u00fcn\u00fc sat\u0131rlar.<span class=\"excerpt-hellip\"> [\u2026]<\/span><\/p>\n","protected":false},"featured_media":0,"template":"","meta":{"_monsterinsights_skip_tracking":false,"_monsterinsights_sitenote_active":false,"_monsterinsights_sitenote_note":"","_monsterinsights_sitenote_category":0},"product_brand":[],"product_cat":[12291,12509],"product_tag":[],"class_list":{"0":"post-730429","1":"product","2":"type-product","3":"status-publish","5":"product_cat-edebiyat","6":"product_cat-siir","7":"pa_cilt-ciltsiz","8":"pa_tur-kitap","9":"pa_yayinevi-gulnar-yayinlari","10":"pa_yazar-toprak-hazar","12":"first","13":"instock","14":"sale","15":"shipping-taxable","16":"purchasable","17":"product-type-simple"},"_links":{"self":[{"href":"https:\/\/roveyayinevi.com.tr\/index.php\/wp-json\/wp\/v2\/product\/730429","targetHints":{"allow":["GET"]}}],"collection":[{"href":"https:\/\/roveyayinevi.com.tr\/index.php\/wp-json\/wp\/v2\/product"}],"about":[{"href":"https:\/\/roveyayinevi.com.tr\/index.php\/wp-json\/wp\/v2\/types\/product"}],"wp:attachment":[{"href":"https:\/\/roveyayinevi.com.tr\/index.php\/wp-json\/wp\/v2\/media?parent=730429"}],"wp:term":[{"taxonomy":"product_brand","embeddable":true,"href":"https:\/\/roveyayinevi.com.tr\/index.php\/wp-json\/wp\/v2\/product_brand?post=730429"},{"taxonomy":"product_cat","embeddable":true,"href":"https:\/\/roveyayinevi.com.tr\/index.php\/wp-json\/wp\/v2\/product_cat?post=730429"},{"taxonomy":"product_tag","embeddable":true,"href":"https:\/\/roveyayinevi.com.tr\/index.php\/wp-json\/wp\/v2\/product_tag?post=730429"}],"curies":[{"name":"wp","href":"https:\/\/api.w.org\/{rel}","templated":true}]}}