{"id":730428,"date":"2025-08-27T21:13:59","date_gmt":"2025-08-27T18:13:59","guid":{"rendered":"https:\/\/roveyayinevi.com.tr\/index.php\/urun\/uc-hayat-ciltli\/"},"modified":"2026-04-16T02:38:29","modified_gmt":"2026-04-15T23:38:29","slug":"uc-hayat-ciltli","status":"publish","type":"product","link":"https:\/\/roveyayinevi.com.tr\/index.php\/urun\/uc-hayat-ciltli\/","title":{"rendered":"\u00dc\u00e7 Hayat (Ciltli)"},"content":{"rendered":"<p>Gertrude Stein, yay\u0131mlanan ilk eseri \u00dc\u00e7 Hayat\u2019ta, birbirinden farkl\u0131 ama bir o kadar da benzer hayatlar\u0131 olan Bridgepoint kasabas\u0131 sakini \u00fc\u00e7 kad\u0131n\u0131n hik\u00e2yesini anlat\u0131r. \u0130\u015f\u00e7i s\u0131n\u0131f\u0131ndan bu \u00fc\u00e7 kad\u0131n, toplumun onlar\u0131 mahk\u00fbm etti\u011fi rollerden s\u0131yr\u0131lamam\u0131\u015f ve kendi hayatlar\u0131n\u0131n kontrol\u00fcn\u00fc yitirmi\u015ftir. \u0130lk kez 1909 y\u0131l\u0131nda okurlarla bulu\u015fan \u00dc\u00e7 Hayat, modernist yazarlar taraf\u0131ndan \u00fcslup ve dilbilgisi kullan\u0131m\u0131 \u00fczerine yap\u0131lacak cesurca deneylerin ba\u015flang\u0131c\u0131d\u0131r. Zaman-mek\u00e2n bozulmalar\u0131 ve geleneksel do\u011frusall\u0131\u011f\u0131 bozan tekrarlar yazar\u0131n edebiyattaki yerle\u015fik kurallara kar\u015f\u0131 \u00e7\u0131k\u0131\u015f\u0131n\u0131 g\u00f6sterir. Empresyonistlerin ve post-empresyonistlerin sanat eserlerinde ifade ettiklerini d\u00fczyaz\u0131da uygulayan yazar, belli kelimeleri, c\u00fcmleleri, hatta bazen bir paragraf\u0131 tekrar eder; bildik imla ve noktalaman\u0131n d\u0131\u015f\u0131na \u00e7\u0131kar. \u201c\u0130yi Anna\u201ddaki do\u011frusal olmayan anlat\u0131 yap\u0131s\u0131, Paul C\u00e9zanne\u2019\u0131n eserlerinden al\u0131r ilham\u0131n\u0131. Stein\u2019\u0131n Pablo Picasso ile olan dostlu\u011fu, \u201cMelanctha\u201d hik\u00e2yesindeki s\u00f6zdizimsel tekrarlar\u0131n \u00f6n\u00fcn\u00fc a\u00e7ar. \u201cKibar Lena\u201d ise Henri Matisse esintileriyle bir kad\u0131n\u0131n psikolojik portresini ortaya koyar. <\/p>\n","protected":false},"excerpt":{"rendered":"<p>Gertrude Stein, yay\u0131mlanan ilk eseri \u00dc\u00e7 Hayat\u2019ta, birbirinden farkl\u0131 ama bir o kadar da benzer hayatlar\u0131 olan Bridgepoint kasabas\u0131 sakini \u00fc\u00e7 kad\u0131n\u0131n hik\u00e2yesini anlat\u0131r. \u0130\u015f\u00e7i s\u0131n\u0131f\u0131ndan<span class=\"excerpt-hellip\"> [\u2026]<\/span><\/p>\n","protected":false},"featured_media":0,"template":"","meta":{"_monsterinsights_skip_tracking":false,"_monsterinsights_sitenote_active":false,"_monsterinsights_sitenote_note":"","_monsterinsights_sitenote_category":0},"product_brand":[],"product_cat":[12291,26797],"product_tag":[],"class_list":{"0":"post-730428","1":"product","2":"type-product","3":"status-publish","5":"product_cat-edebiyat","6":"product_cat-modern-klasikler","7":"pa_cilt-ciltli","8":"pa_tur-kitap","9":"pa_yayinevi-is-bankasi-kultur-yayinlari","10":"pa_yazar-gertrude-stein","12":"first","13":"instock","14":"sale","15":"shipping-taxable","16":"purchasable","17":"product-type-simple"},"_links":{"self":[{"href":"https:\/\/roveyayinevi.com.tr\/index.php\/wp-json\/wp\/v2\/product\/730428","targetHints":{"allow":["GET"]}}],"collection":[{"href":"https:\/\/roveyayinevi.com.tr\/index.php\/wp-json\/wp\/v2\/product"}],"about":[{"href":"https:\/\/roveyayinevi.com.tr\/index.php\/wp-json\/wp\/v2\/types\/product"}],"wp:attachment":[{"href":"https:\/\/roveyayinevi.com.tr\/index.php\/wp-json\/wp\/v2\/media?parent=730428"}],"wp:term":[{"taxonomy":"product_brand","embeddable":true,"href":"https:\/\/roveyayinevi.com.tr\/index.php\/wp-json\/wp\/v2\/product_brand?post=730428"},{"taxonomy":"product_cat","embeddable":true,"href":"https:\/\/roveyayinevi.com.tr\/index.php\/wp-json\/wp\/v2\/product_cat?post=730428"},{"taxonomy":"product_tag","embeddable":true,"href":"https:\/\/roveyayinevi.com.tr\/index.php\/wp-json\/wp\/v2\/product_tag?post=730428"}],"curies":[{"name":"wp","href":"https:\/\/api.w.org\/{rel}","templated":true}]}}