{"id":730426,"date":"2025-08-27T21:13:57","date_gmt":"2025-08-27T18:13:57","guid":{"rendered":"https:\/\/roveyayinevi.com.tr\/index.php\/urun\/hicbir-yerde\/"},"modified":"2026-04-16T02:38:29","modified_gmt":"2026-04-15T23:38:29","slug":"hicbir-yerde","status":"publish","type":"product","link":"https:\/\/roveyayinevi.com.tr\/index.php\/urun\/hicbir-yerde\/","title":{"rendered":"Hi\u00e7bir Yerde"},"content":{"rendered":"<p>Christa Wolf 1979 tarihli bu roman\u0131nda, b\u00fcy\u00fck Alman yazar Heinrich von Kleist ile \u015fair Karoline von G\u00fcnderrode\u2019yi 1804\u2019te Winkel\u2019da bir toplant\u0131da bulu\u015fturur. Ya\u015fad\u0131klar\u0131 d\u00fcnyaya katlanamayan bu iki insan, bu hayali bulu\u015fmada aralar\u0131ndaki ruh akrabal\u0131\u011f\u0131n\u0131 ke\u015ffettikleri derin bir sohbete dalarlar. Wolf giderek rasyonelle\u015fen bir \u00e7evrede sanat\u00e7\u0131n\u0131n daralan etkinlik alan\u0131na odaklan\u0131r. D\u00fcnyan\u0131n ger\u00e7ekleri kar\u015f\u0131s\u0131nda \u015fiirden ve s\u0131n\u0131rs\u0131z hayal g\u00fcc\u00fcnden yana tav\u0131r al\u0131r. Roman\u0131n arka plan\u0131nda, Alman Demokratik Cumhuriyeti\u2019nde rejim muhalifi m\u00fczisyen Wolf Biermann\u2019\u0131n sistemi ele\u015ftirdi\u011fi i\u00e7in 1976\u2019da vatanda\u015fl\u0131ktan \u00e7\u0131kar\u0131lmas\u0131yla alevlenen sanat\u00e7\u0131n\u0131n rol\u00fcne dair tart\u0131\u015fman\u0131n izleri s\u00fcr\u00fclebilir. Yazar\u0131n i\u00e7 monologlar, dolayl\u0131 ve dolays\u0131z anlat\u0131mlar\u0131n yan\u0131 s\u0131ra Romantik d\u00f6neme \u00f6zg\u00fc ifadelerle \u00f6rd\u00fc\u011f\u00fc anlat\u0131s\u0131, karakterlerin k\u00e2h i\u00e7 \u00e2lemine k\u00e2h ya\u015fad\u0131klar\u0131 ortama odaklan\u0131r. Roman, Kleist ve G\u00fcnderrode\u2019nin duygusal a\u00e7\u0131dan gergin durumuna ili\u015fkin olduk\u00e7a sahici bir tablo ortaya koyar. Her ikisinin de bu kurgusal kar\u015f\u0131la\u015fmadan birka\u00e7 y\u0131l sonra, G\u00fcnderrode\u2019nin 1806\u2019da, Kleist\u2019\u0131n ise 1811\u2019de intihar etmi\u015f olmas\u0131, anlat\u0131daki gerilimi daha da art\u0131r\u0131r. <\/p>\n","protected":false},"excerpt":{"rendered":"<p>Christa Wolf 1979 tarihli bu roman\u0131nda, b\u00fcy\u00fck Alman yazar Heinrich von Kleist ile \u015fair Karoline von G\u00fcnderrode\u2019yi 1804\u2019te Winkel\u2019da bir toplant\u0131da bulu\u015fturur. Ya\u015fad\u0131klar\u0131 d\u00fcnyaya katlanamayan bu<span class=\"excerpt-hellip\"> [\u2026]<\/span><\/p>\n","protected":false},"featured_media":0,"template":"","meta":{"_monsterinsights_skip_tracking":false,"_monsterinsights_sitenote_active":false,"_monsterinsights_sitenote_note":"","_monsterinsights_sitenote_category":0},"product_brand":[],"product_cat":[12291,26797],"product_tag":[],"class_list":{"0":"post-730426","1":"product","2":"type-product","3":"status-publish","5":"product_cat-edebiyat","6":"product_cat-modern-klasikler","7":"pa_cilt-ciltsiz","8":"pa_tur-kitap","9":"pa_yayinevi-is-bankasi-kultur-yayinlari","10":"pa_yazar-christa-wolf","12":"first","13":"instock","14":"sale","15":"shipping-taxable","16":"purchasable","17":"product-type-simple"},"_links":{"self":[{"href":"https:\/\/roveyayinevi.com.tr\/index.php\/wp-json\/wp\/v2\/product\/730426","targetHints":{"allow":["GET"]}}],"collection":[{"href":"https:\/\/roveyayinevi.com.tr\/index.php\/wp-json\/wp\/v2\/product"}],"about":[{"href":"https:\/\/roveyayinevi.com.tr\/index.php\/wp-json\/wp\/v2\/types\/product"}],"wp:attachment":[{"href":"https:\/\/roveyayinevi.com.tr\/index.php\/wp-json\/wp\/v2\/media?parent=730426"}],"wp:term":[{"taxonomy":"product_brand","embeddable":true,"href":"https:\/\/roveyayinevi.com.tr\/index.php\/wp-json\/wp\/v2\/product_brand?post=730426"},{"taxonomy":"product_cat","embeddable":true,"href":"https:\/\/roveyayinevi.com.tr\/index.php\/wp-json\/wp\/v2\/product_cat?post=730426"},{"taxonomy":"product_tag","embeddable":true,"href":"https:\/\/roveyayinevi.com.tr\/index.php\/wp-json\/wp\/v2\/product_tag?post=730426"}],"curies":[{"name":"wp","href":"https:\/\/api.w.org\/{rel}","templated":true}]}}