{"id":730425,"date":"2025-08-27T21:13:56","date_gmt":"2025-08-27T18:13:56","guid":{"rendered":"https:\/\/roveyayinevi.com.tr\/index.php\/urun\/hayalin-gonlumde-renkli-bir-resim\/"},"modified":"2026-04-16T02:38:29","modified_gmt":"2026-04-15T23:38:29","slug":"hayalin-gonlumde-renkli-bir-resim","status":"publish","type":"product","link":"https:\/\/roveyayinevi.com.tr\/index.php\/urun\/hayalin-gonlumde-renkli-bir-resim\/","title":{"rendered":"Hayalin G\u00f6nl\u00fcmde Renkli Bir Resim"},"content":{"rendered":"<p>\u201cHangi g\u00fczeli g\u00f6nl\u00fcmden ge\u00e7irdiysem bak\u0131p g\u00f6rd\u00fcm ki hep kendi rahatlar\u0131na beni yontmaya \u00e7al\u0131\u015ft\u0131lar. Bana g\u00f6n\u00fcl g\u00f6z\u00fcyle bakmad\u0131lar. Fakirlerin kom\u015fu yan\u0131nda ge\u00e7mez ak\u00e7e kadar de\u011feri yoktur. Bir k\u0131s\u0131m fakirler de bayl\u0131lara ho\u015fgi\u015fi ge\u00e7mek i\u00e7in \u00f6nlerinde her g\u00fcn say\u0131s\u0131z defa takla at\u0131yorlar. Y\u00fcre\u011fin; da\u011f kadar y\u00fcce, g\u00f6nl\u00fcn okyanuslar gibi engin ve berrak, yayla suyu gibi bereketli olsa bile k\u0131ymeti harbiyesi yoktur. Cebinde paran, yaylaklarda s\u00fcr\u00fclerin ve kap\u0131nda binitin yoksa d\u00f6n\u00fcp y\u00fcz\u00fcne bakan\u0131n olmaz. Ha bu \u015fik\u00e2yet mi? Kendi nefsim i\u00e7in hay\u0131r. Bunlar\u0131m olsun istemiyorum. Bunun yan\u0131nda sen de biliyorsun ya kimseye boyun e\u011fmiyorum. Bu delilik benim yazg\u0131mda var. Zalimlerin kar\u015f\u0131s\u0131nda e\u011filmedi\u011fim i\u00e7in de beni kimse sevmez.\u201d \u201cB\u00f6yle deli\u015fmen ya\u015fant\u0131n sana ne kazand\u0131rd\u0131?\u201d \u201cKazan\u00e7-kay\u0131p derdinde de\u011filim. Yalakal\u0131k, ya\u011fc\u0131l\u0131k bilmem. Her \u015feyim harbidir.\u201d \u201cSav\u0131n\u0131 do\u011fruluyorum. \u0130nsana de\u011fer vermeyenin sevgi ve muhabbetine ihtiyac\u0131n m\u0131 var? Sana kar\u015f\u0131 yalandan sevgi g\u00f6sterenlerin aldatmas\u0131na g\u00fcvenme. Sen, gariplerin yan\u0131nda sevgili ol yeter. Muhannet kul bug\u00fcn bir par\u00e7a ekmek verir, yar\u0131n ba\u015f\u0131na kakar. Yi\u011fit y\u00fcreklisin, onlar\u0131n so\u011fuk \u015ferbetini i\u00e7mektense ci\u011ferin kebaba d\u00f6ns\u00fcn bence bundan iyidir.\u201d Nereye baksa yaln\u0131zl\u0131k ve h\u00fcz\u00fcn doluydu. S\u00f6ylenenler zihninde u\u011fuldarken y\u0131llar\u0131 kiminle payla\u015faca\u011f\u0131n\u0131 d\u00fc\u015f\u00fcnecek durumda de\u011fildi. \u0130\u00e7inden \u00e7\u0131kamad\u0131\u011f\u0131 olumsuzluklar\u0131 nereye g\u00f6nderece\u011fini \u015fa\u015f\u0131rm\u0131\u015f vaziyette kalabal\u0131\u011fa kar\u0131\u015ft\u0131. Tek ba\u015f\u0131nayd\u0131 bunca tela\u015fl\u0131 insanlar\u0131n i\u00e7inde; kimi var ki ona s\u0131\u011f\u0131ns\u0131n, onu kabullensin <\/p>\n","protected":false},"excerpt":{"rendered":"<p>\u201cHangi g\u00fczeli g\u00f6nl\u00fcmden ge\u00e7irdiysem bak\u0131p g\u00f6rd\u00fcm ki hep kendi rahatlar\u0131na beni yontmaya \u00e7al\u0131\u015ft\u0131lar. Bana g\u00f6n\u00fcl g\u00f6z\u00fcyle bakmad\u0131lar. Fakirlerin kom\u015fu yan\u0131nda ge\u00e7mez ak\u00e7e kadar de\u011feri yoktur. Bir<span class=\"excerpt-hellip\"> [\u2026]<\/span><\/p>\n","protected":false},"featured_media":0,"template":"","meta":{"_monsterinsights_skip_tracking":false,"_monsterinsights_sitenote_active":false,"_monsterinsights_sitenote_note":"","_monsterinsights_sitenote_category":0},"product_brand":[],"product_cat":[12291,12711],"product_tag":[],"class_list":{"0":"post-730425","1":"product","2":"type-product","3":"status-publish","5":"product_cat-edebiyat","6":"product_cat-roman-oyku","7":"pa_cilt-ciltsiz","8":"pa_tur-kitap","9":"pa_yayinevi-gulnar-yayinlari","10":"pa_yazar-burak-serdengecti","12":"first","13":"instock","14":"sale","15":"shipping-taxable","16":"purchasable","17":"product-type-simple"},"_links":{"self":[{"href":"https:\/\/roveyayinevi.com.tr\/index.php\/wp-json\/wp\/v2\/product\/730425","targetHints":{"allow":["GET"]}}],"collection":[{"href":"https:\/\/roveyayinevi.com.tr\/index.php\/wp-json\/wp\/v2\/product"}],"about":[{"href":"https:\/\/roveyayinevi.com.tr\/index.php\/wp-json\/wp\/v2\/types\/product"}],"wp:attachment":[{"href":"https:\/\/roveyayinevi.com.tr\/index.php\/wp-json\/wp\/v2\/media?parent=730425"}],"wp:term":[{"taxonomy":"product_brand","embeddable":true,"href":"https:\/\/roveyayinevi.com.tr\/index.php\/wp-json\/wp\/v2\/product_brand?post=730425"},{"taxonomy":"product_cat","embeddable":true,"href":"https:\/\/roveyayinevi.com.tr\/index.php\/wp-json\/wp\/v2\/product_cat?post=730425"},{"taxonomy":"product_tag","embeddable":true,"href":"https:\/\/roveyayinevi.com.tr\/index.php\/wp-json\/wp\/v2\/product_tag?post=730425"}],"curies":[{"name":"wp","href":"https:\/\/api.w.org\/{rel}","templated":true}]}}