{"id":730421,"date":"2025-08-27T21:13:52","date_gmt":"2025-08-27T18:13:52","guid":{"rendered":"https:\/\/roveyayinevi.com.tr\/index.php\/urun\/yetiskinler-icin-ergen-rehberi\/"},"modified":"2026-04-16T02:38:29","modified_gmt":"2026-04-15T23:38:29","slug":"yetiskinler-icin-ergen-rehberi","status":"publish","type":"product","link":"https:\/\/roveyayinevi.com.tr\/index.php\/urun\/yetiskinler-icin-ergen-rehberi\/","title":{"rendered":"Yeti\u015fkinler \u0130\u00e7in Ergen Rehberi"},"content":{"rendered":"<p>Ergen bir \u00e7ocu\u011funuz var ve zorlan\u0131yorsunuz. Hakl\u0131s\u0131n\u0131z, bazen ger\u00e7ekten \u00e7ekilmez oluyorlar \ud83d\ude42 Ama unutmay\u0131n, bu ili\u015fkide yeti\u015fkin olan sizsiniz. \u00c7ocu\u011funuzla ili\u015fkiniz, onun gelece\u011fi, ki\u015fili\u011fi ve ya\u015fam\u0131 i\u00e7in \u00e7abalarsan\u0131z fark yarataca\u011f\u0131n\u0131z\u0131 biliyorsunuz. Peki bunun i\u00e7in yeterince donan\u0131ml\u0131 m\u0131s\u0131n\u0131z? \u00c7ocu\u011funuzun kendi sorumluluklar\u0131n\u0131 almas\u0131, yeti\u015fkinli\u011fe giden yolda ba\u011f\u0131ms\u0131zl\u0131\u011fa kavu\u015fmas\u0131 i\u00e7in ne yapabilirsiniz? Teknolojiyle ili\u015fkisi, uyu\u015fturucu, seks, seksting, \u00f6l\u00fcm gibi zor konularda nas\u0131l konu\u015faca\u011f\u0131n\u0131z\u0131 biliyor musunuz? \u0130\u015fte bu kitapla, bir ergenin duygusal ve d\u00fc\u015f\u00fcnsel anlamda ya\u015fama en iyi \u015fekilde haz\u0131rlanmas\u0131 i\u00e7in neyi nas\u0131l yapman\u0131z gerekti\u011fini \u00f6\u011frenebilirsiniz. Ergen sorunlar\u0131nda uzmanla\u015fan ve k\u00fcresel \u00e7apta \u00fcn kazanan Josh Shipp, Yeti\u015fkinler \u0130\u00e7in Ergen Rehberi\u2019nde size \u0131\u015f\u0131k tutacak stratejileri ara\u015ft\u0131rma sonu\u00e7lar\u0131yla, \u00f6rnek durum ve diyaloglarla, ak\u0131c\u0131 ve kolay anla\u015f\u0131l\u0131r bir dille anlat\u0131yor. Ergenli\u011fin korkuyla beklenen bir \u00e7at\u0131\u015fma d\u00f6nemi olmad\u0131\u011f\u0131n\u0131, aksine t\u00fcrl\u00fc kazan\u0131mlarla bar\u0131\u015f i\u00e7inde ge\u00e7irilebilecek bir keyif d\u00f6nemi oldu\u011funu g\u00f6receksiniz. <\/p>\n","protected":false},"excerpt":{"rendered":"<p>Ergen bir \u00e7ocu\u011funuz var ve zorlan\u0131yorsunuz. Hakl\u0131s\u0131n\u0131z, bazen ger\u00e7ekten \u00e7ekilmez oluyorlar \ud83d\ude42 Ama unutmay\u0131n, bu ili\u015fkide yeti\u015fkin olan sizsiniz. \u00c7ocu\u011funuzla ili\u015fkiniz, onun gelece\u011fi, ki\u015fili\u011fi ve ya\u015fam\u0131<span class=\"excerpt-hellip\"> [\u2026]<\/span><\/p>\n","protected":false},"featured_media":0,"template":"","meta":{"_monsterinsights_skip_tracking":false,"_monsterinsights_sitenote_active":false,"_monsterinsights_sitenote_note":"","_monsterinsights_sitenote_category":0},"product_brand":[],"product_cat":[20502,12357],"product_tag":[],"class_list":{"0":"post-730421","1":"product","2":"type-product","3":"status-publish","5":"product_cat-basvuru-kitaplari-psikoloji","6":"product_cat-psikoloji","7":"pa_cilt-ciltsiz","8":"pa_tur-kitap","9":"pa_yayinevi-aganta","10":"pa_yazar-josh-shipp","12":"first","13":"instock","14":"sale","15":"shipping-taxable","16":"purchasable","17":"product-type-simple"},"_links":{"self":[{"href":"https:\/\/roveyayinevi.com.tr\/index.php\/wp-json\/wp\/v2\/product\/730421","targetHints":{"allow":["GET"]}}],"collection":[{"href":"https:\/\/roveyayinevi.com.tr\/index.php\/wp-json\/wp\/v2\/product"}],"about":[{"href":"https:\/\/roveyayinevi.com.tr\/index.php\/wp-json\/wp\/v2\/types\/product"}],"wp:attachment":[{"href":"https:\/\/roveyayinevi.com.tr\/index.php\/wp-json\/wp\/v2\/media?parent=730421"}],"wp:term":[{"taxonomy":"product_brand","embeddable":true,"href":"https:\/\/roveyayinevi.com.tr\/index.php\/wp-json\/wp\/v2\/product_brand?post=730421"},{"taxonomy":"product_cat","embeddable":true,"href":"https:\/\/roveyayinevi.com.tr\/index.php\/wp-json\/wp\/v2\/product_cat?post=730421"},{"taxonomy":"product_tag","embeddable":true,"href":"https:\/\/roveyayinevi.com.tr\/index.php\/wp-json\/wp\/v2\/product_tag?post=730421"}],"curies":[{"name":"wp","href":"https:\/\/api.w.org\/{rel}","templated":true}]}}