{"id":730419,"date":"2025-08-27T21:13:50","date_gmt":"2025-08-27T18:13:50","guid":{"rendered":"https:\/\/roveyayinevi.com.tr\/index.php\/urun\/bana-seni-seviyorum-deme-evlen-benimle\/"},"modified":"2026-04-16T02:38:29","modified_gmt":"2026-04-15T23:38:29","slug":"bana-seni-seviyorum-deme-evlen-benimle","status":"publish","type":"product","link":"https:\/\/roveyayinevi.com.tr\/index.php\/urun\/bana-seni-seviyorum-deme-evlen-benimle\/","title":{"rendered":"Bana Seni Seviyorum Deme Evlen Benimle"},"content":{"rendered":"<p>Tuzlu kahve ger\u00e7ek a\u015fk\u0131n s\u0131v\u0131 halidir&#8230;Hayatta bir\u00e7ok kez haks\u0131zl\u0131\u011fa u\u011frar\u0131z. Lakin \u00f6ld\u00fcrece\u011fini sand\u0131\u011f\u0131m\u0131z hi\u00e7bir ac\u0131da y\u0131lmay\u0131z&#8230;Herkesin bir hik\u00e2yesi vard\u0131.Kimi dile getirmedi ac\u0131yan yanlar\u0131n\u0131.Oturup k\u00e2\u011f\u0131da d\u00f6kt\u00fc ac\u0131lar\u0131n\u0131.Kimi yaln\u0131zca sustu, i\u00e7ine ata ata doldu ta\u015ft\u0131&#8230;Yine de tek kelime edemedi.Hayat kimine sevebilece\u011fi nice kalpler sundu, kimse sevemedi.Elbet benim de dile getiremedi\u011fim ac\u0131lar\u0131m var. Anlatmak istesem anlat\u0131lmaz&#8230;Zaten baz\u0131 ac\u0131lar dile getirilemez.Getirilmek istense de kelimeler yetmez&#8230;Dilinden, \u201cSeni seviyorum,\u201d s\u00f6z\u00fc eksik olmayan insanlarzaten sevemez. <\/p>\n","protected":false},"excerpt":{"rendered":"<p>Tuzlu kahve ger\u00e7ek a\u015fk\u0131n s\u0131v\u0131 halidir&#8230;Hayatta bir\u00e7ok kez haks\u0131zl\u0131\u011fa u\u011frar\u0131z. Lakin \u00f6ld\u00fcrece\u011fini sand\u0131\u011f\u0131m\u0131z hi\u00e7bir ac\u0131da y\u0131lmay\u0131z&#8230;Herkesin bir hik\u00e2yesi vard\u0131.Kimi dile getirmedi ac\u0131yan yanlar\u0131n\u0131.Oturup k\u00e2\u011f\u0131da d\u00f6kt\u00fc ac\u0131lar\u0131n\u0131.Kimi<span class=\"excerpt-hellip\"> [\u2026]<\/span><\/p>\n","protected":false},"featured_media":0,"template":"","meta":{"_monsterinsights_skip_tracking":false,"_monsterinsights_sitenote_active":false,"_monsterinsights_sitenote_note":"","_monsterinsights_sitenote_category":0},"product_brand":[],"product_cat":[12291,12711],"product_tag":[],"class_list":{"0":"post-730419","1":"product","2":"type-product","3":"status-publish","5":"product_cat-edebiyat","6":"product_cat-roman-oyku","7":"pa_cilt-ciltsiz","8":"pa_tur-kitap","9":"pa_yayinevi-indigo-kitap","10":"pa_yazar-mirac-cagri-aktas","12":"first","13":"instock","14":"sale","15":"shipping-taxable","16":"purchasable","17":"product-type-simple"},"_links":{"self":[{"href":"https:\/\/roveyayinevi.com.tr\/index.php\/wp-json\/wp\/v2\/product\/730419","targetHints":{"allow":["GET"]}}],"collection":[{"href":"https:\/\/roveyayinevi.com.tr\/index.php\/wp-json\/wp\/v2\/product"}],"about":[{"href":"https:\/\/roveyayinevi.com.tr\/index.php\/wp-json\/wp\/v2\/types\/product"}],"wp:attachment":[{"href":"https:\/\/roveyayinevi.com.tr\/index.php\/wp-json\/wp\/v2\/media?parent=730419"}],"wp:term":[{"taxonomy":"product_brand","embeddable":true,"href":"https:\/\/roveyayinevi.com.tr\/index.php\/wp-json\/wp\/v2\/product_brand?post=730419"},{"taxonomy":"product_cat","embeddable":true,"href":"https:\/\/roveyayinevi.com.tr\/index.php\/wp-json\/wp\/v2\/product_cat?post=730419"},{"taxonomy":"product_tag","embeddable":true,"href":"https:\/\/roveyayinevi.com.tr\/index.php\/wp-json\/wp\/v2\/product_tag?post=730419"}],"curies":[{"name":"wp","href":"https:\/\/api.w.org\/{rel}","templated":true}]}}