{"id":730418,"date":"2025-08-27T21:13:49","date_gmt":"2025-08-27T18:13:49","guid":{"rendered":"https:\/\/roveyayinevi.com.tr\/index.php\/urun\/kismet\/"},"modified":"2026-04-12T02:45:36","modified_gmt":"2026-04-11T23:45:36","slug":"kismet","status":"publish","type":"product","link":"https:\/\/roveyayinevi.com.tr\/index.php\/urun\/kismet\/","title":{"rendered":"K\u0131smet"},"content":{"rendered":"<p>Niyet etti\u011fin her konuda k\u0131smetini a\u00e7acak, e\u015fi benzeri olmayan, gelmi\u015f ge\u00e7mi\u015f en etkili uygulama ve form\u00fcller. B\u0130L\u0130N\u00c7ALTI * TILSIM * \u015e\u0130FRELER * TELK\u0130N SIRLAR * DUA * G\u0130ZEMLER * R\u0130T\u00dcEL  Bu kitap sadece sahibine aittir ve ona sahip olan ki\u015fi i\u00e7in g\u00fc\u00e7l\u00fc bir etkiyle \u00e7al\u0131\u015f\u0131r. Kitab\u0131 ald\u0131ktan ve uygulamaya ba\u015flad\u0131ktan k\u0131sa s\u00fcre sonra sahibinin enerjisine uyumlan\u0131r. Kitap, kendi esrarengiz enerjisini de sahibine ge\u00e7irir. Bu kitap, bir s\u0131rlar kitab\u0131d\u0131r ve gizemlerle doludur. KISMET, sahibinin dileklerini ger\u00e7ek yapmak i\u00e7in gerekli bir\u00e7ok s\u0131ra d\u0131\u015f\u0131 \u015fifre ve kodu i\u00e7erir. K\u0131smet, yolu bilir. Hi\u00e7 yolu yoksa bile, o bir yol a\u00e7ar. K\u0131smetine a\u00e7\u0131lan kap\u0131n\u0131n t\u00fcm gizemli \u015fifrelerini girerek, dileklerini ger\u00e7ek yapmaya ve yeni bir hayata \u015fimdi haz\u0131rs\u0131n. KISMET, SEN\u0130N YER\u0130N\u0130 B\u0130L\u0130YOR. <\/p>\n","protected":false},"excerpt":{"rendered":"<p>Niyet etti\u011fin her konuda k\u0131smetini a\u00e7acak, e\u015fi benzeri olmayan, gelmi\u015f ge\u00e7mi\u015f en etkili uygulama ve form\u00fcller. B\u0130L\u0130N\u00c7ALTI * TILSIM * \u015e\u0130FRELER * TELK\u0130N SIRLAR * DUA<span class=\"excerpt-hellip\"> [\u2026]<\/span><\/p>\n","protected":false},"featured_media":0,"template":"","meta":{"_monsterinsights_skip_tracking":false,"_monsterinsights_sitenote_active":false,"_monsterinsights_sitenote_note":"","_monsterinsights_sitenote_category":0},"product_brand":[],"product_cat":[12364,12376],"product_tag":[],"class_list":{"0":"post-730418","1":"product","2":"type-product","3":"status-publish","5":"product_cat-genel-konular","6":"product_cat-kisisel-gelisim","7":"pa_cilt-ciltsiz","8":"pa_tur-kitap","9":"pa_yayinevi-feniks-yayinlari","10":"pa_yazar-tugce-isinsu","12":"first","13":"instock","14":"sale","15":"shipping-taxable","16":"purchasable","17":"product-type-simple"},"_links":{"self":[{"href":"https:\/\/roveyayinevi.com.tr\/index.php\/wp-json\/wp\/v2\/product\/730418","targetHints":{"allow":["GET"]}}],"collection":[{"href":"https:\/\/roveyayinevi.com.tr\/index.php\/wp-json\/wp\/v2\/product"}],"about":[{"href":"https:\/\/roveyayinevi.com.tr\/index.php\/wp-json\/wp\/v2\/types\/product"}],"wp:attachment":[{"href":"https:\/\/roveyayinevi.com.tr\/index.php\/wp-json\/wp\/v2\/media?parent=730418"}],"wp:term":[{"taxonomy":"product_brand","embeddable":true,"href":"https:\/\/roveyayinevi.com.tr\/index.php\/wp-json\/wp\/v2\/product_brand?post=730418"},{"taxonomy":"product_cat","embeddable":true,"href":"https:\/\/roveyayinevi.com.tr\/index.php\/wp-json\/wp\/v2\/product_cat?post=730418"},{"taxonomy":"product_tag","embeddable":true,"href":"https:\/\/roveyayinevi.com.tr\/index.php\/wp-json\/wp\/v2\/product_tag?post=730418"}],"curies":[{"name":"wp","href":"https:\/\/api.w.org\/{rel}","templated":true}]}}