{"id":730417,"date":"2025-08-27T21:13:49","date_gmt":"2025-08-27T18:13:49","guid":{"rendered":"https:\/\/roveyayinevi.com.tr\/index.php\/urun\/yerel-yonetimlerde-kayyimlik\/"},"modified":"2026-04-16T02:38:29","modified_gmt":"2026-04-15T23:38:29","slug":"yerel-yonetimlerde-kayyimlik","status":"publish","type":"product","link":"https:\/\/roveyayinevi.com.tr\/index.php\/urun\/yerel-yonetimlerde-kayyimlik\/","title":{"rendered":"Yerel Y\u00f6netimlerde Kayy\u0131ml\u0131k"},"content":{"rendered":"<p>\u0130\u00e7indekiler Birinci B\u00f6l\u00fcm 1.Kavramsal \u00c7er\u00e7eve \u0130kinci B\u00f6l\u00fcm 2.Yerel Y\u00f6netim Modelleri \u00dc\u00e7\u00fcnc\u00fc B\u00f6l\u00fcm 3.Yerel Y\u00f6netimlerde Kayy\u0131m G\u00f6revlendirmelerine Giden S\u00fcre\u00e7 Ve Sonras\u0131 D\u00f6rd\u00fcnc\u00fc B\u00f6l\u00fcm 4.Kayy\u0131ml\u0131\u011fa \u0130li\u015fkin Alg\u0131 Ve Belediye Hizmetlerinde Vatanda\u015f Memnuniyetinin \u00d6l\u00e7\u00fclmesi Be\u015finci B\u00f6l\u00fcm 5.Sonu\u00e7 Ve \u00d6neriler <\/p>\n","protected":false},"excerpt":{"rendered":"<p>\u0130\u00e7indekiler Birinci B\u00f6l\u00fcm 1.Kavramsal \u00c7er\u00e7eve \u0130kinci B\u00f6l\u00fcm 2.Yerel Y\u00f6netim Modelleri \u00dc\u00e7\u00fcnc\u00fc B\u00f6l\u00fcm 3.Yerel Y\u00f6netimlerde Kayy\u0131m G\u00f6revlendirmelerine Giden S\u00fcre\u00e7 Ve Sonras\u0131 D\u00f6rd\u00fcnc\u00fc B\u00f6l\u00fcm 4.Kayy\u0131ml\u0131\u011fa \u0130li\u015fkin Alg\u0131 Ve<span class=\"excerpt-hellip\"> [\u2026]<\/span><\/p>\n","protected":false},"featured_media":0,"template":"","meta":{"_monsterinsights_skip_tracking":false,"_monsterinsights_sitenote_active":false,"_monsterinsights_sitenote_note":"","_monsterinsights_sitenote_category":0},"product_brand":[],"product_cat":[15351,15350],"product_tag":[],"class_list":{"0":"post-730417","1":"product","2":"type-product","3":"status-publish","5":"product_cat-ders-kitaplari","6":"product_cat-hukuk","7":"pa_cilt-ciltsiz","8":"pa_tur-kitap","9":"pa_yayinevi-gazi-kitabevi","10":"pa_yazar-haci-arslan-uzan","12":"first","13":"instock","14":"sale","15":"shipping-taxable","16":"purchasable","17":"product-type-simple"},"_links":{"self":[{"href":"https:\/\/roveyayinevi.com.tr\/index.php\/wp-json\/wp\/v2\/product\/730417","targetHints":{"allow":["GET"]}}],"collection":[{"href":"https:\/\/roveyayinevi.com.tr\/index.php\/wp-json\/wp\/v2\/product"}],"about":[{"href":"https:\/\/roveyayinevi.com.tr\/index.php\/wp-json\/wp\/v2\/types\/product"}],"wp:attachment":[{"href":"https:\/\/roveyayinevi.com.tr\/index.php\/wp-json\/wp\/v2\/media?parent=730417"}],"wp:term":[{"taxonomy":"product_brand","embeddable":true,"href":"https:\/\/roveyayinevi.com.tr\/index.php\/wp-json\/wp\/v2\/product_brand?post=730417"},{"taxonomy":"product_cat","embeddable":true,"href":"https:\/\/roveyayinevi.com.tr\/index.php\/wp-json\/wp\/v2\/product_cat?post=730417"},{"taxonomy":"product_tag","embeddable":true,"href":"https:\/\/roveyayinevi.com.tr\/index.php\/wp-json\/wp\/v2\/product_tag?post=730417"}],"curies":[{"name":"wp","href":"https:\/\/api.w.org\/{rel}","templated":true}]}}