{"id":730416,"date":"2025-08-27T21:13:48","date_gmt":"2025-08-27T18:13:48","guid":{"rendered":"https:\/\/roveyayinevi.com.tr\/index.php\/urun\/turk-bankacilik-sektorunde-katilim-bankalarinin-finansal-performans-analizi\/"},"modified":"2026-04-16T02:38:29","modified_gmt":"2026-04-15T23:38:29","slug":"turk-bankacilik-sektorunde-katilim-bankalarinin-finansal-performans-analizi","status":"publish","type":"product","link":"https:\/\/roveyayinevi.com.tr\/index.php\/urun\/turk-bankacilik-sektorunde-katilim-bankalarinin-finansal-performans-analizi\/","title":{"rendered":"T\u00fcrk Bankac\u0131l\u0131k Sekt\u00f6r\u00fcnde Kat\u0131l\u0131m Bankalar\u0131n\u0131n Finansal Performans Analizi"},"content":{"rendered":"<p>\u0130\u00e7indekiler B\u0130R\u0130NC\u0130 B\u00d6L\u00dcM 1.Bankac\u0131l\u0131k Kavram\u0131 Ve Tarih\u00e7esi \u0130K\u0130NC\u0130 B\u00d6L\u00dcM 2.Kat\u0131l\u0131m Bankac\u0131l\u0131\u011f\u0131n\u0131n Geli\u015fimi \u00dc\u00c7\u00dcNC\u00dc B\u00d6L\u00dcM 3.Kat\u0131l\u0131m Bankac\u0131l\u0131\u011f\u0131 Sisteminin \u0130\u015fleyi\u015fi D\u00d6RD\u00dcNC\u00dc B\u00d6L\u00dcM 4.Metodoloji BE\u015e\u0130NC\u0130 B\u00d6L\u00dcM 5.T\u00fcrk Bankac\u0131l\u0131k Sekt\u00f6r\u00fcnde Kat\u0131l\u0131m Bankalar\u0131n\u0131n Finansal Performans Analizi: Entropi, Vikor Ve Topsis Y\u00f6ntemleriylr Bir Uygulama <\/p>\n","protected":false},"excerpt":{"rendered":"<p>\u0130\u00e7indekiler B\u0130R\u0130NC\u0130 B\u00d6L\u00dcM 1.Bankac\u0131l\u0131k Kavram\u0131 Ve Tarih\u00e7esi \u0130K\u0130NC\u0130 B\u00d6L\u00dcM 2.Kat\u0131l\u0131m Bankac\u0131l\u0131\u011f\u0131n\u0131n Geli\u015fimi \u00dc\u00c7\u00dcNC\u00dc B\u00d6L\u00dcM 3.Kat\u0131l\u0131m Bankac\u0131l\u0131\u011f\u0131 Sisteminin \u0130\u015fleyi\u015fi D\u00d6RD\u00dcNC\u00dc B\u00d6L\u00dcM 4.Metodoloji BE\u015e\u0130NC\u0130 B\u00d6L\u00dcM 5.T\u00fcrk Bankac\u0131l\u0131k Sekt\u00f6r\u00fcnde<span class=\"excerpt-hellip\"> [\u2026]<\/span><\/p>\n","protected":false},"featured_media":0,"template":"","meta":{"_monsterinsights_skip_tracking":false,"_monsterinsights_sitenote_active":false,"_monsterinsights_sitenote_note":"","_monsterinsights_sitenote_category":0},"product_brand":[],"product_cat":[17249,13043],"product_tag":[],"class_list":{"0":"post-730416","1":"product","2":"type-product","3":"status-publish","5":"product_cat-borsa-finans","6":"product_cat-ekonomi","7":"pa_cilt-ciltsiz","8":"pa_tur-kitap","9":"pa_yayinevi-gazi-kitabevi","10":"pa_yazar-hasan-ayaydin-fatma-bostan-yucenursen","12":"first","13":"instock","14":"sale","15":"shipping-taxable","16":"purchasable","17":"product-type-simple"},"_links":{"self":[{"href":"https:\/\/roveyayinevi.com.tr\/index.php\/wp-json\/wp\/v2\/product\/730416","targetHints":{"allow":["GET"]}}],"collection":[{"href":"https:\/\/roveyayinevi.com.tr\/index.php\/wp-json\/wp\/v2\/product"}],"about":[{"href":"https:\/\/roveyayinevi.com.tr\/index.php\/wp-json\/wp\/v2\/types\/product"}],"wp:attachment":[{"href":"https:\/\/roveyayinevi.com.tr\/index.php\/wp-json\/wp\/v2\/media?parent=730416"}],"wp:term":[{"taxonomy":"product_brand","embeddable":true,"href":"https:\/\/roveyayinevi.com.tr\/index.php\/wp-json\/wp\/v2\/product_brand?post=730416"},{"taxonomy":"product_cat","embeddable":true,"href":"https:\/\/roveyayinevi.com.tr\/index.php\/wp-json\/wp\/v2\/product_cat?post=730416"},{"taxonomy":"product_tag","embeddable":true,"href":"https:\/\/roveyayinevi.com.tr\/index.php\/wp-json\/wp\/v2\/product_tag?post=730416"}],"curies":[{"name":"wp","href":"https:\/\/api.w.org\/{rel}","templated":true}]}}