{"id":730415,"date":"2025-08-27T21:13:47","date_gmt":"2025-08-27T18:13:47","guid":{"rendered":"https:\/\/roveyayinevi.com.tr\/index.php\/urun\/sermaye-yapisi-ve-sermaye-yapisi-teorileri\/"},"modified":"2026-04-16T02:38:29","modified_gmt":"2026-04-15T23:38:29","slug":"sermaye-yapisi-ve-sermaye-yapisi-teorileri","status":"publish","type":"product","link":"https:\/\/roveyayinevi.com.tr\/index.php\/urun\/sermaye-yapisi-ve-sermaye-yapisi-teorileri\/","title":{"rendered":"Sermaye Yap\u0131s\u0131 ve Sermaye Yap\u0131s\u0131 Teorileri"},"content":{"rendered":"<p>\u0130\u00e7indekiler &#8220;Sermaye Yap\u0131s\u0131 ve Sermaye Yap\u0131s\u0131 Teorileri\u201d kitab\u0131nda, sermaye bile\u015fenleri, maliyeti ve en uygun sermaye yap\u0131s\u0131 hesaplama y\u00f6ntemleri incelendikten sonra g\u00fcn\u00fcm\u00fcze kadarki sermaye yap\u0131s\u0131 teorileri topluca anlat\u0131lmaktad\u0131r. Daha sonra ise sermaye yap\u0131s\u0131n\u0131 etkileyen fakt\u00f6rler ile ilgili olarak, ampirik \u00e7al\u0131\u015fma yapmak isteyen ara\u015ft\u0131rmac\u0131lar i\u00e7in kald\u0131ra\u00e7 oranlar\u0131 ve sermaye yap\u0131s\u0131n\u0131 etkileyen fakt\u00f6rler literat\u00fcr \u00f6rnekleri ile beraber sunulmaktad\u0131r. Bu a\u00e7\u0131dan kitab\u0131n, finansal okuryazarl\u0131\u011fa ve finansman konusunda \u00e7al\u0131\u015fanlara, \u015firket y\u00f6neticilerine, akademisyenlere ve \u00f6\u011frencilere katk\u0131 sa\u011flayaca\u011f\u0131 d\u00fc\u015f\u00fcn\u00fclmektedir. Birinci B\u00f6l\u00fcm \u2013 Sermaye Yap\u0131s\u0131 Ve Maliyeti \u0130kinci B\u00f6l\u00fcm \u2013 Sermaye Yap\u0131s\u0131 Teorileri \u00dc\u00e7\u00fcnc\u00fc B\u00f6l\u00fcm \u2013 Sermaye Yap\u0131s\u0131 Analizinde Kald\u0131ra\u00e7 Oranlar\u0131 D\u00f6rd\u00fcnc\u00fc B\u00f6l\u00fcm \u2013 Sermaye Yap\u0131s\u0131n\u0131 Etkileyen Fakt\u00f6rler <\/p>\n","protected":false},"excerpt":{"rendered":"<p>\u0130\u00e7indekiler &#8220;Sermaye Yap\u0131s\u0131 ve Sermaye Yap\u0131s\u0131 Teorileri\u201d kitab\u0131nda, sermaye bile\u015fenleri, maliyeti ve en uygun sermaye yap\u0131s\u0131 hesaplama y\u00f6ntemleri incelendikten sonra g\u00fcn\u00fcm\u00fcze kadarki sermaye yap\u0131s\u0131 teorileri topluca<span class=\"excerpt-hellip\"> [\u2026]<\/span><\/p>\n","protected":false},"featured_media":0,"template":"","meta":{"_monsterinsights_skip_tracking":false,"_monsterinsights_sitenote_active":false,"_monsterinsights_sitenote_note":"","_monsterinsights_sitenote_category":0},"product_brand":[],"product_cat":[17249,13043],"product_tag":[],"class_list":{"0":"post-730415","1":"product","2":"type-product","3":"status-publish","5":"product_cat-borsa-finans","6":"product_cat-ekonomi","7":"pa_cilt-ciltsiz","8":"pa_tur-kitap","9":"pa_yayinevi-gazi-kitabevi","10":"pa_yazar-fatih-boz","12":"first","13":"instock","14":"sale","15":"shipping-taxable","16":"purchasable","17":"product-type-simple"},"_links":{"self":[{"href":"https:\/\/roveyayinevi.com.tr\/index.php\/wp-json\/wp\/v2\/product\/730415","targetHints":{"allow":["GET"]}}],"collection":[{"href":"https:\/\/roveyayinevi.com.tr\/index.php\/wp-json\/wp\/v2\/product"}],"about":[{"href":"https:\/\/roveyayinevi.com.tr\/index.php\/wp-json\/wp\/v2\/types\/product"}],"wp:attachment":[{"href":"https:\/\/roveyayinevi.com.tr\/index.php\/wp-json\/wp\/v2\/media?parent=730415"}],"wp:term":[{"taxonomy":"product_brand","embeddable":true,"href":"https:\/\/roveyayinevi.com.tr\/index.php\/wp-json\/wp\/v2\/product_brand?post=730415"},{"taxonomy":"product_cat","embeddable":true,"href":"https:\/\/roveyayinevi.com.tr\/index.php\/wp-json\/wp\/v2\/product_cat?post=730415"},{"taxonomy":"product_tag","embeddable":true,"href":"https:\/\/roveyayinevi.com.tr\/index.php\/wp-json\/wp\/v2\/product_tag?post=730415"}],"curies":[{"name":"wp","href":"https:\/\/api.w.org\/{rel}","templated":true}]}}