{"id":730411,"date":"2025-08-27T21:13:44","date_gmt":"2025-08-27T18:13:44","guid":{"rendered":"https:\/\/roveyayinevi.com.tr\/index.php\/urun\/agir-agir-yuruyorum\/"},"modified":"2026-04-16T02:38:29","modified_gmt":"2026-04-15T23:38:29","slug":"agir-agir-yuruyorum","status":"publish","type":"product","link":"https:\/\/roveyayinevi.com.tr\/index.php\/urun\/agir-agir-yuruyorum\/","title":{"rendered":"A\u011f\u0131r A\u011f\u0131r Y\u00fcr\u00fcyorum"},"content":{"rendered":"<p>34 y\u0131ll\u0131k \u015fairlik ya\u015fam\u0131ma, 3000&#8217;den fazla \u015fiir ve be\u015f kitap s\u0131\u011fd\u0131rd\u0131m. \u201cS\u00d6YLEYENE DE\u011e\u0130L S\u00d6YLETENE BAK\u201d Temel hedef: \u0130nsan\u0131n ya\u015fama hakk\u0131na sayg\u0131, \u00f6zg\u00fcrl\u00fck, adalet ve \u00fcretim g\u00fcc\u00fcne sayg\u0131d\u0131r.   Anam\u0131z, e\u015fimiz, k\u0131z\u0131m\u0131z, k\u0131z karde\u015fimiz, hangisi de\u011fersiz hangisi k\u0131ymetsiz? Bir erke\u011fin hayat\u0131ndaki d\u00f6rt bayan, d\u00f6rt elmas, d\u00f6rt \u00e7i\u00e7ekZor mudur kolay m\u0131d\u0131r bilmem, \u00e7izgiden ta\u015fmadan, hak yoldan \u015fa\u015fmadan T\u00fcrkiye denen bu g\u00fczel vatanda Allah\u2019a kulluk, arkada\u015fa mertlik, namerde sertlik, akrabaya dostluk yapmak, namerdin hilesini sezmek, do\u011fruyu hayk\u0131rd\u0131\u011f\u0131n sokaklarda endi\u015fe duymadan gezmek&#8230; Bunun yorumunu siz okuyucular\u0131m\u0131z\u0131n takdirlerine b\u0131rak\u0131yorum.   Bu kitab\u0131n kusurlar\u0131 benim ve g\u00fczellikleri Allah\u2019\u0131n ikram\u0131d\u0131r. \u0130\u015fsizli\u011fin, asgari \u00fccretle ay sonunu getirmenin, dost kaz\u0131\u011f\u0131n\u0131n, yalanc\u0131 akraban\u0131n, nank\u00f6rl\u00fc\u011f\u00fcn, aranan insan olman\u0131n, hak etti\u011fini alamaman\u0131n, do\u011fru s\u00f6yleyince dokuz k\u00f6yden kovulman\u0131n ne demek oldu\u011funu, kitaplardan de\u011fil ya\u015fayarak hayat denen \u00fcniversitede y\u00fcksek ihtisas\u0131n\u0131 tamamlam\u0131\u015f bir \u015fair ve yazar olarak bu kitab\u0131 kaleme alman\u0131n hakl\u0131 gururunu ya\u015f\u0131yorum.   \u201cYar\u0131nlar bu g\u00fcnlerden daha g\u00fczel ola!\u201d duas\u0131 ve \u00fcmidiyle siz de\u011ferli okurlar\u0131m\u0131za sayg\u0131, sevgi ve selamlar sunuyorum. <\/p>\n","protected":false},"excerpt":{"rendered":"<p>34 y\u0131ll\u0131k \u015fairlik ya\u015fam\u0131ma, 3000&#8217;den fazla \u015fiir ve be\u015f kitap s\u0131\u011fd\u0131rd\u0131m. \u201cS\u00d6YLEYENE DE\u011e\u0130L S\u00d6YLETENE BAK\u201d Temel hedef: \u0130nsan\u0131n ya\u015fama hakk\u0131na sayg\u0131, \u00f6zg\u00fcrl\u00fck, adalet ve \u00fcretim g\u00fcc\u00fcne<span class=\"excerpt-hellip\"> [\u2026]<\/span><\/p>\n","protected":false},"featured_media":0,"template":"","meta":{"_monsterinsights_skip_tracking":false,"_monsterinsights_sitenote_active":false,"_monsterinsights_sitenote_note":"","_monsterinsights_sitenote_category":0},"product_brand":[],"product_cat":[12291,12509],"product_tag":[],"class_list":{"0":"post-730411","1":"product","2":"type-product","3":"status-publish","5":"product_cat-edebiyat","6":"product_cat-siir","7":"pa_cilt-ciltsiz","8":"pa_tur-kitap","9":"pa_yayinevi-sucek-medya-yayinlari","10":"pa_yazar-ercan-gunduz","12":"first","13":"instock","14":"sale","15":"shipping-taxable","16":"purchasable","17":"product-type-simple"},"_links":{"self":[{"href":"https:\/\/roveyayinevi.com.tr\/index.php\/wp-json\/wp\/v2\/product\/730411","targetHints":{"allow":["GET"]}}],"collection":[{"href":"https:\/\/roveyayinevi.com.tr\/index.php\/wp-json\/wp\/v2\/product"}],"about":[{"href":"https:\/\/roveyayinevi.com.tr\/index.php\/wp-json\/wp\/v2\/types\/product"}],"wp:attachment":[{"href":"https:\/\/roveyayinevi.com.tr\/index.php\/wp-json\/wp\/v2\/media?parent=730411"}],"wp:term":[{"taxonomy":"product_brand","embeddable":true,"href":"https:\/\/roveyayinevi.com.tr\/index.php\/wp-json\/wp\/v2\/product_brand?post=730411"},{"taxonomy":"product_cat","embeddable":true,"href":"https:\/\/roveyayinevi.com.tr\/index.php\/wp-json\/wp\/v2\/product_cat?post=730411"},{"taxonomy":"product_tag","embeddable":true,"href":"https:\/\/roveyayinevi.com.tr\/index.php\/wp-json\/wp\/v2\/product_tag?post=730411"}],"curies":[{"name":"wp","href":"https:\/\/api.w.org\/{rel}","templated":true}]}}