{"id":730409,"date":"2025-08-27T21:13:43","date_gmt":"2025-08-27T18:13:43","guid":{"rendered":"https:\/\/roveyayinevi.com.tr\/index.php\/urun\/sahbaba\/"},"modified":"2026-04-16T02:38:29","modified_gmt":"2026-04-15T23:38:29","slug":"sahbaba","status":"publish","type":"product","link":"https:\/\/roveyayinevi.com.tr\/index.php\/urun\/sahbaba\/","title":{"rendered":"\u015eahbaba"},"content":{"rendered":"<p>Vatan Haini Miydi?\u201c&#8230;Facialara kalkan olamad\u0131m ise de, siper-i s\u00e2ika (paratoner) vazifesi g\u00f6rd\u00fcm&#8230; B\u00fct\u00fcn musibetleri \u00fczerime \u00e7ektim. Kendimi feda ederek vatan\u0131 kurtarmaya \u00e7al\u0131\u015ft\u0131m. Dinine, devletine, vatan\u0131na ve milletine h\u0131yanet edenlerin az\u00eez Allah\u2019\u0131n kahreden kudretli g\u00fcc\u00fcne hedef olmas\u0131 i\u00e7in yakar\u0131yorum&#8230;\u201dMemleketini Ni\u00e7in Terketti?\u201cHer taraf\u0131 istil\u00e2 eden ink\u0131l\u00e2b ve ihtiras i\u00e7 inde kar\u015f\u0131 koyma yahut ba\u015fe\u011fme imk\u00e2n\u0131n\u0131 bulamad\u0131m. Kamuoyunda s\u00fck\u00fbn ve durumda a\u00e7\u0131kl\u0131k belirinceye kadar \u0130stanbul\u2019dan ge\u00e7ici olarak ayr\u0131lmaya karar verdim&#8230;\u201dGidi\u015fi \u2018Ka\u00e7\u0131\u015f\u2019 M\u0131yd\u0131?\u201c&#8230;Vek\u00eeli oldu\u011fum \u015f\u00e2n\u0131 y\u00fcce peygamberin yapt\u0131\u011f\u0131n\u0131 yapt\u0131m, hicret ettim&#8230;\u201dVe Ger\u00e7ekler:\u201c&#8230;Elbet birg\u00fcn hak kuvvete \u00fcst\u00fcn gelecek ve nec\u00eeb milletimiz hakikatleri \u00f6\u011frenecektir&#8230;\u201dTorunlar\u0131, Sultan Vahideddin\u2019e \u015eahbaba derlerdi&#8230;\u015eahbaba, yukar\u0131daki sat\u0131rlar\u0131, \u00f6l\u00fcm\u00fcnden sadece birka\u00e7 g\u00fcn \u00f6nce yazm\u0131\u015ft\u0131&#8230;Son padi\u015fah\u0131n tarihteki rol\u00fc y\u0131llarca tart\u0131\u015f\u0131ld\u0131 ama, o hi\u00e7 kat\u0131lmad\u0131 bu tart\u0131\u015fmaya&#8230; \u015eimdi, \u00f6l\u00fcm\u00fcn\u00fcn \u00fczerinden ge\u00e7en 70 k\u00fcsur y\u0131l boyunca ailesinin titizlikle saklad\u0131\u011f\u0131 \u00f6zel ar\u015fivi ilk kez bu kitapla g\u00fcn\u0131\u015f\u0131\u011f\u0131na \u00e7\u0131k\u0131yor ve Sultan Vahideddin, hakk\u0131ndaki tart\u0131\u015fmalara belgeleriyle, mektuplar\u0131yla, yar\u0131m b\u0131rakt\u0131\u011f\u0131 an\u0131lar\u0131yla, yani kendi kalemiyle kat\u0131l\u0131yor&#8230;Murat Bardak\u00e7\u0131\u2019n\u0131n titiz bir ara\u015ft\u0131rmayla toplad\u0131\u011f\u0131 ve bug\u00fcne kadar hi\u00e7bir yerde yay\u0131nlanmam\u0131\u015f belgelere dayanarak kaleme ald\u0131\u011f\u0131 \u015eahbaba sadece Sultan Vahideddin\u2019in de\u011fil ailesinin ve yak\u0131n \u00e7evresinin de hikayesi&#8230; H\u00fck\u00fcmdar\u0131n k\u0131z\u0131 Sabiha Sultan\u2019\u0131n ifadesiyle, \u201cMasal\u0131 and\u0131ran bir hayat ya\u015fay\u0131p ba\u015fd\u00f6nd\u00fcr\u00fcc\u00fc ini\u015f-\u00e7\u0131k\u0131\u015flar ve ta\u015fk\u0131n f\u0131rt\u0131nalar atlatt\u0131ktan sonra pek de kolay olmayan bir \u015fekilde ayakta kalabilen insanlar\u0131n\u201d \u00f6yk\u00fcs\u00fc&#8230;<\/p>\n","protected":false},"excerpt":{"rendered":"<p>Vatan Haini Miydi?\u201c&#8230;Facialara kalkan olamad\u0131m ise de, siper-i s\u00e2ika (paratoner) vazifesi g\u00f6rd\u00fcm&#8230; B\u00fct\u00fcn musibetleri \u00fczerime \u00e7ektim. Kendimi feda ederek vatan\u0131 kurtarmaya \u00e7al\u0131\u015ft\u0131m. Dinine, devletine, vatan\u0131na ve<span class=\"excerpt-hellip\"> [\u2026]<\/span><\/p>\n","protected":false},"featured_media":0,"template":"","meta":{"_monsterinsights_skip_tracking":false,"_monsterinsights_sitenote_active":false,"_monsterinsights_sitenote_note":"","_monsterinsights_sitenote_category":0},"product_brand":[],"product_cat":[13517,12304],"product_tag":[],"class_list":{"0":"post-730409","1":"product","2":"type-product","3":"status-publish","5":"product_cat-osmanli-tarihi","6":"product_cat-tarih","7":"pa_cilt-ciltsiz","8":"pa_tur-kitap","9":"pa_yayinevi-turkuvaz-kitap","10":"pa_yazar-murat-bardakci","12":"first","13":"instock","14":"sale","15":"shipping-taxable","16":"purchasable","17":"product-type-simple"},"_links":{"self":[{"href":"https:\/\/roveyayinevi.com.tr\/index.php\/wp-json\/wp\/v2\/product\/730409","targetHints":{"allow":["GET"]}}],"collection":[{"href":"https:\/\/roveyayinevi.com.tr\/index.php\/wp-json\/wp\/v2\/product"}],"about":[{"href":"https:\/\/roveyayinevi.com.tr\/index.php\/wp-json\/wp\/v2\/types\/product"}],"wp:attachment":[{"href":"https:\/\/roveyayinevi.com.tr\/index.php\/wp-json\/wp\/v2\/media?parent=730409"}],"wp:term":[{"taxonomy":"product_brand","embeddable":true,"href":"https:\/\/roveyayinevi.com.tr\/index.php\/wp-json\/wp\/v2\/product_brand?post=730409"},{"taxonomy":"product_cat","embeddable":true,"href":"https:\/\/roveyayinevi.com.tr\/index.php\/wp-json\/wp\/v2\/product_cat?post=730409"},{"taxonomy":"product_tag","embeddable":true,"href":"https:\/\/roveyayinevi.com.tr\/index.php\/wp-json\/wp\/v2\/product_tag?post=730409"}],"curies":[{"name":"wp","href":"https:\/\/api.w.org\/{rel}","templated":true}]}}