{"id":730402,"date":"2025-08-27T21:13:37","date_gmt":"2025-08-27T18:13:37","guid":{"rendered":"https:\/\/roveyayinevi.com.tr\/index.php\/urun\/gulumseten-hikayeler\/"},"modified":"2026-04-16T02:38:29","modified_gmt":"2026-04-15T23:38:29","slug":"gulumseten-hikayeler","status":"publish","type":"product","link":"https:\/\/roveyayinevi.com.tr\/index.php\/urun\/gulumseten-hikayeler\/","title":{"rendered":"G\u00fcl\u00fcmseten Hikayeler"},"content":{"rendered":"<p>\u201cG\u00fcl\u00fcmse, tozu gitsin yaln\u0131zl\u0131\u011f\u0131m\u0131z\u0131n.\u201d Attila \u0130lhanHer anlat\u0131, insanlar i\u00e7in \u00f6nemli noktalar bar\u0131nd\u0131r\u0131r. Her bir hikaye ise, tek ba\u015f\u0131na g\u00fc\u00e7l\u00fc bir anlat\u0131 olarak insanlara k\u0131sa s\u00fcrelerde bir\u00e7ok mesaj verir. Kimi hikayelerde bir ders, kimi hikayelerde bir hat\u0131rlatma, kimi hikayelerde de birer ibret vard\u0131r.Birbirinden g\u00fczel, birbirinden s\u0131cak, birbirinden samimi hikayeler sizler i\u00e7in derlendi. Okurken bir\u00e7ok dersler \u00e7\u0131karacak, yer yer d\u00fc\u015f\u00fcnd\u00fcr\u00fcrken yer yer g\u00fcld\u00fcrecek hikayelerle ruhunuzu \u0131s\u0131tacaks\u0131n\u0131z.G\u00fcl\u00fcmseten Hikayeler, y\u00fcz\u00fcn\u00fczden tebess\u00fcm\u00fc eksik ettirmemek i\u00e7in sizleri bekliyor.<\/p>\n","protected":false},"excerpt":{"rendered":"<p>\u201cG\u00fcl\u00fcmse, tozu gitsin yaln\u0131zl\u0131\u011f\u0131m\u0131z\u0131n.\u201d Attila \u0130lhanHer anlat\u0131, insanlar i\u00e7in \u00f6nemli noktalar bar\u0131nd\u0131r\u0131r. Her bir hikaye ise, tek ba\u015f\u0131na g\u00fc\u00e7l\u00fc bir anlat\u0131 olarak insanlara k\u0131sa s\u00fcrelerde bir\u00e7ok<span class=\"excerpt-hellip\"> [\u2026]<\/span><\/p>\n","protected":false},"featured_media":0,"template":"","meta":{"_monsterinsights_skip_tracking":false,"_monsterinsights_sitenote_active":false,"_monsterinsights_sitenote_note":"","_monsterinsights_sitenote_category":0},"product_brand":[],"product_cat":[12291,12711],"product_tag":[],"class_list":{"0":"post-730402","1":"product","2":"type-product","3":"status-publish","5":"product_cat-edebiyat","6":"product_cat-roman-oyku","7":"pa_cilt-ciltsiz","8":"pa_tur-kitap","9":"pa_yayinevi-yediveren-yayinlari","10":"pa_yazar-akif-bayrak","12":"first","13":"instock","14":"sale","15":"shipping-taxable","16":"purchasable","17":"product-type-simple"},"_links":{"self":[{"href":"https:\/\/roveyayinevi.com.tr\/index.php\/wp-json\/wp\/v2\/product\/730402","targetHints":{"allow":["GET"]}}],"collection":[{"href":"https:\/\/roveyayinevi.com.tr\/index.php\/wp-json\/wp\/v2\/product"}],"about":[{"href":"https:\/\/roveyayinevi.com.tr\/index.php\/wp-json\/wp\/v2\/types\/product"}],"wp:attachment":[{"href":"https:\/\/roveyayinevi.com.tr\/index.php\/wp-json\/wp\/v2\/media?parent=730402"}],"wp:term":[{"taxonomy":"product_brand","embeddable":true,"href":"https:\/\/roveyayinevi.com.tr\/index.php\/wp-json\/wp\/v2\/product_brand?post=730402"},{"taxonomy":"product_cat","embeddable":true,"href":"https:\/\/roveyayinevi.com.tr\/index.php\/wp-json\/wp\/v2\/product_cat?post=730402"},{"taxonomy":"product_tag","embeddable":true,"href":"https:\/\/roveyayinevi.com.tr\/index.php\/wp-json\/wp\/v2\/product_tag?post=730402"}],"curies":[{"name":"wp","href":"https:\/\/api.w.org\/{rel}","templated":true}]}}