{"id":730401,"date":"2025-08-27T21:13:36","date_gmt":"2025-08-27T18:13:36","guid":{"rendered":"https:\/\/roveyayinevi.com.tr\/index.php\/urun\/annemin-cocuklugunu-kim-yedi\/"},"modified":"2026-04-16T02:38:28","modified_gmt":"2026-04-15T23:38:28","slug":"annemin-cocuklugunu-kim-yedi","status":"publish","type":"product","link":"https:\/\/roveyayinevi.com.tr\/index.php\/urun\/annemin-cocuklugunu-kim-yedi\/","title":{"rendered":"Annemin \u00c7ocuklu\u011funu Kim Yedi?"},"content":{"rendered":"<p>Bir \u00e7ocuk yeti\u015ftirirken, bu s\u00fcre\u00e7te kendi \u00e7ocuklu\u011funuzun izlerini ta\u015f\u0131d\u0131\u011f\u0131n\u0131z\u0131 hi\u00e7 d\u00fc\u015f\u00fcnd\u00fcn\u00fcz m\u00fc? Ya da \u00e7ocuklu\u011funuzun nas\u0131l ortadan kayboldu\u011funu, kimler taraf\u0131ndan \u201cyenildi\u011fini\u201d ?Kaybedilmi\u015f, tozlu raflarda unutulmu\u015f \u00e7ocuklu\u011funuzu yeniden ke\u015ffetmeye haz\u0131r m\u0131s\u0131n\u0131z ?Nas\u0131l bir anne, nas\u0131l bir baba olman\u0131z gerekti\u011fi orada sakl\u0131!Bu kitap sizi; masallarla, oyunlarla \u00e7ocuklar\u0131n\u0131z\u0131n i\u00e7 d\u00fcnyas\u0131nda bir gezintiye \u00e7\u0131kart\u0131rken; bir yandan da kendi yitik \u00e7ocuklu\u011funuzla yeniden tan\u0131\u015fmaya davet ediyor. Doz doz, g\u00fcn g\u00fcn, \u00e7ocu\u011funuzun isteklerine kar\u015f\u0131l\u0131k verirken neleri ka\u00e7\u0131yorsunuz? Nerede hata yap\u0131yor ve hem kendinizi hem \u00e7ocu\u011funuzu nas\u0131l bir kaybedi\u015f \u00f6yk\u00fcs\u00fcn\u00fcn yorgun kahramanlar\u0131 h\u00e2line getiriyorsunuz? Evet, t\u00fcm bunlar\u0131n cevab\u0131n\u0131 sat\u0131rlarda yava\u015f yava\u015f \u00f6\u011f\u00fctecek ve sadece iyi bir ebeveyn olmakla kalmayacaks\u0131n\u0131z. Kendi \u00e7ocukluk an\u0131lar\u0131n\u0131zda bug\u00fcn\u00fcn yeti\u015fkinli\u011fini bulacaks\u0131n\u0131z! O h\u00e2lde do\u011fru yerdesiniz.\u015eimdi gelin, bir anne ve bir uzman\u0131n dilinden, gelece\u011finize yol haritas\u0131 \u00e7izecek bu sayfalar\u0131 \u00e7evirmeye ba\u015flay\u0131n. Size sizi anlat\u0131yor\u2026 Ve f\u0131s\u0131ld\u0131yor: \u201c\u00c7ocu\u011funu G\u00f6zlemle, \u0130yi Tan\u0131, \u00c7\u00f6z\u00fcm Elinin Alt\u0131nda!\u201d<\/p>\n","protected":false},"excerpt":{"rendered":"<p>Bir \u00e7ocuk yeti\u015ftirirken, bu s\u00fcre\u00e7te kendi \u00e7ocuklu\u011funuzun izlerini ta\u015f\u0131d\u0131\u011f\u0131n\u0131z\u0131 hi\u00e7 d\u00fc\u015f\u00fcnd\u00fcn\u00fcz m\u00fc? Ya da \u00e7ocuklu\u011funuzun nas\u0131l ortadan kayboldu\u011funu, kimler taraf\u0131ndan \u201cyenildi\u011fini\u201d ?Kaybedilmi\u015f, tozlu raflarda unutulmu\u015f \u00e7ocuklu\u011funuzu<span class=\"excerpt-hellip\"> [\u2026]<\/span><\/p>\n","protected":false},"featured_media":0,"template":"","meta":{"_monsterinsights_skip_tracking":false,"_monsterinsights_sitenote_active":false,"_monsterinsights_sitenote_note":"","_monsterinsights_sitenote_category":0},"product_brand":[],"product_cat":[12831,12324],"product_tag":[],"class_list":{"0":"post-730401","1":"product","2":"type-product","3":"status-publish","5":"product_cat-aile-ve-cocuk","6":"product_cat-sosyoloji","7":"pa_cilt-ciltsiz","8":"pa_tur-kitap","9":"pa_yayinevi-yediveren-yayinlari","10":"pa_yazar-oya-akbas","12":"first","13":"instock","14":"sale","15":"shipping-taxable","16":"purchasable","17":"product-type-simple"},"_links":{"self":[{"href":"https:\/\/roveyayinevi.com.tr\/index.php\/wp-json\/wp\/v2\/product\/730401","targetHints":{"allow":["GET"]}}],"collection":[{"href":"https:\/\/roveyayinevi.com.tr\/index.php\/wp-json\/wp\/v2\/product"}],"about":[{"href":"https:\/\/roveyayinevi.com.tr\/index.php\/wp-json\/wp\/v2\/types\/product"}],"wp:attachment":[{"href":"https:\/\/roveyayinevi.com.tr\/index.php\/wp-json\/wp\/v2\/media?parent=730401"}],"wp:term":[{"taxonomy":"product_brand","embeddable":true,"href":"https:\/\/roveyayinevi.com.tr\/index.php\/wp-json\/wp\/v2\/product_brand?post=730401"},{"taxonomy":"product_cat","embeddable":true,"href":"https:\/\/roveyayinevi.com.tr\/index.php\/wp-json\/wp\/v2\/product_cat?post=730401"},{"taxonomy":"product_tag","embeddable":true,"href":"https:\/\/roveyayinevi.com.tr\/index.php\/wp-json\/wp\/v2\/product_tag?post=730401"}],"curies":[{"name":"wp","href":"https:\/\/api.w.org\/{rel}","templated":true}]}}