{"id":730399,"date":"2025-08-27T21:13:35","date_gmt":"2025-08-27T18:13:35","guid":{"rendered":"https:\/\/roveyayinevi.com.tr\/index.php\/urun\/yesilcam-hafiyesi\/"},"modified":"2026-04-16T02:38:28","modified_gmt":"2026-04-15T23:38:28","slug":"yesilcam-hafiyesi","status":"publish","type":"product","link":"https:\/\/roveyayinevi.com.tr\/index.php\/urun\/yesilcam-hafiyesi\/","title":{"rendered":"Ye\u015fil\u00e7am Hafiyesi"},"content":{"rendered":"<p>\u00dclkemizin en b\u00fcy\u00fck k\u00fclt\u00fcrel miraslar\u0131ndan birisidir Ye\u015fil\u00e7am Filmleri. Ortak paydada bulu\u015ftu\u011fumuz, ortak an\u0131lar\u0131m\u0131z\u0131 biriktirdi\u011fimiz ve toplumsal yaralar\u0131m\u0131za ortak \u00e7\u00f6z\u00fcmler arad\u0131\u011f\u0131m\u0131z bir de\u011ferdir.Ye\u015fil\u00e7am hakk\u0131nda yapm\u0131\u015f oldu\u011fu ara\u015ft\u0131rmalar\u0131yla tan\u0131nan ve Nerede \u00c7ekildi (@nerdecekildi) konseptiyle b\u00fcy\u00fck ilgi toplayan Sinema Ara\u015ft\u0131rmac\u0131s\u0131 K\u00fcr\u015fat \u00c7etin, kendi koleksiyonunda bulunan ve Ye\u015fil\u00e7am hakk\u0131nda ilk kez duyaca\u011f\u0131n\u0131z bir\u00e7ok bilgiyi sizler i\u00e7in derledi. Kitapta neler mi var?- Ye\u015fil\u00e7am oyuncular\u0131n\u0131n orijinal mektuplar\u0131, s\u00f6zle\u015fmeleri, \u00fccret makbuzlar\u0131, i\u015f davetiyeleri, filmlerde kullan\u0131lan paralar gibi birbirinden \u00f6zel evrak ve belgeler- Ye\u015fil\u00e7am filmlerinin \u00e7ekildi\u011fi mekanlar ve ilk kez duyaca\u011f\u0131n\u0131z ayr\u0131nt\u0131lar\u0131- Ye\u015fil\u00e7am oyuncular\u0131n\u0131n akrabal\u0131klar\u0131- Ye\u015fil\u00e7am filmlerinin seslendirme sanat\u00e7\u0131lar\u0131- Cameo\u2019lar ve ayn\u0131 k\u0131yafetle \u00e7ekilen farkl\u0131 filmler- Ye\u015fil\u00e7am\u2019\u0131n \u00e7ocuk oyuncular\u0131Birbirinden farkl\u0131 ve \u00f6zel daha bir\u00e7ok konu ve belgelerle Ye\u015fil\u00e7am Hafiyesi kitab\u0131 sizleri belgesel tad\u0131nda bir zaman yolculu\u011funa davet ediyor\u2026<\/p>\n","protected":false},"excerpt":{"rendered":"<p>\u00dclkemizin en b\u00fcy\u00fck k\u00fclt\u00fcrel miraslar\u0131ndan birisidir Ye\u015fil\u00e7am Filmleri. Ortak paydada bulu\u015ftu\u011fumuz, ortak an\u0131lar\u0131m\u0131z\u0131 biriktirdi\u011fimiz ve toplumsal yaralar\u0131m\u0131za ortak \u00e7\u00f6z\u00fcmler arad\u0131\u011f\u0131m\u0131z bir de\u011ferdir.Ye\u015fil\u00e7am hakk\u0131nda yapm\u0131\u015f oldu\u011fu ara\u015ft\u0131rmalar\u0131yla<span class=\"excerpt-hellip\"> [\u2026]<\/span><\/p>\n","protected":false},"featured_media":0,"template":"","meta":{"_monsterinsights_skip_tracking":false,"_monsterinsights_sitenote_active":false,"_monsterinsights_sitenote_note":"","_monsterinsights_sitenote_category":0},"product_brand":[],"product_cat":[12409,12408],"product_tag":[],"class_list":{"0":"post-730399","1":"product","2":"type-product","3":"status-publish","5":"product_cat-fotograf-sinema-tiyatro","6":"product_cat-sanat","7":"pa_cilt-ciltli","8":"pa_tur-kitap","9":"pa_yayinevi-yediveren-yayinlari","10":"pa_yazar-kursat-cetin","12":"first","13":"instock","14":"sale","15":"shipping-taxable","16":"purchasable","17":"product-type-simple"},"_links":{"self":[{"href":"https:\/\/roveyayinevi.com.tr\/index.php\/wp-json\/wp\/v2\/product\/730399","targetHints":{"allow":["GET"]}}],"collection":[{"href":"https:\/\/roveyayinevi.com.tr\/index.php\/wp-json\/wp\/v2\/product"}],"about":[{"href":"https:\/\/roveyayinevi.com.tr\/index.php\/wp-json\/wp\/v2\/types\/product"}],"wp:attachment":[{"href":"https:\/\/roveyayinevi.com.tr\/index.php\/wp-json\/wp\/v2\/media?parent=730399"}],"wp:term":[{"taxonomy":"product_brand","embeddable":true,"href":"https:\/\/roveyayinevi.com.tr\/index.php\/wp-json\/wp\/v2\/product_brand?post=730399"},{"taxonomy":"product_cat","embeddable":true,"href":"https:\/\/roveyayinevi.com.tr\/index.php\/wp-json\/wp\/v2\/product_cat?post=730399"},{"taxonomy":"product_tag","embeddable":true,"href":"https:\/\/roveyayinevi.com.tr\/index.php\/wp-json\/wp\/v2\/product_tag?post=730399"}],"curies":[{"name":"wp","href":"https:\/\/api.w.org\/{rel}","templated":true}]}}