{"id":730395,"date":"2025-08-27T21:13:31","date_gmt":"2025-08-27T18:13:31","guid":{"rendered":"https:\/\/roveyayinevi.com.tr\/index.php\/urun\/samimi-niyet\/"},"modified":"2026-04-16T02:38:28","modified_gmt":"2026-04-15T23:38:28","slug":"samimi-niyet","status":"publish","type":"product","link":"https:\/\/roveyayinevi.com.tr\/index.php\/urun\/samimi-niyet\/","title":{"rendered":"Samimi Niyet"},"content":{"rendered":"<p>Samimiyet ve niyet\u2026T\u00fcm canl\u0131larla ileti\u015fimimizde anlaman\u0131n ve anla\u015f\u0131lman\u0131n en \u00f6nemli iki kavram\u0131\u2026T\u00fcm u\u011fra\u015f\u0131lan i\u015flerde ba\u015farman\u0131n ve huzuru bulman\u0131n en \u00f6nemli iki kavram\u0131\u2026T\u00fcm s\u0131k\u0131nt\u0131l\u0131 anlarda sabretmenin ve \u00fcstesinden gelmenin en \u00f6nemli iki kavram\u0131\u2026Uzun y\u0131llar medya sekt\u00f6r\u00fcnde \u00e7al\u0131\u015fmalar y\u00fcr\u00fctm\u00fc\u015f ve y\u00fczlerce program d\u00fczenlemi\u015f olan ba\u015far\u0131l\u0131 sunucu ve koordinat\u00f6r Aynur Ayaz, sizleri samimi bir yolculu\u011fa davet ediyor. Samimiyetin ve niyetin insan hayat\u0131ndaki s\u0131rl\u0131 etkilerinden, \u00e7ocukluk g\u00fcnlerimizdeki safl\u0131\u011f\u0131m\u0131za; ruhu dinginle\u015ftirecek d\u00fc\u015f\u00fcnce yap\u0131lar\u0131ndan ba\u015far\u0131ya g\u00f6t\u00fcrecek niyetlere kadar bir\u00e7ok konuyu sizler i\u00e7in irdeliyor. \u0130\u00e7inizde, kalbinizde tuttu\u011funuz g\u00fczelliklerin \u00fczerine \u00f6rt\u00fclen perdeleri, sizlerle birlikte aral\u0131yor.Samimiyet ve iyi niyetle, hayata yeniden bakmaya haz\u0131r m\u0131s\u0131n\u0131z?<\/p>\n","protected":false},"excerpt":{"rendered":"<p>Samimiyet ve niyet\u2026T\u00fcm canl\u0131larla ileti\u015fimimizde anlaman\u0131n ve anla\u015f\u0131lman\u0131n en \u00f6nemli iki kavram\u0131\u2026T\u00fcm u\u011fra\u015f\u0131lan i\u015flerde ba\u015farman\u0131n ve huzuru bulman\u0131n en \u00f6nemli iki kavram\u0131\u2026T\u00fcm s\u0131k\u0131nt\u0131l\u0131 anlarda sabretmenin ve<span class=\"excerpt-hellip\"> [\u2026]<\/span><\/p>\n","protected":false},"featured_media":0,"template":"","meta":{"_monsterinsights_skip_tracking":false,"_monsterinsights_sitenote_active":false,"_monsterinsights_sitenote_note":"","_monsterinsights_sitenote_category":0},"product_brand":[],"product_cat":[12364,12376],"product_tag":[],"class_list":{"0":"post-730395","1":"product","2":"type-product","3":"status-publish","5":"product_cat-genel-konular","6":"product_cat-kisisel-gelisim","7":"pa_cilt-ciltsiz","8":"pa_tur-kitap","9":"pa_yayinevi-yediveren-yayinlari","10":"pa_yazar-aynur-ayaz","12":"first","13":"instock","14":"sale","15":"shipping-taxable","16":"purchasable","17":"product-type-simple"},"_links":{"self":[{"href":"https:\/\/roveyayinevi.com.tr\/index.php\/wp-json\/wp\/v2\/product\/730395","targetHints":{"allow":["GET"]}}],"collection":[{"href":"https:\/\/roveyayinevi.com.tr\/index.php\/wp-json\/wp\/v2\/product"}],"about":[{"href":"https:\/\/roveyayinevi.com.tr\/index.php\/wp-json\/wp\/v2\/types\/product"}],"wp:attachment":[{"href":"https:\/\/roveyayinevi.com.tr\/index.php\/wp-json\/wp\/v2\/media?parent=730395"}],"wp:term":[{"taxonomy":"product_brand","embeddable":true,"href":"https:\/\/roveyayinevi.com.tr\/index.php\/wp-json\/wp\/v2\/product_brand?post=730395"},{"taxonomy":"product_cat","embeddable":true,"href":"https:\/\/roveyayinevi.com.tr\/index.php\/wp-json\/wp\/v2\/product_cat?post=730395"},{"taxonomy":"product_tag","embeddable":true,"href":"https:\/\/roveyayinevi.com.tr\/index.php\/wp-json\/wp\/v2\/product_tag?post=730395"}],"curies":[{"name":"wp","href":"https:\/\/api.w.org\/{rel}","templated":true}]}}