{"id":730394,"date":"2025-08-27T21:13:30","date_gmt":"2025-08-27T18:13:30","guid":{"rendered":"https:\/\/roveyayinevi.com.tr\/index.php\/urun\/1984-13\/"},"modified":"2026-04-16T02:38:28","modified_gmt":"2026-04-15T23:38:28","slug":"1984-13","status":"publish","type":"product","link":"https:\/\/roveyayinevi.com.tr\/index.php\/urun\/1984-13\/","title":{"rendered":"1984"},"content":{"rendered":"<p>George Orwell\u2019\u0131n 1947-1948 y\u0131llar\u0131 aras\u0131nda verem hastal\u0131\u011f\u0131yla m\u00fccadele ederken kaleme alm\u0131\u015f oldu\u011fu Bin Dokuz Y\u00fcz Seksen isimli eser, distopya t\u00fcr\u00fcne ait \u00f6n \u00f6nemli \u00f6rneklerden birisidir.Okyanusya\u2019da ya\u015fayan ana karakter Winston Smith\u2019in ya\u015fam\u0131, d\u00fc\u015f\u00fcnceleri, a\u015fk\u0131 ve \u201cB\u00fcy\u00fck Birader\u201de olan \u00f6fkesi ile ard\u0131ndan ya\u015fanan i\u015fkenceler \u00fczerine B\u00fcy\u00fck Birader\u2019e teslim olu\u015fu, alegorik bir evrende okuyucuya sunulmu\u015ftur.Bir \u00fclke d\u00fc\u015f\u00fcn\u00fcn; i\u00e7inde dev ekranlar\u0131n oldu\u011fu, her ad\u0131m\u0131n\u0131z\u0131n izlendi\u011fi, her konu\u015fman\u0131z\u0131n dinlendi\u011fi, d\u00fc\u015f\u00fcncelerinizin bile kontrol alt\u0131na al\u0131nmak istendi\u011fi\u2026 Winston\u2019\u0131n bu sisteme kar\u015f\u0131 sessiz m\u00fccadelesi i\u00e7inde Julia ile tan\u0131\u015fmas\u0131 ve a\u015fklar\u0131n\u0131 gizlice ya\u015famalar\u0131n\u0131 merakla okuyacaks\u0131n\u0131z.\u201cKaranl\u0131\u011f\u0131n olmad\u0131\u011f\u0131 yerde bulu\u015faca\u011f\u0131z.\u201d demi\u015fti. Ne anlama geldi\u011fini biliyordu ya da bildi\u011fini d\u00fc\u015f\u00fcn\u00fcyordu. Karanl\u0131\u011f\u0131n olmad\u0131\u011f\u0131 yer, insan\u0131n asla g\u00f6remeyece\u011fi, ancak bir \u015fekilde \u00f6nseziyle payla\u015fabilecekleri bir gelecekti. Ancak tele-ekrandan gelen kulak t\u0131rmalay\u0131c\u0131 ses y\u00fcz\u00fcnden, d\u00fc\u015f\u00fcnmeye daha fazla devam edemedi.<\/p>\n","protected":false},"excerpt":{"rendered":"<p>George Orwell\u2019\u0131n 1947-1948 y\u0131llar\u0131 aras\u0131nda verem hastal\u0131\u011f\u0131yla m\u00fccadele ederken kaleme alm\u0131\u015f oldu\u011fu Bin Dokuz Y\u00fcz Seksen isimli eser, distopya t\u00fcr\u00fcne ait \u00f6n \u00f6nemli \u00f6rneklerden birisidir.Okyanusya\u2019da ya\u015fayan<span class=\"excerpt-hellip\"> [\u2026]<\/span><\/p>\n","protected":false},"featured_media":0,"template":"","meta":{"_monsterinsights_skip_tracking":false,"_monsterinsights_sitenote_active":false,"_monsterinsights_sitenote_note":"","_monsterinsights_sitenote_category":0},"product_brand":[],"product_cat":[12291,12711],"product_tag":[],"class_list":{"0":"post-730394","1":"product","2":"type-product","3":"status-publish","5":"product_cat-edebiyat","6":"product_cat-roman-oyku","7":"pa_cilt-ciltsiz","8":"pa_tur-kitap","9":"pa_yayinevi-yediveren-yayinlari","10":"pa_yazar-george-orwell","12":"first","13":"instock","14":"sale","15":"shipping-taxable","16":"purchasable","17":"product-type-simple"},"_links":{"self":[{"href":"https:\/\/roveyayinevi.com.tr\/index.php\/wp-json\/wp\/v2\/product\/730394","targetHints":{"allow":["GET"]}}],"collection":[{"href":"https:\/\/roveyayinevi.com.tr\/index.php\/wp-json\/wp\/v2\/product"}],"about":[{"href":"https:\/\/roveyayinevi.com.tr\/index.php\/wp-json\/wp\/v2\/types\/product"}],"wp:attachment":[{"href":"https:\/\/roveyayinevi.com.tr\/index.php\/wp-json\/wp\/v2\/media?parent=730394"}],"wp:term":[{"taxonomy":"product_brand","embeddable":true,"href":"https:\/\/roveyayinevi.com.tr\/index.php\/wp-json\/wp\/v2\/product_brand?post=730394"},{"taxonomy":"product_cat","embeddable":true,"href":"https:\/\/roveyayinevi.com.tr\/index.php\/wp-json\/wp\/v2\/product_cat?post=730394"},{"taxonomy":"product_tag","embeddable":true,"href":"https:\/\/roveyayinevi.com.tr\/index.php\/wp-json\/wp\/v2\/product_tag?post=730394"}],"curies":[{"name":"wp","href":"https:\/\/api.w.org\/{rel}","templated":true}]}}