{"id":730392,"date":"2025-08-27T21:13:28","date_gmt":"2025-08-27T18:13:28","guid":{"rendered":"https:\/\/roveyayinevi.com.tr\/index.php\/urun\/hayvan-ciftligi-22\/"},"modified":"2026-04-16T02:38:28","modified_gmt":"2026-04-15T23:38:28","slug":"hayvan-ciftligi-22","status":"publish","type":"product","link":"https:\/\/roveyayinevi.com.tr\/index.php\/urun\/hayvan-ciftligi-22\/","title":{"rendered":"Hayvan \u00c7iftli\u011fi"},"content":{"rendered":"<p>\u0130lk olarak 1945\u2019te yay\u0131mlanan Hayvan \u00c7iftli\u011fi kitab\u0131, zaman i\u00e7erisinde t\u00fcm taraf\u0131ndan ilgiyle okunmu\u015f ve g\u00fcn\u00fcm\u00fcze kadar etkisini g\u00f6stermi\u015ftir. George Orwell taraf\u0131ndan kaleme al\u0131nan eser, fabl bi\u00e7iminde yaz\u0131lan ba\u015far\u0131l\u0131 romanlardan biridir.Kitap, \u00e7iftlikte ya\u015fayan \u201c\u0130htiyar Binba\u015f\u0131\u201d denilen zaman\u0131nda \u00f6d\u00fcl alm\u0131\u015f, orta ya\u015fl\u0131 erkek yaban domuzunun g\u00f6rd\u00fc\u011f\u00fc r\u00fcya \u00fczerine birlikte ya\u015fad\u0131\u011f\u0131 di\u011fer hayvanlar\u0131, insanlara kar\u015f\u0131 ayaklanmalar\u0131 i\u00e7in k\u0131\u015fk\u0131rtt\u0131\u011f\u0131 konu\u015fma ile ba\u015flar. Devrim yap\u0131lm\u0131\u015f ve hayvanlar \u00e7iftli\u011fin y\u00f6netimini ele alm\u0131\u015f, Yedi Emir ad\u0131n\u0131 verdikleri t\u00fcm hayvanlar\u0131n e\u015fit say\u0131ld\u0131\u011f\u0131 yasalar koymu\u015flard\u0131r. Fakat baz\u0131 zeki domuzlar\u0131n \u00f6n plana \u00e7\u0131karak liderlik yapt\u0131\u011f\u0131 bu \u00e7iftlikte, hayvanlar daha fazla zarar ve s\u00f6m\u00fcr\u00fcye maruz kalacaklard\u0131r.George Orwell taraf\u0131ndan bu \u00e7iftlik, insanlar \u00e2leminin bir sembol\u00fc olarak resmedilmi\u015ftir.\u201c\u0130nsan, \u00fcretim yapmadan t\u00fcketen tek canl\u0131d\u0131r. S\u00fct desen veremez, yumurta desen yumurtlayamaz, saban\u0131 \u00e7ekemeyecek kadar zay\u0131f, tav\u015fan\u0131 yakalayamayacak kadar da yava\u015ft\u0131r. Yine de b\u00fct\u00fcn hayvan \u00e2leminin efendisidir. Onlar\u0131 \u00e7al\u0131\u015ft\u0131r\u0131r, onlar\u0131 a\u00e7l\u0131ktan \u00f6lmeyecek kadar asgari d\u00fczeyde besler ve geri kalan ne varsa kendisine ay\u0131r\u0131r.\u201d<\/p>\n","protected":false},"excerpt":{"rendered":"<p>\u0130lk olarak 1945\u2019te yay\u0131mlanan Hayvan \u00c7iftli\u011fi kitab\u0131, zaman i\u00e7erisinde t\u00fcm taraf\u0131ndan ilgiyle okunmu\u015f ve g\u00fcn\u00fcm\u00fcze kadar etkisini g\u00f6stermi\u015ftir. George Orwell taraf\u0131ndan kaleme al\u0131nan eser, fabl bi\u00e7iminde<span class=\"excerpt-hellip\"> [\u2026]<\/span><\/p>\n","protected":false},"featured_media":0,"template":"","meta":{"_monsterinsights_skip_tracking":false,"_monsterinsights_sitenote_active":false,"_monsterinsights_sitenote_note":"","_monsterinsights_sitenote_category":0},"product_brand":[],"product_cat":[12291,12711],"product_tag":[],"class_list":{"0":"post-730392","1":"product","2":"type-product","3":"status-publish","5":"product_cat-edebiyat","6":"product_cat-roman-oyku","7":"pa_cilt-ciltsiz","8":"pa_tur-kitap","9":"pa_yayinevi-yediveren-yayinlari","10":"pa_yazar-george-orwell","12":"first","13":"instock","14":"sale","15":"shipping-taxable","16":"purchasable","17":"product-type-simple"},"_links":{"self":[{"href":"https:\/\/roveyayinevi.com.tr\/index.php\/wp-json\/wp\/v2\/product\/730392","targetHints":{"allow":["GET"]}}],"collection":[{"href":"https:\/\/roveyayinevi.com.tr\/index.php\/wp-json\/wp\/v2\/product"}],"about":[{"href":"https:\/\/roveyayinevi.com.tr\/index.php\/wp-json\/wp\/v2\/types\/product"}],"wp:attachment":[{"href":"https:\/\/roveyayinevi.com.tr\/index.php\/wp-json\/wp\/v2\/media?parent=730392"}],"wp:term":[{"taxonomy":"product_brand","embeddable":true,"href":"https:\/\/roveyayinevi.com.tr\/index.php\/wp-json\/wp\/v2\/product_brand?post=730392"},{"taxonomy":"product_cat","embeddable":true,"href":"https:\/\/roveyayinevi.com.tr\/index.php\/wp-json\/wp\/v2\/product_cat?post=730392"},{"taxonomy":"product_tag","embeddable":true,"href":"https:\/\/roveyayinevi.com.tr\/index.php\/wp-json\/wp\/v2\/product_tag?post=730392"}],"curies":[{"name":"wp","href":"https:\/\/api.w.org\/{rel}","templated":true}]}}