{"id":730390,"date":"2025-08-27T21:13:27","date_gmt":"2025-08-27T18:13:27","guid":{"rendered":"https:\/\/roveyayinevi.com.tr\/index.php\/urun\/allah-ve-adalet-bize-yeter\/"},"modified":"2026-04-16T02:38:28","modified_gmt":"2026-04-15T23:38:28","slug":"allah-ve-adalet-bize-yeter","status":"publish","type":"product","link":"https:\/\/roveyayinevi.com.tr\/index.php\/urun\/allah-ve-adalet-bize-yeter\/","title":{"rendered":"Allah ve Adalet Bize Yeter"},"content":{"rendered":"<p>Allah adaleti ve adil y\u00f6neticileri sever, inkarc\u0131lar\u0131 ise sevmez.Adalet m\u00fclk\u00fcn temelidir. Her zaman ve her yerde laz\u0131md\u0131r.Kur\u2019an-\u0131 Kerim diri olanlar\u0131 uyars\u0131n ve kafirler cezay\u0131 hak etsinler diye indirilmi\u015ftir.Okuyucular\u0131m\u0131n vesveselerden, ruh s\u0131k\u0131nt\u0131s\u0131ndan uzak kalmas\u0131, iman \u015fuuru i\u00e7inde mutlu ve bahtiyarl\u0131\u011f\u0131 i\u00e7in elzem bir konudur.Hadiselere m\u00fcspet bakan m\u00fcspet d\u00fc\u015f\u00fcn\u00fcr, m\u00fcspet d\u00fc\u015f\u00fcnen de hayat\u0131ndan lezzet al\u0131r. Lezzet alan kullar\u0131ndan eyle bizi Allah\u2019\u0131m\u2026Devleti y\u00f6netmek isteyenlere, politikac\u0131lara; ak\u0131ll\u0131, sorgulayan ve ara\u015ft\u0131ran gen\u00e7 beyinlere tavsiyemdir&#8230;Y\u00fcz y\u0131l\u0131n\u0131 2023\u2019te tamamlayacak olan \u201cLozan Antla\u015fmas\u0131\u201d hakk\u0131nda kimileri lehinde kimileri ise aleyhinde d\u00fc\u015f\u00fcn\u00fcr. \u201cZafer de\u011fil hezimettir.\u201d g\u00f6r\u00fc\u015f\u00fcnde olanlar da vard\u0131r.Antla\u015fmada haklar\u0131m\u0131z\u0131 gasp eden, yerlerimizi elimizden alan, bizi dar b\u00f6lgede kalmaya mecbur b\u0131rakan ve T\u00fcrkiye\u2019nin b\u00fcy\u00fck zararlar\u0131na sebep olan maddelerinden ve onun zincirlerinden kurtulma zaman\u0131 gelmi\u015f hatta ge\u00e7mi\u015ftir. 2023\u2019e kadar ciddi bir direni\u015fle, vakurla, hak ve adalet prensiplerine sad\u0131k kalarak bu durumun \u00fcstesinden gelmeliyiz.T\u00fcrkiye\u2019nin 1920-2020 y\u0131llar\u0131 aras\u0131nda ya\u015fanan s\u00fcre\u00e7leri iyi tahlil edenler, 80-100 y\u0131ll\u0131k bu d\u00f6nemi bir duraklama, k\u0131smen de toparlanma d\u00f6nemi olarak kabul edeceklerdir. Bundan sonra art\u0131k T\u00fcrkiye; hakk\u0131n\u0131, hukukunu, \u00f6z\u00fcn\u00fc, tarihini, mazisini, k\u00f6klerini, bin y\u0131ll\u0131k k\u00fclt\u00fcr ve medeniyetini, ger\u00e7ek de\u011ferlerini hayata h\u00e2kim k\u0131lmaya \u00e7al\u0131\u015f\u0131lacakt\u0131r. T\u00fcm bunlar\u0131 manevi sorumluluk bilinciyle yapacak, gece-g\u00fcnd\u00fcz, adil ve mert\u00e7e \u00e7al\u0131\u015f\u0131p gayret edecektir. Milletimiz bunu beklemekte ve herkesin ta\u015f\u0131n alt\u0131na elini koyarak ba\u015farmas\u0131n\u0131 istemektedir.D\u00f6nem art\u0131k birlik, beraberlik ve karde\u015flik d\u00f6nemidir.<\/p>\n","protected":false},"excerpt":{"rendered":"<p>Allah adaleti ve adil y\u00f6neticileri sever, inkarc\u0131lar\u0131 ise sevmez.Adalet m\u00fclk\u00fcn temelidir. Her zaman ve her yerde laz\u0131md\u0131r.Kur\u2019an-\u0131 Kerim diri olanlar\u0131 uyars\u0131n ve kafirler cezay\u0131 hak etsinler<span class=\"excerpt-hellip\"> [\u2026]<\/span><\/p>\n","protected":false},"featured_media":0,"template":"","meta":{"_monsterinsights_skip_tracking":false,"_monsterinsights_sitenote_active":false,"_monsterinsights_sitenote_note":"","_monsterinsights_sitenote_category":0},"product_brand":[],"product_cat":[12718,12719],"product_tag":[],"class_list":{"0":"post-730390","1":"product","2":"type-product","3":"status-publish","5":"product_cat-din","6":"product_cat-islam","7":"pa_cilt-ciltsiz","8":"pa_tur-kitap","9":"pa_yayinevi-yediveren-yayinlari","10":"pa_yazar-mustafa-kuran","12":"first","13":"instock","14":"sale","15":"shipping-taxable","16":"purchasable","17":"product-type-simple"},"_links":{"self":[{"href":"https:\/\/roveyayinevi.com.tr\/index.php\/wp-json\/wp\/v2\/product\/730390","targetHints":{"allow":["GET"]}}],"collection":[{"href":"https:\/\/roveyayinevi.com.tr\/index.php\/wp-json\/wp\/v2\/product"}],"about":[{"href":"https:\/\/roveyayinevi.com.tr\/index.php\/wp-json\/wp\/v2\/types\/product"}],"wp:attachment":[{"href":"https:\/\/roveyayinevi.com.tr\/index.php\/wp-json\/wp\/v2\/media?parent=730390"}],"wp:term":[{"taxonomy":"product_brand","embeddable":true,"href":"https:\/\/roveyayinevi.com.tr\/index.php\/wp-json\/wp\/v2\/product_brand?post=730390"},{"taxonomy":"product_cat","embeddable":true,"href":"https:\/\/roveyayinevi.com.tr\/index.php\/wp-json\/wp\/v2\/product_cat?post=730390"},{"taxonomy":"product_tag","embeddable":true,"href":"https:\/\/roveyayinevi.com.tr\/index.php\/wp-json\/wp\/v2\/product_tag?post=730390"}],"curies":[{"name":"wp","href":"https:\/\/api.w.org\/{rel}","templated":true}]}}