{"id":730389,"date":"2025-08-27T21:13:26","date_gmt":"2025-08-27T18:13:26","guid":{"rendered":"https:\/\/roveyayinevi.com.tr\/index.php\/urun\/siyaset-felsefesi-sozlugu\/"},"modified":"2026-04-16T02:38:28","modified_gmt":"2026-04-15T23:38:28","slug":"siyaset-felsefesi-sozlugu","status":"publish","type":"product","link":"https:\/\/roveyayinevi.com.tr\/index.php\/urun\/siyaset-felsefesi-sozlugu\/","title":{"rendered":"Siyaset Felsefesi S\u00f6zl\u00fc\u011f\u00fc"},"content":{"rendered":"<p>Siyaset, insanl\u0131\u011f\u0131n var oldu\u011fu g\u00fcnden bu yana varl\u0131\u011f\u0131n\u0131 g\u00f6stermektedir. \u00c7a\u011flar boyunca y\u00fczlerce filozof, siyaseti anlamland\u0131rmaya \u00e7al\u0131\u015fm\u0131\u015f; birbirinden farkl\u0131 siyaset felsefesi ak\u0131mlar\u0131 ortaya \u00e7\u0131km\u0131\u015ft\u0131r. \u00d6zellikle k\u00fcreselle\u015fmenin siyaseti uluslararas\u0131 k\u0131lmas\u0131, kapitalizmin b\u00fcr\u00fcnd\u00fc\u011f\u00fc girift yap\u0131yla her \u015feyin metala\u015ft\u0131\u011f\u0131 yak\u0131n d\u00f6nemde ise siyaset felsefesi giderek \u00f6nem kazanmaktad\u0131r.Siyaset felsefesi g\u00fcndelik hayata ve etraf\u0131m\u0131zda olana bitene dair sorular\u0131m\u0131z\u0131n ta kendisidir. \u201cNas\u0131l olmal\u0131?\u201d, \u201cNeden b\u00f6yle oldu?\u201d gibi sorular bizleri siyaset felsefesinin nas\u0131l olmas\u0131 gerekti\u011fi sorununa g\u00f6t\u00fcrmektedir. Siyaset felsefesini dahi iyi kavramak ve anla\u015f\u0131l\u0131r k\u0131lmak i\u00e7in, siyaset felsefesinin temelini olu\u015fturan ve y\u00f6n veren kavramlar\u0131 do\u011fru bilmek gerekmektedir. Bu anlamda, Siyaset Felsefesi S\u00f6zl\u00fc\u011f\u00fc, hepimizin bir \u015fekilde i\u00e7inde oldu\u011fu siyaset kurumunun ve siyaset felsefesinin karma\u015f\u0131k g\u00f6r\u00fcnen yap\u0131s\u0131n\u0131 daha anla\u015f\u0131l\u0131r k\u0131lacakt\u0131r.<\/p>\n","protected":false},"excerpt":{"rendered":"<p>Siyaset, insanl\u0131\u011f\u0131n var oldu\u011fu g\u00fcnden bu yana varl\u0131\u011f\u0131n\u0131 g\u00f6stermektedir. \u00c7a\u011flar boyunca y\u00fczlerce filozof, siyaseti anlamland\u0131rmaya \u00e7al\u0131\u015fm\u0131\u015f; birbirinden farkl\u0131 siyaset felsefesi ak\u0131mlar\u0131 ortaya \u00e7\u0131km\u0131\u015ft\u0131r. \u00d6zellikle k\u00fcreselle\u015fmenin siyaseti<span class=\"excerpt-hellip\"> [\u2026]<\/span><\/p>\n","protected":false},"featured_media":0,"template":"","meta":{"_monsterinsights_skip_tracking":false,"_monsterinsights_sitenote_active":false,"_monsterinsights_sitenote_note":"","_monsterinsights_sitenote_category":0},"product_brand":[],"product_cat":[12388,15536],"product_tag":[],"class_list":{"0":"post-730389","1":"product","2":"type-product","3":"status-publish","5":"product_cat-felsefe","6":"product_cat-siyaset-felsefesi","7":"pa_cilt-ciltsiz","8":"pa_tur-kitap","9":"pa_yayinevi-yediveren-yayinlari","10":"pa_yazar-alp-camiz","12":"first","13":"instock","14":"sale","15":"shipping-taxable","16":"purchasable","17":"product-type-simple"},"_links":{"self":[{"href":"https:\/\/roveyayinevi.com.tr\/index.php\/wp-json\/wp\/v2\/product\/730389","targetHints":{"allow":["GET"]}}],"collection":[{"href":"https:\/\/roveyayinevi.com.tr\/index.php\/wp-json\/wp\/v2\/product"}],"about":[{"href":"https:\/\/roveyayinevi.com.tr\/index.php\/wp-json\/wp\/v2\/types\/product"}],"wp:attachment":[{"href":"https:\/\/roveyayinevi.com.tr\/index.php\/wp-json\/wp\/v2\/media?parent=730389"}],"wp:term":[{"taxonomy":"product_brand","embeddable":true,"href":"https:\/\/roveyayinevi.com.tr\/index.php\/wp-json\/wp\/v2\/product_brand?post=730389"},{"taxonomy":"product_cat","embeddable":true,"href":"https:\/\/roveyayinevi.com.tr\/index.php\/wp-json\/wp\/v2\/product_cat?post=730389"},{"taxonomy":"product_tag","embeddable":true,"href":"https:\/\/roveyayinevi.com.tr\/index.php\/wp-json\/wp\/v2\/product_tag?post=730389"}],"curies":[{"name":"wp","href":"https:\/\/api.w.org\/{rel}","templated":true}]}}