{"id":730388,"date":"2025-08-27T21:13:25","date_gmt":"2025-08-27T18:13:25","guid":{"rendered":"https:\/\/roveyayinevi.com.tr\/index.php\/urun\/turk-dusunce-hayatinda-erol-gungor\/"},"modified":"2026-04-16T02:38:28","modified_gmt":"2026-04-15T23:38:28","slug":"turk-dusunce-hayatinda-erol-gungor","status":"publish","type":"product","link":"https:\/\/roveyayinevi.com.tr\/index.php\/urun\/turk-dusunce-hayatinda-erol-gungor\/","title":{"rendered":"T\u00fcrk D\u00fc\u015f\u00fcnce Hayat\u0131nda Erol G\u00fcng\u00f6r"},"content":{"rendered":"<p>Cafer Vayni, edebiyat dairesinde de az da olsa Erol G\u00fcng\u00f6r\u2019e dokunuyor. Psikolojide de\u011fil de, sosyoloji b\u00f6l\u00fcm\u00fcnde olsayd\u0131 daha verimli olabilece\u011fine de\u011finiyor: \u201cOnun yaz\u0131 ve kitaplar\u0131n\u0131n tamam\u0131na yak\u0131n\u0131 daha \u00e7ok sosyolojiye aittir. Onu orjinalle\u015ftiren de sosyoloji konusundaki makale ve kitaplar\u0131d\u0131r.\u201d Vayni\u2019nin bu yazd\u0131klar\u0131 do\u011frudur, ama T\u00fcrkiye\u2019nin o d\u00f6nemdeki \u015fartlar\u0131n\u0131 ya\u015f icab\u0131 bilememektedir. \u00dclkemizde iki \u00fcniversite vard\u0131. Her profes\u00f6r\u00fcn alaca\u011f\u0131 asistanlar \u00e7evresindeki arkada\u015flar\u0131n\u0131n \u00e7ocuklar\u0131yd\u0131. Kimisi de bunu ideolojiler \u00fczerinde kullan\u0131yordu. B\u00f6yle bir durumda K\u0131r\u015fehir\u2019den \u00e7\u0131k\u0131p gelen Erol G\u00fcng\u00f6r\u2019e s\u0131ra gelir miydi?Mehmet Niyazi \u00d6zdemir<\/p>\n","protected":false},"excerpt":{"rendered":"<p>Cafer Vayni, edebiyat dairesinde de az da olsa Erol G\u00fcng\u00f6r\u2019e dokunuyor. Psikolojide de\u011fil de, sosyoloji b\u00f6l\u00fcm\u00fcnde olsayd\u0131 daha verimli olabilece\u011fine de\u011finiyor: \u201cOnun yaz\u0131 ve kitaplar\u0131n\u0131n tamam\u0131na<span class=\"excerpt-hellip\"> [\u2026]<\/span><\/p>\n","protected":false},"featured_media":0,"template":"","meta":{"_monsterinsights_skip_tracking":false,"_monsterinsights_sitenote_active":false,"_monsterinsights_sitenote_note":"","_monsterinsights_sitenote_category":0},"product_brand":[],"product_cat":[13072,12291],"product_tag":[],"class_list":{"0":"post-730388","1":"product","2":"type-product","3":"status-publish","5":"product_cat-arastirma-inceleme-referans","6":"product_cat-edebiyat","7":"pa_cilt-ciltsiz","8":"pa_tur-kitap","9":"pa_yayinevi-yediveren-yayinlari","10":"pa_yazar-cafer-vayni","12":"first","13":"instock","14":"sale","15":"shipping-taxable","16":"purchasable","17":"product-type-simple"},"_links":{"self":[{"href":"https:\/\/roveyayinevi.com.tr\/index.php\/wp-json\/wp\/v2\/product\/730388","targetHints":{"allow":["GET"]}}],"collection":[{"href":"https:\/\/roveyayinevi.com.tr\/index.php\/wp-json\/wp\/v2\/product"}],"about":[{"href":"https:\/\/roveyayinevi.com.tr\/index.php\/wp-json\/wp\/v2\/types\/product"}],"wp:attachment":[{"href":"https:\/\/roveyayinevi.com.tr\/index.php\/wp-json\/wp\/v2\/media?parent=730388"}],"wp:term":[{"taxonomy":"product_brand","embeddable":true,"href":"https:\/\/roveyayinevi.com.tr\/index.php\/wp-json\/wp\/v2\/product_brand?post=730388"},{"taxonomy":"product_cat","embeddable":true,"href":"https:\/\/roveyayinevi.com.tr\/index.php\/wp-json\/wp\/v2\/product_cat?post=730388"},{"taxonomy":"product_tag","embeddable":true,"href":"https:\/\/roveyayinevi.com.tr\/index.php\/wp-json\/wp\/v2\/product_tag?post=730388"}],"curies":[{"name":"wp","href":"https:\/\/api.w.org\/{rel}","templated":true}]}}