{"id":730385,"date":"2025-08-27T21:13:22","date_gmt":"2025-08-27T18:13:22","guid":{"rendered":"https:\/\/roveyayinevi.com.tr\/index.php\/urun\/bir-gun-anneler-de-gider\/"},"modified":"2026-04-16T02:38:28","modified_gmt":"2026-04-15T23:38:28","slug":"bir-gun-anneler-de-gider","status":"publish","type":"product","link":"https:\/\/roveyayinevi.com.tr\/index.php\/urun\/bir-gun-anneler-de-gider\/","title":{"rendered":"Bir G\u00fcn Anneler de Gider"},"content":{"rendered":"<p>Sen yere g\u00f6\u011fe s\u0131\u011fd\u0131ramazs\u0131n, bir avu\u00e7 topra\u011fa s\u0131\u011fd\u0131r\u0131r ecel\u2026Ellerinden son bir kez tutmak istersin,Toprak dolar avu\u00e7lar\u0131na.Can\u0131n gider, can\u0131n\u0131n canan\u0131 gider, can\u0131ndan gider\u2026Ama sen gidemezsin;Kalakal\u0131rs\u0131n h\u00fczn\u00fcn mahzenlerinde, mahzun bir halde.Annenle birlikte kalbinin yar\u0131s\u0131n\u0131 da topra\u011fa koyars\u0131n.Hi\u00e7 a\u011flamad\u0131\u011f\u0131n gibi a\u011flars\u0131n, hi\u00e7 bakmad\u0131\u011f\u0131n gibi bakars\u0131n.Hi\u00e7 yanmad\u0131\u011f\u0131n gibi yanar, hi\u00e7 olmad\u0131\u011f\u0131n gibi kanars\u0131n.Dipsiz bir keder kuyusuna d\u00fc\u015ferken,Bir umut arars\u0131n, bir dayanak.Son anda tutunur ellerin bir ayete.Ve ayet f\u0131s\u0131ldar kula\u011f\u0131na&#8230;\u201cRabbin seni terk etmedi!\u201d (Duha Suresi,3)<\/p>\n","protected":false},"excerpt":{"rendered":"<p>Sen yere g\u00f6\u011fe s\u0131\u011fd\u0131ramazs\u0131n, bir avu\u00e7 topra\u011fa s\u0131\u011fd\u0131r\u0131r ecel\u2026Ellerinden son bir kez tutmak istersin,Toprak dolar avu\u00e7lar\u0131na.Can\u0131n gider, can\u0131n\u0131n canan\u0131 gider, can\u0131ndan gider\u2026Ama sen gidemezsin;Kalakal\u0131rs\u0131n h\u00fczn\u00fcn mahzenlerinde,<span class=\"excerpt-hellip\"> [\u2026]<\/span><\/p>\n","protected":false},"featured_media":0,"template":"","meta":{"_monsterinsights_skip_tracking":false,"_monsterinsights_sitenote_active":false,"_monsterinsights_sitenote_note":"","_monsterinsights_sitenote_category":0},"product_brand":[],"product_cat":[12718,12719],"product_tag":[],"class_list":{"0":"post-730385","1":"product","2":"type-product","3":"status-publish","5":"product_cat-din","6":"product_cat-islam","7":"pa_cilt-ciltsiz","8":"pa_tur-kitap","9":"pa_yayinevi-yediveren-yayinlari","10":"pa_yazar-osman-sungur-yeken","12":"first","13":"instock","14":"sale","15":"shipping-taxable","16":"purchasable","17":"product-type-simple"},"_links":{"self":[{"href":"https:\/\/roveyayinevi.com.tr\/index.php\/wp-json\/wp\/v2\/product\/730385","targetHints":{"allow":["GET"]}}],"collection":[{"href":"https:\/\/roveyayinevi.com.tr\/index.php\/wp-json\/wp\/v2\/product"}],"about":[{"href":"https:\/\/roveyayinevi.com.tr\/index.php\/wp-json\/wp\/v2\/types\/product"}],"wp:attachment":[{"href":"https:\/\/roveyayinevi.com.tr\/index.php\/wp-json\/wp\/v2\/media?parent=730385"}],"wp:term":[{"taxonomy":"product_brand","embeddable":true,"href":"https:\/\/roveyayinevi.com.tr\/index.php\/wp-json\/wp\/v2\/product_brand?post=730385"},{"taxonomy":"product_cat","embeddable":true,"href":"https:\/\/roveyayinevi.com.tr\/index.php\/wp-json\/wp\/v2\/product_cat?post=730385"},{"taxonomy":"product_tag","embeddable":true,"href":"https:\/\/roveyayinevi.com.tr\/index.php\/wp-json\/wp\/v2\/product_tag?post=730385"}],"curies":[{"name":"wp","href":"https:\/\/api.w.org\/{rel}","templated":true}]}}