{"id":730383,"date":"2025-08-27T21:13:21","date_gmt":"2025-08-27T18:13:21","guid":{"rendered":"https:\/\/roveyayinevi.com.tr\/index.php\/urun\/kadin-ve-erkegi-tanima-sanati\/"},"modified":"2026-04-16T02:38:28","modified_gmt":"2026-04-15T23:38:28","slug":"kadin-ve-erkegi-tanima-sanati","status":"publish","type":"product","link":"https:\/\/roveyayinevi.com.tr\/index.php\/urun\/kadin-ve-erkegi-tanima-sanati\/","title":{"rendered":"Kad\u0131n ve Erke\u011fi Tan\u0131ma Sanat\u0131"},"content":{"rendered":"<p>Erkek, ilk yarat\u0131lan insan ama kad\u0131ns\u0131z hayat\u0131n\u0131 s\u00fcrd\u00fcremiyor.Kad\u0131n da insan, erkek de insan; ancak hi\u00e7bir y\u00f6nleriyle birlilerine benzemiyorlar.Biri olamadan di\u011feri eksik ve yar\u0131m oluyor.\u0130kisi bir araya geldi\u011finde ancak tam insan oluyor ve \u201cikinin g\u00fcc\u00fcn\u00fc\u201d meydana getiriyorlar.Kad\u0131n-erkek ili\u015fkilerinde kad\u0131n\u0131n beklentilerinin daha fazla oldu\u011fu s\u00f6ylenir; ama erke\u011fin beklentileri de ondan a\u015fa\u011f\u0131 de\u011fil\u2026Genelde kad\u0131n\u0131n psikolojik ihtiyac\u0131 \u201csevgi ve ilgiye\u201d dayan\u0131rken; erke\u011finki ise \u201c\u00f6nemsenmeye ve takdire\u201d dayan\u0131yor.Kad\u0131n erkeksiz, erkek de kad\u0131ns\u0131z yapam\u0131yor ama birbirini anlama m\u00fccadelesi, g\u00fcn\u00fcm\u00fczde h\u00e2l\u00e2 \u00e7\u00f6z\u00fcme kavu\u015fmu\u015f de\u011fil\u2026Erkek beyni, \u201csistem kurmaya\u201d programlanm\u0131\u015f \u201csonu\u00e7 odakl\u0131\u201dd\u0131r. Amac\u0131 hedefe ula\u015fmakt\u0131r.Erkek, bir durum kar\u015f\u0131s\u0131nda \u201cneden-sonu\u00e7\u201d ili\u015fkisini anlamaya ve sistemin nas\u0131l i\u015fledi\u011fini \u00e7\u00f6zmeye \u00e7al\u0131\u015f\u0131r.Kad\u0131n beyni ise \u201cili\u015fki kurmaya programlanm\u0131\u015f\u201dt\u0131r. Kad\u0131n, ili\u015fkide oldu\u011fu ki\u015finin duygular\u0131n\u0131 anlamaya ve bu duruma duygusal bir cevap vermeye \u00e7al\u0131\u015f\u0131r.Kad\u0131n, \u201cempatik bir ili\u015fki kurarken\u201d; erkek \u201csistemin aksakl\u0131\u011f\u0131n\u0131 nas\u0131l giderece\u011fini\u201d d\u00fc\u015f\u00fcn\u00fcr.Bu kitab\u0131 okuyan erkeklerin kad\u0131nlara bak\u0131\u015f a\u00e7\u0131lar\u0131 de\u011fi\u015fece\u011fi gibi; kad\u0131nlar da okuduklar\u0131nda, kendilerini yeniden konumland\u0131racaklard\u0131r.<\/p>\n","protected":false},"excerpt":{"rendered":"<p>Erkek, ilk yarat\u0131lan insan ama kad\u0131ns\u0131z hayat\u0131n\u0131 s\u00fcrd\u00fcremiyor.Kad\u0131n da insan, erkek de insan; ancak hi\u00e7bir y\u00f6nleriyle birlilerine benzemiyorlar.Biri olamadan di\u011feri eksik ve yar\u0131m oluyor.\u0130kisi bir araya<span class=\"excerpt-hellip\"> [\u2026]<\/span><\/p>\n","protected":false},"featured_media":0,"template":"","meta":{"_monsterinsights_skip_tracking":false,"_monsterinsights_sitenote_active":false,"_monsterinsights_sitenote_note":"","_monsterinsights_sitenote_category":0},"product_brand":[],"product_cat":[26396,13488],"product_tag":[],"class_list":{"0":"post-730383","1":"product","2":"type-product","3":"status-publish","5":"product_cat-kadin-erkek-iliskileri","6":"product_cat-toplum-ve-insan","7":"pa_cilt-ciltsiz","8":"pa_tur-kitap","9":"pa_yayinevi-yediveren-yayinlari","10":"pa_yazar-mustafa-k-topaloglu","12":"first","13":"instock","14":"sale","15":"shipping-taxable","16":"purchasable","17":"product-type-simple"},"_links":{"self":[{"href":"https:\/\/roveyayinevi.com.tr\/index.php\/wp-json\/wp\/v2\/product\/730383","targetHints":{"allow":["GET"]}}],"collection":[{"href":"https:\/\/roveyayinevi.com.tr\/index.php\/wp-json\/wp\/v2\/product"}],"about":[{"href":"https:\/\/roveyayinevi.com.tr\/index.php\/wp-json\/wp\/v2\/types\/product"}],"wp:attachment":[{"href":"https:\/\/roveyayinevi.com.tr\/index.php\/wp-json\/wp\/v2\/media?parent=730383"}],"wp:term":[{"taxonomy":"product_brand","embeddable":true,"href":"https:\/\/roveyayinevi.com.tr\/index.php\/wp-json\/wp\/v2\/product_brand?post=730383"},{"taxonomy":"product_cat","embeddable":true,"href":"https:\/\/roveyayinevi.com.tr\/index.php\/wp-json\/wp\/v2\/product_cat?post=730383"},{"taxonomy":"product_tag","embeddable":true,"href":"https:\/\/roveyayinevi.com.tr\/index.php\/wp-json\/wp\/v2\/product_tag?post=730383"}],"curies":[{"name":"wp","href":"https:\/\/api.w.org\/{rel}","templated":true}]}}