{"id":730382,"date":"2025-08-27T21:13:20","date_gmt":"2025-08-27T18:13:20","guid":{"rendered":"https:\/\/roveyayinevi.com.tr\/index.php\/urun\/bugun-bir-kova-doldurdun-mu\/"},"modified":"2026-04-16T02:38:28","modified_gmt":"2026-04-15T23:38:28","slug":"bugun-bir-kova-doldurdun-mu","status":"publish","type":"product","link":"https:\/\/roveyayinevi.com.tr\/index.php\/urun\/bugun-bir-kova-doldurdun-mu\/","title":{"rendered":"Bug\u00fcn Bir Kova Doldurdun mu?"},"content":{"rendered":"<p>Dokuz \u00d6d\u00fcl\u00fcn Sahibi;2007 Annelerin Se\u00e7imi \u00d6d\u00fcl\u00fc &#8211; En \u0130yi Resimli \u00c7ocuk Kitab\u01312007 Writer&#8217;s Digest &#8211; En \u0130yi Resimli \u00c7ocuk Kitab\u01312007 DIL Kitap Festivali &#8211; En \u0130yi Resimli \u00c7ocuk Kitab\u01312007 Kitaplar ve Yazarlar A\u011f\u0131 &#8211; En \u0130yi \u00c7ocuk Kitab\u01312007 Best You Can Be Vakf\u0131 &#8211; En \u0130yi On \u00c7ocuk Kitab\u0131ndan Biri \u00d6d\u00fcl\u00fc2007 Londra Kitap Festivali &#8211; Onur \u00d6d\u00fcl\u00fc?2008 Nautilus Kitap \u00d6d\u00fcl\u00fc &#8211; G\u00fcm\u00fc\u015f Madalya2008 NABE Pinnacle Kitap Ba\u015far\u0131 \u00d6d\u00fcl\u00fc2011 Mor K\u0131zb\u00f6ce\u011fi Kitap \u00d6d\u00fcl\u00fc &#8211; BirincilikTatl\u0131, basit c\u00fcmleler ve canl\u0131 resimlerle insan\u0131n y\u00fcre\u011fini \u0131s\u0131tan bu kitap \u00e7ocuklar\u0131n olumlu davran\u0131\u015flar\u0131n\u0131 y\u00fcreklendiriyor. \u00c7ocuklar g\u00fcndelik ya\u015famlar\u0131nda nazik davranman\u0131n, takdiretmenin, sevgi g\u00f6stermenin ne kadar kolay ve \u00f6d\u00fcllendirici oldu\u011funu \u00f6\u011freniyorlar.Bir \u00e7ocuk oyunca\u011f\u0131 evrensel \u015fefkatin ve sevginin simgesi olarak kullan\u0131l\u0131yor. Carol McCloud, okurlar\u0131na d\u00fcnyan\u0131n daha iyi bir yer olmas\u0131 i\u00e7in yol g\u00f6steriyor. Onun &#8216;kova doldurma&#8217; sembolizmi son derece basit yaz\u0131lm\u0131\u015ft\u0131r, ama sa\u011flad\u0131\u011f\u0131 geri-beslemenin g\u00fcc\u00fc \u00e7arp\u0131c\u0131d\u0131r.Donna DeWitt, otuz y\u0131ll\u0131k e\u011fitmen; 2005-2006 Lake Oregon, Michigan, y\u0131l\u0131n ilkokul \u00f6\u011fretmeni; anne ve b\u00fcy\u00fckkanne.Bu ho\u015f kitap okuru kendi y\u00fcre\u011findeki bilgelikten sonu\u00e7lar \u00e7\u0131karmaya y\u00f6nlendiriyor. Onaylay\u0131c\u0131 c\u00fcmlelerin ve eylemlerin g\u00fcc\u00fc aileleri y\u00fcreklendiriyor. Yal\u0131n &#8216;kova doldurma&#8217; kavram\u0131 ne\u015fe ve sevincin yay\u0131lmas\u0131n\u0131 sa\u011fl\u0131yor.Karen Wells, ebeveynlik uzman\u0131; ak\u0131l sa\u011fl\u0131\u011f\u0131 merkezi \u00e7al\u0131\u015fan\u0131; dan\u0131\u015fman ve \u00f6\u011fretmen; anne ve b\u00fcy\u00fckkanne.<\/p>\n","protected":false},"excerpt":{"rendered":"<p>Dokuz \u00d6d\u00fcl\u00fcn Sahibi;2007 Annelerin Se\u00e7imi \u00d6d\u00fcl\u00fc &#8211; En \u0130yi Resimli \u00c7ocuk Kitab\u01312007 Writer&#8217;s Digest &#8211; En \u0130yi Resimli \u00c7ocuk Kitab\u01312007 DIL Kitap Festivali &#8211; En \u0130yi<span class=\"excerpt-hellip\"> [\u2026]<\/span><\/p>\n","protected":false},"featured_media":0,"template":"","meta":{"_monsterinsights_skip_tracking":false,"_monsterinsights_sitenote_active":false,"_monsterinsights_sitenote_note":"","_monsterinsights_sitenote_category":0},"product_brand":[],"product_cat":[12492,12274],"product_tag":[],"class_list":{"0":"post-730382","1":"product","2":"type-product","3":"status-publish","5":"product_cat-bilmece-bulmaca","6":"product_cat-cocuk-ve-genclik-kitaplari","7":"pa_cilt-ciltsiz","8":"pa_tur-kitap","9":"pa_yayinevi-butik-yayinlari","10":"pa_yazar-carol-mccloud","12":"first","13":"instock","14":"sale","15":"shipping-taxable","16":"purchasable","17":"product-type-simple"},"_links":{"self":[{"href":"https:\/\/roveyayinevi.com.tr\/index.php\/wp-json\/wp\/v2\/product\/730382","targetHints":{"allow":["GET"]}}],"collection":[{"href":"https:\/\/roveyayinevi.com.tr\/index.php\/wp-json\/wp\/v2\/product"}],"about":[{"href":"https:\/\/roveyayinevi.com.tr\/index.php\/wp-json\/wp\/v2\/types\/product"}],"wp:attachment":[{"href":"https:\/\/roveyayinevi.com.tr\/index.php\/wp-json\/wp\/v2\/media?parent=730382"}],"wp:term":[{"taxonomy":"product_brand","embeddable":true,"href":"https:\/\/roveyayinevi.com.tr\/index.php\/wp-json\/wp\/v2\/product_brand?post=730382"},{"taxonomy":"product_cat","embeddable":true,"href":"https:\/\/roveyayinevi.com.tr\/index.php\/wp-json\/wp\/v2\/product_cat?post=730382"},{"taxonomy":"product_tag","embeddable":true,"href":"https:\/\/roveyayinevi.com.tr\/index.php\/wp-json\/wp\/v2\/product_tag?post=730382"}],"curies":[{"name":"wp","href":"https:\/\/api.w.org\/{rel}","templated":true}]}}