{"id":730378,"date":"2025-08-27T21:13:17","date_gmt":"2025-08-27T18:13:17","guid":{"rendered":"https:\/\/roveyayinevi.com.tr\/index.php\/urun\/acimasiz-dunyaya-meydan-okumak\/"},"modified":"2026-04-16T02:38:28","modified_gmt":"2026-04-15T23:38:28","slug":"acimasiz-dunyaya-meydan-okumak","status":"publish","type":"product","link":"https:\/\/roveyayinevi.com.tr\/index.php\/urun\/acimasiz-dunyaya-meydan-okumak\/","title":{"rendered":"Ac\u0131mas\u0131z D\u00fcnyaya Meydan Okumak"},"content":{"rendered":"<p>\u201cHayat Oldu\u011fumuzdan Farkl\u0131 BiriOlmam\u0131z\u0131 Gerektirmez.Oldu\u011fumuz Ki\u015fi Olmam\u0131z\u0131 Gerektirir.Yak\u0131ndan bak\u0131nca insanlardan nefret etmek zordur. Yakla\u015f\u0131n.Bo\u015f konu\u015faca\u011f\u0131n\u0131za ger\u00e7e\u011fi dile getirin. Uygar olun.El ele tutu\u015fun. Yabanc\u0131larla da.S\u0131rt\u0131n\u0131z sa\u011flam, y\u00fcz\u00fcn\u00fcz yumu\u015fak ve y\u00fcre\u011finiz \u00e7\u0131lg\u0131n olsun.D\u00fcnyada ait olmad\u0131\u011f\u0131n\u0131z\u0131n onay\u0131n\u0131 arayarak dolanmaktan vazge\u00e7in.Bunu misyonunuz haline getirirseniz, illa ki arad\u0131\u011f\u0131n\u0131z\u0131 bulursunuz.Yeterli olmad\u0131\u011f\u0131n\u0131z\u0131n kan\u0131t\u0131n\u0131 arayarak insanlar\u0131n y\u00fczlerine bakmaktan vazge\u00e7in. Bunu amac\u0131n\u0131z haline getirirseniz, o kan\u0131t\u0131 bulursunuz.Kim oldu\u011fumuzun ger\u00e7e\u011fi y\u00fcre\u011fimizde ya\u015far.Kimse buraya sizden daha fazla ait de\u011fildir.<\/p>\n","protected":false},"excerpt":{"rendered":"<p>\u201cHayat Oldu\u011fumuzdan Farkl\u0131 BiriOlmam\u0131z\u0131 Gerektirmez.Oldu\u011fumuz Ki\u015fi Olmam\u0131z\u0131 Gerektirir.Yak\u0131ndan bak\u0131nca insanlardan nefret etmek zordur. Yakla\u015f\u0131n.Bo\u015f konu\u015faca\u011f\u0131n\u0131za ger\u00e7e\u011fi dile getirin. Uygar olun.El ele tutu\u015fun. Yabanc\u0131larla da.S\u0131rt\u0131n\u0131z sa\u011flam, y\u00fcz\u00fcn\u00fcz<span class=\"excerpt-hellip\"> [\u2026]<\/span><\/p>\n","protected":false},"featured_media":0,"template":"","meta":{"_monsterinsights_skip_tracking":false,"_monsterinsights_sitenote_active":false,"_monsterinsights_sitenote_note":"","_monsterinsights_sitenote_category":0},"product_brand":[],"product_cat":[12364,12376],"product_tag":[],"class_list":{"0":"post-730378","1":"product","2":"type-product","3":"status-publish","5":"product_cat-genel-konular","6":"product_cat-kisisel-gelisim","7":"pa_cilt-ciltsiz","8":"pa_tur-kitap","9":"pa_yayinevi-butik-yayinlari","10":"pa_yazar-brene-brown","12":"first","13":"instock","14":"sale","15":"shipping-taxable","16":"purchasable","17":"product-type-simple"},"_links":{"self":[{"href":"https:\/\/roveyayinevi.com.tr\/index.php\/wp-json\/wp\/v2\/product\/730378","targetHints":{"allow":["GET"]}}],"collection":[{"href":"https:\/\/roveyayinevi.com.tr\/index.php\/wp-json\/wp\/v2\/product"}],"about":[{"href":"https:\/\/roveyayinevi.com.tr\/index.php\/wp-json\/wp\/v2\/types\/product"}],"wp:attachment":[{"href":"https:\/\/roveyayinevi.com.tr\/index.php\/wp-json\/wp\/v2\/media?parent=730378"}],"wp:term":[{"taxonomy":"product_brand","embeddable":true,"href":"https:\/\/roveyayinevi.com.tr\/index.php\/wp-json\/wp\/v2\/product_brand?post=730378"},{"taxonomy":"product_cat","embeddable":true,"href":"https:\/\/roveyayinevi.com.tr\/index.php\/wp-json\/wp\/v2\/product_cat?post=730378"},{"taxonomy":"product_tag","embeddable":true,"href":"https:\/\/roveyayinevi.com.tr\/index.php\/wp-json\/wp\/v2\/product_tag?post=730378"}],"curies":[{"name":"wp","href":"https:\/\/api.w.org\/{rel}","templated":true}]}}