{"id":730377,"date":"2025-08-27T21:13:16","date_gmt":"2025-08-27T18:13:16","guid":{"rendered":"https:\/\/roveyayinevi.com.tr\/index.php\/urun\/21-gunde-bilinc-formatlama\/"},"modified":"2026-04-16T02:38:28","modified_gmt":"2026-04-15T23:38:28","slug":"21-gunde-bilinc-formatlama","status":"publish","type":"product","link":"https:\/\/roveyayinevi.com.tr\/index.php\/urun\/21-gunde-bilinc-formatlama\/","title":{"rendered":"21 G\u00fcnde Bilin\u00e7 Formatlama"},"content":{"rendered":"<p>Sadece 21 g\u00fcnde, ge\u00e7mi\u015ften kurtulmak, an\u0131 ya\u015famak ve her zaman istedi\u011finiz gelece\u011fi ke\u015ffetmek ister miydiniz&#8230;21 G\u00fcnde Bilin\u00e7 Formatlama bizi, g\u00f6zlerimizi oldu\u011fumuz ve olabilece\u011fimiz her \u015feye a\u00e7mam\u0131z\u0131 sa\u011flayacak ola\u011fan\u00fcst\u00fc bir ki\u015fisel yolculu\u011fa \u00e7\u0131kar\u0131yor. Bilincimizi d\u00f6n\u00fc\u015ft\u00fcr\u00fcyor, hayat\u0131m\u0131zdaki amac\u0131, anlam\u0131 ve tutkuyu ortaya \u00e7\u0131kar\u0131yoruz.Bir insan\u0131n ruhsal inan\u00e7lar\u0131 ne y\u00f6nde olursa olsun, bu kitab\u0131n \u00f6nerilerini yerine getiren birinin fayda sa\u011flamamas\u0131 m\u00fcmk\u00fcn de\u011fil. Mesaj \u00e7ok net ve uygulamalar son derece belirgin ve sistematik.-Dr. Harville Hendrix-An\u0131 doyas\u0131ya ya\u015famak. Ger\u00e7ek \u00e7a\u011fr\u0131n\u0131z\u0131 ke\u015ffetmek. Bunlar, eri\u015femeyece\u011finiz kavramlar de\u011fil. Debbie Ford yeni kitab\u0131nda, sizi bir ke\u015fif yolculu\u011funa \u00e7\u0131kar\u0131yor. Ruhun ke\u015ffedilmeyi bekleyen alt\u0131n\u0131n\u0131 ortaya \u00e7\u0131karmak i\u00e7in d\u0131\u015f kabu\u011fumuz par\u00e7alan\u0131yor.-Marianne Williamson-21 G\u00fcnde Bilin\u00e7 Formatlama konusunda kararl\u0131ysan\u0131z, bunun sebebi b\u00fcy\u00fck olas\u0131l\u0131kla, \u015fu an ya\u015fad\u0131\u011f\u0131n\u0131zdan daha fazlas\u0131 oldu\u011funu hissediyor olman\u0131zd\u0131r. Art\u0131k ya\u015fam\u0131n\u0131z\u0131n herhangi bir alan\u0131nda ya \u0131st\u0131rab\u0131n\u0131z \u00e7ok b\u00fcy\u00fck ya da bir s\u00fcr\u00fc \u015feye sahip olma arzunuz \u00e7ok bask\u0131n. Daha \u00e7ok istiyorsunuz, daha fazlas\u0131n\u0131 hak etti\u011finizi biliyorsunuz. Elde edemedi\u011finiz bir \u015feyler oldu\u011funun fark\u0131ndas\u0131n\u0131z ve bunu almaya haz\u0131rs\u0131n\u0131z. Dolay\u0131s\u0131yla bug\u00fcn g\u00fcc\u00fcn\u00fcz\u00fc d\u0131\u015f d\u00fcnyadan geri alman\u0131z, i\u00e7inize d\u00f6nd\u00fcrmeniz ve sizi harekete ge\u00e7iren \u00f6z\u00fcn\u00fczle yeniden ba\u011flant\u0131 kurmaya ba\u015flaman\u0131z i\u00e7in harika bir g\u00fcnd\u00fcr. Bu kitapla, bilincinizi karma\u015falardan ar\u0131nd\u0131rabilir, derin ve anlaml\u0131 hayat\u0131n\u0131za ula\u015fabilirsiniz.-Debbie Ford-<\/p>\n","protected":false},"excerpt":{"rendered":"<p>Sadece 21 g\u00fcnde, ge\u00e7mi\u015ften kurtulmak, an\u0131 ya\u015famak ve her zaman istedi\u011finiz gelece\u011fi ke\u015ffetmek ister miydiniz&#8230;21 G\u00fcnde Bilin\u00e7 Formatlama bizi, g\u00f6zlerimizi oldu\u011fumuz ve olabilece\u011fimiz her \u015feye a\u00e7mam\u0131z\u0131<span class=\"excerpt-hellip\"> [\u2026]<\/span><\/p>\n","protected":false},"featured_media":0,"template":"","meta":{"_monsterinsights_skip_tracking":false,"_monsterinsights_sitenote_active":false,"_monsterinsights_sitenote_note":"","_monsterinsights_sitenote_category":0},"product_brand":[],"product_cat":[12364,12376],"product_tag":[],"class_list":{"0":"post-730377","1":"product","2":"type-product","3":"status-publish","5":"product_cat-genel-konular","6":"product_cat-kisisel-gelisim","7":"pa_cilt-ciltsiz","8":"pa_tur-kitap","9":"pa_yayinevi-butik-yayinlari","10":"pa_yazar-debbie-ford","12":"first","13":"instock","14":"sale","15":"shipping-taxable","16":"purchasable","17":"product-type-simple"},"_links":{"self":[{"href":"https:\/\/roveyayinevi.com.tr\/index.php\/wp-json\/wp\/v2\/product\/730377","targetHints":{"allow":["GET"]}}],"collection":[{"href":"https:\/\/roveyayinevi.com.tr\/index.php\/wp-json\/wp\/v2\/product"}],"about":[{"href":"https:\/\/roveyayinevi.com.tr\/index.php\/wp-json\/wp\/v2\/types\/product"}],"wp:attachment":[{"href":"https:\/\/roveyayinevi.com.tr\/index.php\/wp-json\/wp\/v2\/media?parent=730377"}],"wp:term":[{"taxonomy":"product_brand","embeddable":true,"href":"https:\/\/roveyayinevi.com.tr\/index.php\/wp-json\/wp\/v2\/product_brand?post=730377"},{"taxonomy":"product_cat","embeddable":true,"href":"https:\/\/roveyayinevi.com.tr\/index.php\/wp-json\/wp\/v2\/product_cat?post=730377"},{"taxonomy":"product_tag","embeddable":true,"href":"https:\/\/roveyayinevi.com.tr\/index.php\/wp-json\/wp\/v2\/product_tag?post=730377"}],"curies":[{"name":"wp","href":"https:\/\/api.w.org\/{rel}","templated":true}]}}