{"id":730376,"date":"2025-08-27T21:13:15","date_gmt":"2025-08-27T18:13:15","guid":{"rendered":"https:\/\/roveyayinevi.com.tr\/index.php\/urun\/dramatik-buluntular\/"},"modified":"2026-04-12T02:45:01","modified_gmt":"2026-04-11T23:45:01","slug":"dramatik-buluntular","status":"publish","type":"product","link":"https:\/\/roveyayinevi.com.tr\/index.php\/urun\/dramatik-buluntular\/","title":{"rendered":"Dramatik Buluntular"},"content":{"rendered":"<p>Her \u015feyi yaz\u0131yordu Taylan. Yazarak uzakla\u015fmaya \u00e7al\u0131\u015f\u0131yordu d\u00fcnya a\u011fr\u0131s\u0131ndan. Peki, yaz\u0131nca ac\u0131 azal\u0131yor mu? Azalm\u0131yor, ac\u0131 an\u0131tla\u015f\u0131yor. Ac\u0131n\u0131n an\u0131tla\u015fmas\u0131 bir g\u00fcl\u00fcmsemeyi de, bir dayanma g\u00fcc\u00fcn\u00fc de getiriyordu beraberinde. Kendisini ta\u015f\u0131y\u0131c\u0131 olarak g\u00f6r\u00fcyordu. S\u0131ras\u0131 geldi\u011finde o a\u011fr\u0131y\u0131 bir ba\u015fkas\u0131na devredecekti. \u00c7\u00fcnk\u00fc yery\u00fcz\u00fcnde bu g\u00f6revi \u00fcstlenen veya bu g\u00f6rev i\u00e7in se\u00e7ilmi\u015f ta\u015f\u0131y\u0131c\u0131lar vard\u0131r. Birilerinin ta\u015f\u0131mas\u0131 gerekiyordu bu a\u011fr\u0131y\u0131. Onun g\u00f6rev s\u00fcresi dolmu\u015ftu neredeyse. Omuzlar\u0131ndan bir melek d\u00fc\u015fm\u00fc\u015ft\u00fc avu\u00e7lar\u0131na. Yakalam\u0131\u015ft\u0131 onu. Ama o melek u\u00e7up gitti yeniden ve giderken \u201cseni bekleyece\u011fim, papatya suyuyla y\u0131kanm\u0131\u015f mektuplar vadisinde, ge\u00e7 kalma!\u201d demi\u015fti.<\/p>\n","protected":false},"excerpt":{"rendered":"<p>Her \u015feyi yaz\u0131yordu Taylan. Yazarak uzakla\u015fmaya \u00e7al\u0131\u015f\u0131yordu d\u00fcnya a\u011fr\u0131s\u0131ndan. Peki, yaz\u0131nca ac\u0131 azal\u0131yor mu? Azalm\u0131yor, ac\u0131 an\u0131tla\u015f\u0131yor. Ac\u0131n\u0131n an\u0131tla\u015fmas\u0131 bir g\u00fcl\u00fcmsemeyi de, bir dayanma g\u00fcc\u00fcn\u00fc de<span class=\"excerpt-hellip\"> [\u2026]<\/span><\/p>\n","protected":false},"featured_media":0,"template":"","meta":{"_monsterinsights_skip_tracking":false,"_monsterinsights_sitenote_active":false,"_monsterinsights_sitenote_note":"","_monsterinsights_sitenote_category":0},"product_brand":[],"product_cat":[12291,12711],"product_tag":[],"class_list":{"0":"post-730376","1":"product","2":"type-product","3":"status-publish","5":"product_cat-edebiyat","6":"product_cat-roman-oyku","7":"pa_cilt-ciltsiz","8":"pa_tur-kitap","9":"pa_yayinevi-herdem-kitap","10":"pa_yazar-metin-akdeniz","12":"first","13":"instock","14":"sale","15":"shipping-taxable","16":"purchasable","17":"product-type-simple"},"_links":{"self":[{"href":"https:\/\/roveyayinevi.com.tr\/index.php\/wp-json\/wp\/v2\/product\/730376","targetHints":{"allow":["GET"]}}],"collection":[{"href":"https:\/\/roveyayinevi.com.tr\/index.php\/wp-json\/wp\/v2\/product"}],"about":[{"href":"https:\/\/roveyayinevi.com.tr\/index.php\/wp-json\/wp\/v2\/types\/product"}],"wp:attachment":[{"href":"https:\/\/roveyayinevi.com.tr\/index.php\/wp-json\/wp\/v2\/media?parent=730376"}],"wp:term":[{"taxonomy":"product_brand","embeddable":true,"href":"https:\/\/roveyayinevi.com.tr\/index.php\/wp-json\/wp\/v2\/product_brand?post=730376"},{"taxonomy":"product_cat","embeddable":true,"href":"https:\/\/roveyayinevi.com.tr\/index.php\/wp-json\/wp\/v2\/product_cat?post=730376"},{"taxonomy":"product_tag","embeddable":true,"href":"https:\/\/roveyayinevi.com.tr\/index.php\/wp-json\/wp\/v2\/product_tag?post=730376"}],"curies":[{"name":"wp","href":"https:\/\/api.w.org\/{rel}","templated":true}]}}