{"id":730372,"date":"2025-08-27T21:13:11","date_gmt":"2025-08-27T18:13:11","guid":{"rendered":"https:\/\/roveyayinevi.com.tr\/index.php\/urun\/hataliysam-soyle-burada-turkce-konusuyoruz-1\/"},"modified":"2026-04-16T02:38:28","modified_gmt":"2026-04-15T23:38:28","slug":"hataliysam-soyle-burada-turkce-konusuyoruz-1","status":"publish","type":"product","link":"https:\/\/roveyayinevi.com.tr\/index.php\/urun\/hataliysam-soyle-burada-turkce-konusuyoruz-1\/","title":{"rendered":"Hatal\u0131ysam S\u00f6yle! &#8211; Burada T\u00fcrk\u00e7e Konu\u015fuyoruz 1"},"content":{"rendered":"<p>\u00dcniversitede edebiyat dersleri veren Profes\u00f6r \u00c2lim Bilgin ve torunu Etem ile tan\u0131\u015f\u0131n! Bu dizide dilimiz konusunda olduk\u00e7a hassas davranan \u00c2lim Bey\u2019in ba\u015f\u0131ndan ge\u00e7en ve onu k\u0131zd\u0131ran olaylar\u0131 okuyacaks\u0131n\u0131z. Peki, sizin konu\u015furken ya da yazarken yapt\u0131\u011f\u0131n\u0131z hatalar var m\u0131?Etem ve \u00e7evresindekilerin anlatt\u0131klar\u0131na kulak verin. Hepsi \u00c2lim Bilgin ile ya\u015fad\u0131\u011f\u0131 bir an\u0131y\u0131 anlat\u0131yor. K\u0131saltmalar\u0131n kullan\u0131m\u0131ndan harf hatalar\u0131na, ba\u011fla\u00e7lar\u0131n kullan\u0131m\u0131ndan kelimelere gelen eklere t\u00fcrl\u00fc hatalar y\u00fcz\u00fcnden \u00c2lim Bey\u2019den azar i\u015fitmeyen kalmam\u0131\u015ft\u0131r.<\/p>\n","protected":false},"excerpt":{"rendered":"<p>\u00dcniversitede edebiyat dersleri veren Profes\u00f6r \u00c2lim Bilgin ve torunu Etem ile tan\u0131\u015f\u0131n! Bu dizide dilimiz konusunda olduk\u00e7a hassas davranan \u00c2lim Bey\u2019in ba\u015f\u0131ndan ge\u00e7en ve onu k\u0131zd\u0131ran<span class=\"excerpt-hellip\"> [\u2026]<\/span><\/p>\n","protected":false},"featured_media":0,"template":"","meta":{"_monsterinsights_skip_tracking":false,"_monsterinsights_sitenote_active":false,"_monsterinsights_sitenote_note":"","_monsterinsights_sitenote_category":0},"product_brand":[],"product_cat":[12275,12274],"product_tag":[],"class_list":{"0":"post-730372","1":"product","2":"type-product","3":"status-publish","5":"product_cat-6-12-yas-kitaplari","6":"product_cat-cocuk-ve-genclik-kitaplari","7":"pa_cilt-ciltsiz","8":"pa_tur-kitap","9":"pa_yayinevi-erdem-cocuk","10":"pa_yazar-suleyman-ezber","12":"first","13":"instock","14":"sale","15":"shipping-taxable","16":"purchasable","17":"product-type-simple"},"_links":{"self":[{"href":"https:\/\/roveyayinevi.com.tr\/index.php\/wp-json\/wp\/v2\/product\/730372","targetHints":{"allow":["GET"]}}],"collection":[{"href":"https:\/\/roveyayinevi.com.tr\/index.php\/wp-json\/wp\/v2\/product"}],"about":[{"href":"https:\/\/roveyayinevi.com.tr\/index.php\/wp-json\/wp\/v2\/types\/product"}],"wp:attachment":[{"href":"https:\/\/roveyayinevi.com.tr\/index.php\/wp-json\/wp\/v2\/media?parent=730372"}],"wp:term":[{"taxonomy":"product_brand","embeddable":true,"href":"https:\/\/roveyayinevi.com.tr\/index.php\/wp-json\/wp\/v2\/product_brand?post=730372"},{"taxonomy":"product_cat","embeddable":true,"href":"https:\/\/roveyayinevi.com.tr\/index.php\/wp-json\/wp\/v2\/product_cat?post=730372"},{"taxonomy":"product_tag","embeddable":true,"href":"https:\/\/roveyayinevi.com.tr\/index.php\/wp-json\/wp\/v2\/product_tag?post=730372"}],"curies":[{"name":"wp","href":"https:\/\/api.w.org\/{rel}","templated":true}]}}