{"id":730370,"date":"2025-08-27T21:13:09","date_gmt":"2025-08-27T18:13:09","guid":{"rendered":"https:\/\/roveyayinevi.com.tr\/index.php\/urun\/atomun-bundan-haberi-var-mi-ucuk-kacik-ayse-ile-bilim-3\/"},"modified":"2026-04-16T02:38:28","modified_gmt":"2026-04-15T23:38:28","slug":"atomun-bundan-haberi-var-mi-ucuk-kacik-ayse-ile-bilim-3","status":"publish","type":"product","link":"https:\/\/roveyayinevi.com.tr\/index.php\/urun\/atomun-bundan-haberi-var-mi-ucuk-kacik-ayse-ile-bilim-3\/","title":{"rendered":"Atomun Bundan Haberi Var m\u0131? &#8211; U\u00e7uk Ka\u00e7\u0131k Ay\u015fe ile Bilim 3"},"content":{"rendered":"<p>U\u00e7uk Ka\u00e7\u0131k Ay\u015fe ile Bilim dizisinin \u00fc\u00e7\u00fcnc\u00fc kitab\u0131nda Ay\u015fe, okul m\u00fcd\u00fcr\u00fc Recep \u00c7okbilir\u2019in organize etti\u011fi s\u00fcrpriz bir okul gezisine kat\u0131l\u0131r. Bu geziyi o kadar \u00e7ok be\u011feniyor ki M\u00fcd\u00fcr \u00d6\u011fretmen\u2019e tam 10 puan verir.<\/p>\n","protected":false},"excerpt":{"rendered":"<p>U\u00e7uk Ka\u00e7\u0131k Ay\u015fe ile Bilim dizisinin \u00fc\u00e7\u00fcnc\u00fc kitab\u0131nda Ay\u015fe, okul m\u00fcd\u00fcr\u00fc Recep \u00c7okbilir\u2019in organize etti\u011fi s\u00fcrpriz bir okul gezisine kat\u0131l\u0131r. Bu geziyi o kadar \u00e7ok be\u011feniyor<span class=\"excerpt-hellip\"> [\u2026]<\/span><\/p>\n","protected":false},"featured_media":0,"template":"","meta":{"_monsterinsights_skip_tracking":false,"_monsterinsights_sitenote_active":false,"_monsterinsights_sitenote_note":"","_monsterinsights_sitenote_category":0},"product_brand":[],"product_cat":[12275,12274],"product_tag":[],"class_list":{"0":"post-730370","1":"product","2":"type-product","3":"status-publish","5":"product_cat-6-12-yas-kitaplari","6":"product_cat-cocuk-ve-genclik-kitaplari","7":"pa_cilt-ciltsiz","8":"pa_tur-kitap","9":"pa_yayinevi-erdem-cocuk","10":"pa_yazar-sebnem-guler-karacan","12":"first","13":"instock","14":"sale","15":"shipping-taxable","16":"purchasable","17":"product-type-simple"},"_links":{"self":[{"href":"https:\/\/roveyayinevi.com.tr\/index.php\/wp-json\/wp\/v2\/product\/730370","targetHints":{"allow":["GET"]}}],"collection":[{"href":"https:\/\/roveyayinevi.com.tr\/index.php\/wp-json\/wp\/v2\/product"}],"about":[{"href":"https:\/\/roveyayinevi.com.tr\/index.php\/wp-json\/wp\/v2\/types\/product"}],"wp:attachment":[{"href":"https:\/\/roveyayinevi.com.tr\/index.php\/wp-json\/wp\/v2\/media?parent=730370"}],"wp:term":[{"taxonomy":"product_brand","embeddable":true,"href":"https:\/\/roveyayinevi.com.tr\/index.php\/wp-json\/wp\/v2\/product_brand?post=730370"},{"taxonomy":"product_cat","embeddable":true,"href":"https:\/\/roveyayinevi.com.tr\/index.php\/wp-json\/wp\/v2\/product_cat?post=730370"},{"taxonomy":"product_tag","embeddable":true,"href":"https:\/\/roveyayinevi.com.tr\/index.php\/wp-json\/wp\/v2\/product_tag?post=730370"}],"curies":[{"name":"wp","href":"https:\/\/api.w.org\/{rel}","templated":true}]}}