{"id":730367,"date":"2025-08-27T21:13:06","date_gmt":"2025-08-27T18:13:06","guid":{"rendered":"https:\/\/roveyayinevi.com.tr\/index.php\/urun\/ucuk-kacik-ayse-ile-bilim-5-kitap-takim\/"},"modified":"2026-04-16T02:38:28","modified_gmt":"2026-04-15T23:38:28","slug":"ucuk-kacik-ayse-ile-bilim-5-kitap-takim","status":"publish","type":"product","link":"https:\/\/roveyayinevi.com.tr\/index.php\/urun\/ucuk-kacik-ayse-ile-bilim-5-kitap-takim\/","title":{"rendered":"U\u00e7uk Ka\u00e7\u0131k Ay\u015fe ile Bilim (5 kitap Tak\u0131m)"},"content":{"rendered":"<p>Ay\u015fe merakl\u0131 m\u0131 merakl\u0131, biraz da u\u00e7uk ka\u00e7\u0131k bir \u00e7ocuk. B\u00fcy\u00fcy\u00fcnce bilim insan\u0131 olmak isteyen Ay\u015fe, \u00e7ok k\u00fc\u00e7\u00fck ya\u015flarda bilimin ger\u00e7ekleriyle tan\u0131\u015f\u0131r. Evinde ve okulunda kar\u015f\u0131la\u015ft\u0131\u011f\u0131 ilgin\u00e7 durumlar bilimi farkl\u0131 y\u00f6nleriyle tan\u0131mas\u0131n\u0131 sa\u011flar. Akl\u0131na tak\u0131lan sorular\u0131 \u00f6ylece b\u0131rakmaz, cevaplar\u0131n pe\u015fine d\u00fc\u015fer. \u0130\u015fte macera da o zaman ba\u015flar.U\u00e7uk Ka\u00e7\u0131k Ay\u015fe\u2019nin birbirinden komik maceralar\u0131yla hem \u00e7ok e\u011flenecek hem de baz\u0131 bilimsel ger\u00e7ekleri \u00f6\u011freneceksiniz.Setin i\u00e7indeki kitaplar:Bilim Ne G\u00fczel \u015eeyG\u00fcmb\u00fcrt\u00fcye GittimAtomun Bundan Haberi Var m\u0131?Bilime Bir Katk\u0131m\u0131z OlsunKomedi Bizi Kurtaracak<\/p>\n","protected":false},"excerpt":{"rendered":"<p>Ay\u015fe merakl\u0131 m\u0131 merakl\u0131, biraz da u\u00e7uk ka\u00e7\u0131k bir \u00e7ocuk. B\u00fcy\u00fcy\u00fcnce bilim insan\u0131 olmak isteyen Ay\u015fe, \u00e7ok k\u00fc\u00e7\u00fck ya\u015flarda bilimin ger\u00e7ekleriyle tan\u0131\u015f\u0131r. Evinde ve okulunda kar\u015f\u0131la\u015ft\u0131\u011f\u0131<span class=\"excerpt-hellip\"> [\u2026]<\/span><\/p>\n","protected":false},"featured_media":0,"template":"","meta":{"_monsterinsights_skip_tracking":false,"_monsterinsights_sitenote_active":false,"_monsterinsights_sitenote_note":"","_monsterinsights_sitenote_category":0},"product_brand":[],"product_cat":[12275,12274],"product_tag":[],"class_list":{"0":"post-730367","1":"product","2":"type-product","3":"status-publish","5":"product_cat-6-12-yas-kitaplari","6":"product_cat-cocuk-ve-genclik-kitaplari","7":"pa_cilt-ciltsiz","8":"pa_tur-kitap","9":"pa_yayinevi-erdem-cocuk","10":"pa_yazar-sebnem-guler-karacan","12":"first","13":"instock","14":"sale","15":"shipping-taxable","16":"purchasable","17":"product-type-simple"},"_links":{"self":[{"href":"https:\/\/roveyayinevi.com.tr\/index.php\/wp-json\/wp\/v2\/product\/730367","targetHints":{"allow":["GET"]}}],"collection":[{"href":"https:\/\/roveyayinevi.com.tr\/index.php\/wp-json\/wp\/v2\/product"}],"about":[{"href":"https:\/\/roveyayinevi.com.tr\/index.php\/wp-json\/wp\/v2\/types\/product"}],"wp:attachment":[{"href":"https:\/\/roveyayinevi.com.tr\/index.php\/wp-json\/wp\/v2\/media?parent=730367"}],"wp:term":[{"taxonomy":"product_brand","embeddable":true,"href":"https:\/\/roveyayinevi.com.tr\/index.php\/wp-json\/wp\/v2\/product_brand?post=730367"},{"taxonomy":"product_cat","embeddable":true,"href":"https:\/\/roveyayinevi.com.tr\/index.php\/wp-json\/wp\/v2\/product_cat?post=730367"},{"taxonomy":"product_tag","embeddable":true,"href":"https:\/\/roveyayinevi.com.tr\/index.php\/wp-json\/wp\/v2\/product_tag?post=730367"}],"curies":[{"name":"wp","href":"https:\/\/api.w.org\/{rel}","templated":true}]}}