{"id":730366,"date":"2025-08-27T21:13:05","date_gmt":"2025-08-27T18:13:05","guid":{"rendered":"https:\/\/roveyayinevi.com.tr\/index.php\/urun\/komedi-bizi-kurtaracak-ucuk-kacik-ayse-ile-bilim-5\/"},"modified":"2026-04-16T02:38:28","modified_gmt":"2026-04-15T23:38:28","slug":"komedi-bizi-kurtaracak-ucuk-kacik-ayse-ile-bilim-5","status":"publish","type":"product","link":"https:\/\/roveyayinevi.com.tr\/index.php\/urun\/komedi-bizi-kurtaracak-ucuk-kacik-ayse-ile-bilim-5\/","title":{"rendered":"Komedi Bizi Kurtaracak &#8211; U\u00e7uk Ka\u00e7\u0131k Ay\u015fe ile Bilim 5"},"content":{"rendered":"<p>Pazartesi sabahlar\u0131 fen dersi oldu\u011fu i\u00e7in okula mutluluktan u\u00e7arak giden Ay\u015fe, o pazartesi yeni laboratuvar \u00f6\u011fretmeniyle tan\u0131\u015f\u0131r. Bu yeni \u00f6\u011fretmen o kadar e\u011flenceli deneyler yapar ki s\u0131n\u0131f\u0131n en ha\u015far\u0131 \u00e7ocu\u011fu Mustafa\u2019y\u0131 bile bilime kazand\u0131r\u0131r. Evde Umut Efe\u2019nin yapt\u0131\u011f\u0131 haylazl\u0131klar ise ortal\u0131\u011f\u0131 kar\u0131\u015ft\u0131r\u0131r!<\/p>\n","protected":false},"excerpt":{"rendered":"<p>Pazartesi sabahlar\u0131 fen dersi oldu\u011fu i\u00e7in okula mutluluktan u\u00e7arak giden Ay\u015fe, o pazartesi yeni laboratuvar \u00f6\u011fretmeniyle tan\u0131\u015f\u0131r. Bu yeni \u00f6\u011fretmen o kadar e\u011flenceli deneyler yapar ki<span class=\"excerpt-hellip\"> [\u2026]<\/span><\/p>\n","protected":false},"featured_media":0,"template":"","meta":{"_monsterinsights_skip_tracking":false,"_monsterinsights_sitenote_active":false,"_monsterinsights_sitenote_note":"","_monsterinsights_sitenote_category":0},"product_brand":[],"product_cat":[12275,12274],"product_tag":[],"class_list":{"0":"post-730366","1":"product","2":"type-product","3":"status-publish","5":"product_cat-6-12-yas-kitaplari","6":"product_cat-cocuk-ve-genclik-kitaplari","7":"pa_cilt-ciltsiz","8":"pa_tur-kitap","9":"pa_yayinevi-erdem-cocuk","10":"pa_yazar-sebnem-guler-karacan","12":"first","13":"instock","14":"sale","15":"shipping-taxable","16":"purchasable","17":"product-type-simple"},"_links":{"self":[{"href":"https:\/\/roveyayinevi.com.tr\/index.php\/wp-json\/wp\/v2\/product\/730366","targetHints":{"allow":["GET"]}}],"collection":[{"href":"https:\/\/roveyayinevi.com.tr\/index.php\/wp-json\/wp\/v2\/product"}],"about":[{"href":"https:\/\/roveyayinevi.com.tr\/index.php\/wp-json\/wp\/v2\/types\/product"}],"wp:attachment":[{"href":"https:\/\/roveyayinevi.com.tr\/index.php\/wp-json\/wp\/v2\/media?parent=730366"}],"wp:term":[{"taxonomy":"product_brand","embeddable":true,"href":"https:\/\/roveyayinevi.com.tr\/index.php\/wp-json\/wp\/v2\/product_brand?post=730366"},{"taxonomy":"product_cat","embeddable":true,"href":"https:\/\/roveyayinevi.com.tr\/index.php\/wp-json\/wp\/v2\/product_cat?post=730366"},{"taxonomy":"product_tag","embeddable":true,"href":"https:\/\/roveyayinevi.com.tr\/index.php\/wp-json\/wp\/v2\/product_tag?post=730366"}],"curies":[{"name":"wp","href":"https:\/\/api.w.org\/{rel}","templated":true}]}}