{"id":730365,"date":"2025-08-27T21:13:04","date_gmt":"2025-08-27T18:13:04","guid":{"rendered":"https:\/\/roveyayinevi.com.tr\/index.php\/urun\/bilimin-onculeri-2-5-kitap-takim\/"},"modified":"2026-04-16T02:38:28","modified_gmt":"2026-04-15T23:38:28","slug":"bilimin-onculeri-2-5-kitap-takim","status":"publish","type":"product","link":"https:\/\/roveyayinevi.com.tr\/index.php\/urun\/bilimin-onculeri-2-5-kitap-takim\/","title":{"rendered":"Bilimin \u00d6nc\u00fcleri 2 (5 Kitap Tak\u0131m)"},"content":{"rendered":"<p>Bilimin \u00d6nc\u00fcleri serisi bug\u00fcn\u00fcn teknoloji ve bilimine temel olu\u015fturan M\u00fcsl\u00fcman ve T\u00fcrk bilim adamlar\u0131n\u0131n hayatlar\u0131n\u0131 g\u00fcn\u00fcm\u00fcz \u00e7ocuklar\u0131na anlatabilmek i\u00e7in haz\u0131rland\u0131. Serinin be\u015f kitapl\u0131k 2. seti, Ali Ku\u015f\u00e7u, \u0130bni Baytar, Harizmi, Meryem Usturlabi ve \u0130bni Batt\u00fbta\u2019n\u0131n hayatlar\u0131 hakk\u0131ndaki temel bilgilerden yola \u00e7\u0131k\u0131larak olu\u015fturulmu\u015f kurgu romanlar\u0131 i\u00e7eriyor. Tarihe ad\u0131n\u0131 yazd\u0131rm\u0131\u015f bu bilim insanlar\u0131n\u0131n \u00e7ocuklar\u0131na, afacanl\u0131klar\u0131na ve hayallerine ula\u015fmak i\u00e7in neler yapt\u0131klar\u0131na \u015fahit olacaks\u0131n\u0131z.Setin \u0130\u00e7indeki Kitaplar\u2022 Osmanl\u0131\u2019da Astronominin Kurucusu: Ali Ku\u015f\u00e7u\u2022 Bitkilerin K\u00e2\u015fifi: \u0130bni Baytar\u2022 Cebrin Babas\u0131 Harizmi\u2022 \u0130lk Kad\u0131n G\u00f6k Bilimci: Meryem Usturlabi\u2022 Bir D\u00fcnya Gezgini: \u0130bni Batt\u00fbta<\/p>\n","protected":false},"excerpt":{"rendered":"<p>Bilimin \u00d6nc\u00fcleri serisi bug\u00fcn\u00fcn teknoloji ve bilimine temel olu\u015fturan M\u00fcsl\u00fcman ve T\u00fcrk bilim adamlar\u0131n\u0131n hayatlar\u0131n\u0131 g\u00fcn\u00fcm\u00fcz \u00e7ocuklar\u0131na anlatabilmek i\u00e7in haz\u0131rland\u0131. Serinin be\u015f kitapl\u0131k 2. seti, Ali<span class=\"excerpt-hellip\"> [\u2026]<\/span><\/p>\n","protected":false},"featured_media":0,"template":"","meta":{"_monsterinsights_skip_tracking":false,"_monsterinsights_sitenote_active":false,"_monsterinsights_sitenote_note":"","_monsterinsights_sitenote_category":0},"product_brand":[],"product_cat":[13829,12274],"product_tag":[],"class_list":{"0":"post-730365","1":"product","2":"type-product","3":"status-publish","5":"product_cat-bilimsel-kitaplar","6":"product_cat-cocuk-ve-genclik-kitaplari","7":"pa_cilt-takim","8":"pa_tur-kitap","9":"pa_yayinevi-erdem-cocuk","10":"pa_yazar-erdem-cocuk-kolektif","12":"first","13":"instock","14":"sale","15":"shipping-taxable","16":"purchasable","17":"product-type-simple"},"_links":{"self":[{"href":"https:\/\/roveyayinevi.com.tr\/index.php\/wp-json\/wp\/v2\/product\/730365","targetHints":{"allow":["GET"]}}],"collection":[{"href":"https:\/\/roveyayinevi.com.tr\/index.php\/wp-json\/wp\/v2\/product"}],"about":[{"href":"https:\/\/roveyayinevi.com.tr\/index.php\/wp-json\/wp\/v2\/types\/product"}],"wp:attachment":[{"href":"https:\/\/roveyayinevi.com.tr\/index.php\/wp-json\/wp\/v2\/media?parent=730365"}],"wp:term":[{"taxonomy":"product_brand","embeddable":true,"href":"https:\/\/roveyayinevi.com.tr\/index.php\/wp-json\/wp\/v2\/product_brand?post=730365"},{"taxonomy":"product_cat","embeddable":true,"href":"https:\/\/roveyayinevi.com.tr\/index.php\/wp-json\/wp\/v2\/product_cat?post=730365"},{"taxonomy":"product_tag","embeddable":true,"href":"https:\/\/roveyayinevi.com.tr\/index.php\/wp-json\/wp\/v2\/product_tag?post=730365"}],"curies":[{"name":"wp","href":"https:\/\/api.w.org\/{rel}","templated":true}]}}