{"id":730363,"date":"2025-08-27T21:13:02","date_gmt":"2025-08-27T18:13:02","guid":{"rendered":"https:\/\/roveyayinevi.com.tr\/index.php\/urun\/bilgisayar-komutlari-nasil-takip-eder-kucuk-yazilimcilar-icin-rehber\/"},"modified":"2026-04-16T02:38:28","modified_gmt":"2026-04-15T23:38:28","slug":"bilgisayar-komutlari-nasil-takip-eder-kucuk-yazilimcilar-icin-rehber","status":"publish","type":"product","link":"https:\/\/roveyayinevi.com.tr\/index.php\/urun\/bilgisayar-komutlari-nasil-takip-eder-kucuk-yazilimcilar-icin-rehber\/","title":{"rendered":"Bilgisayar Komutlar\u0131 Nas\u0131l Takip Eder? &#8211; K\u00fc\u00e7\u00fck Yaz\u0131l\u0131mc\u0131lar \u0130\u00e7in Rehber"},"content":{"rendered":"<p>Berk, bir g\u00fcn bilgisayarlar\u0131n komutlar\u0131 nas\u0131l takip etti\u011fini merak eder ve bunu yaz\u0131l\u0131mc\u0131 olan annesi Nurg\u00fcl Han\u0131m\u2019a sorar. Bilgisayarlar \u00fczerine uzun bir sohbete ba\u015flayan anne-o\u011ful programlama dilinden de\u011fi\u015fkenlere, ikili kodlardan program d\u00f6ng\u00fclerine kadar bir\u00e7ok konuyu e\u011flenceli \u00f6rneklerle bizlere sunuyor.STEAM yakla\u015f\u0131m\u0131 esas al\u0131narak haz\u0131rlanan bu seride \u00e7ocuklar, zihinlerini kurcalayan sorulara cevap ararken e\u011flenceli bir yolculu\u011fa \u00e7\u0131kacak ve m\u00fchendislikten yaz\u0131l\u0131ma, kimyadan matemati\u011fe bir\u00e7ok alanda bilgi sahibi olacaklar.<\/p>\n","protected":false},"excerpt":{"rendered":"<p>Berk, bir g\u00fcn bilgisayarlar\u0131n komutlar\u0131 nas\u0131l takip etti\u011fini merak eder ve bunu yaz\u0131l\u0131mc\u0131 olan annesi Nurg\u00fcl Han\u0131m\u2019a sorar. Bilgisayarlar \u00fczerine uzun bir sohbete ba\u015flayan anne-o\u011ful programlama<span class=\"excerpt-hellip\"> [\u2026]<\/span><\/p>\n","protected":false},"featured_media":0,"template":"","meta":{"_monsterinsights_skip_tracking":false,"_monsterinsights_sitenote_active":false,"_monsterinsights_sitenote_note":"","_monsterinsights_sitenote_category":0},"product_brand":[],"product_cat":[13829,12274],"product_tag":[],"class_list":{"0":"post-730363","1":"product","2":"type-product","3":"status-publish","5":"product_cat-bilimsel-kitaplar","6":"product_cat-cocuk-ve-genclik-kitaplari","7":"pa_cilt-ciltsiz","8":"pa_tur-kitap","9":"pa_yayinevi-erdem-cocuk","10":"pa_yazar-j-t-liso","12":"first","13":"instock","14":"sale","15":"shipping-taxable","16":"purchasable","17":"product-type-simple"},"_links":{"self":[{"href":"https:\/\/roveyayinevi.com.tr\/index.php\/wp-json\/wp\/v2\/product\/730363","targetHints":{"allow":["GET"]}}],"collection":[{"href":"https:\/\/roveyayinevi.com.tr\/index.php\/wp-json\/wp\/v2\/product"}],"about":[{"href":"https:\/\/roveyayinevi.com.tr\/index.php\/wp-json\/wp\/v2\/types\/product"}],"wp:attachment":[{"href":"https:\/\/roveyayinevi.com.tr\/index.php\/wp-json\/wp\/v2\/media?parent=730363"}],"wp:term":[{"taxonomy":"product_brand","embeddable":true,"href":"https:\/\/roveyayinevi.com.tr\/index.php\/wp-json\/wp\/v2\/product_brand?post=730363"},{"taxonomy":"product_cat","embeddable":true,"href":"https:\/\/roveyayinevi.com.tr\/index.php\/wp-json\/wp\/v2\/product_cat?post=730363"},{"taxonomy":"product_tag","embeddable":true,"href":"https:\/\/roveyayinevi.com.tr\/index.php\/wp-json\/wp\/v2\/product_tag?post=730363"}],"curies":[{"name":"wp","href":"https:\/\/api.w.org\/{rel}","templated":true}]}}