{"id":730361,"date":"2025-08-27T21:13:00","date_gmt":"2025-08-27T18:13:00","guid":{"rendered":"https:\/\/roveyayinevi.com.tr\/index.php\/urun\/molekuller-nasil-bir-arada-kalir-kucuk-kimyagerler-icin-rehber\/"},"modified":"2026-04-16T02:38:28","modified_gmt":"2026-04-15T23:38:28","slug":"molekuller-nasil-bir-arada-kalir-kucuk-kimyagerler-icin-rehber","status":"publish","type":"product","link":"https:\/\/roveyayinevi.com.tr\/index.php\/urun\/molekuller-nasil-bir-arada-kalir-kucuk-kimyagerler-icin-rehber\/","title":{"rendered":"Molek\u00fcller Nas\u0131l Bir Arada Kal\u0131r? &#8211; K\u00fc\u00e7\u00fck Kimyagerler \u0130\u00e7in Rehber"},"content":{"rendered":"<p>B\u00fcy\u00fcy\u00fcnce kimyager olmak isteyen Leyla, kuzeni Selim\u2019in kimya hakk\u0131nda merak ettiklerine \u0131\u015f\u0131k tutuyor. Birlikte hem oyunlar oynuyorlar hem e\u011flenceli \u00f6rneklerle bilgilerini peki\u015ftiriyorlar.STEAM yakla\u015f\u0131m\u0131 esas al\u0131narak haz\u0131rlanan bu seride \u00e7ocuklar, zihinlerini kurcalayan sorulara cevap ararken e\u011flenceli bir yolculu\u011fa \u00e7\u0131kacak ve m\u00fchendislikten yaz\u0131l\u0131ma, kimyadan matemati\u011fe bir\u00e7ok alanda bilgi sahibi olacaklar.<\/p>\n","protected":false},"excerpt":{"rendered":"<p>B\u00fcy\u00fcy\u00fcnce kimyager olmak isteyen Leyla, kuzeni Selim\u2019in kimya hakk\u0131nda merak ettiklerine \u0131\u015f\u0131k tutuyor. Birlikte hem oyunlar oynuyorlar hem e\u011flenceli \u00f6rneklerle bilgilerini peki\u015ftiriyorlar.STEAM yakla\u015f\u0131m\u0131 esas al\u0131narak haz\u0131rlanan<span class=\"excerpt-hellip\"> [\u2026]<\/span><\/p>\n","protected":false},"featured_media":0,"template":"","meta":{"_monsterinsights_skip_tracking":false,"_monsterinsights_sitenote_active":false,"_monsterinsights_sitenote_note":"","_monsterinsights_sitenote_category":0},"product_brand":[],"product_cat":[13829,12274],"product_tag":[],"class_list":{"0":"post-730361","1":"product","2":"type-product","3":"status-publish","5":"product_cat-bilimsel-kitaplar","6":"product_cat-cocuk-ve-genclik-kitaplari","7":"pa_cilt-ciltsiz","8":"pa_tur-kitap","9":"pa_yayinevi-erdem-cocuk","10":"pa_yazar-madeline-j-hayes","12":"first","13":"instock","14":"sale","15":"shipping-taxable","16":"purchasable","17":"product-type-simple"},"_links":{"self":[{"href":"https:\/\/roveyayinevi.com.tr\/index.php\/wp-json\/wp\/v2\/product\/730361","targetHints":{"allow":["GET"]}}],"collection":[{"href":"https:\/\/roveyayinevi.com.tr\/index.php\/wp-json\/wp\/v2\/product"}],"about":[{"href":"https:\/\/roveyayinevi.com.tr\/index.php\/wp-json\/wp\/v2\/types\/product"}],"wp:attachment":[{"href":"https:\/\/roveyayinevi.com.tr\/index.php\/wp-json\/wp\/v2\/media?parent=730361"}],"wp:term":[{"taxonomy":"product_brand","embeddable":true,"href":"https:\/\/roveyayinevi.com.tr\/index.php\/wp-json\/wp\/v2\/product_brand?post=730361"},{"taxonomy":"product_cat","embeddable":true,"href":"https:\/\/roveyayinevi.com.tr\/index.php\/wp-json\/wp\/v2\/product_cat?post=730361"},{"taxonomy":"product_tag","embeddable":true,"href":"https:\/\/roveyayinevi.com.tr\/index.php\/wp-json\/wp\/v2\/product_tag?post=730361"}],"curies":[{"name":"wp","href":"https:\/\/api.w.org\/{rel}","templated":true}]}}