{"id":730360,"date":"2025-08-27T21:12:59","date_gmt":"2025-08-27T18:12:59","guid":{"rendered":"https:\/\/roveyayinevi.com.tr\/index.php\/urun\/kopruler-neden-dusmez-kucuk-mimarlar-ve-muhendisler-icin-rehber\/"},"modified":"2026-04-16T02:38:28","modified_gmt":"2026-04-15T23:38:28","slug":"kopruler-neden-dusmez-kucuk-mimarlar-ve-muhendisler-icin-rehber","status":"publish","type":"product","link":"https:\/\/roveyayinevi.com.tr\/index.php\/urun\/kopruler-neden-dusmez-kucuk-mimarlar-ve-muhendisler-icin-rehber\/","title":{"rendered":"K\u00f6pr\u00fcler Neden D\u00fc\u015fmez? &#8211; K\u00fc\u00e7\u00fck Mimarlar ve M\u00fchendisler \u0130\u00e7in Rehber"},"content":{"rendered":"<p>\u00c7\u0131nar ve Do\u011fa, \u00e7ok merakl\u0131 iki arkada\u015f. K\u00f6pr\u00fcler Neden D\u00fc\u015fmez? kitab\u0131nda d\u00fcnyan\u0131n d\u00f6rt bir yan\u0131ndaki yap\u0131lar\u0131 inceliyor ve kafalar\u0131na tak\u0131lan sorulara cevap ar\u0131yorlar. \u00c7evrelerindeki insanlardan yard\u0131m alarak cevaplara ula\u015fmaya \u00e7al\u0131\u015f\u0131yor ve t\u00fcm bunlar\u0131 e\u011flenceli bir dille de bize anlat\u0131yorlar.STEAM yakla\u015f\u0131m\u0131 esas al\u0131narak haz\u0131rlanan bu seride \u00e7ocuklar, zihinlerini kurcalayan sorulara cevap ararken e\u011flenceli bir yolculu\u011fa \u00e7\u0131kacak ve m\u00fchendislikten yaz\u0131l\u0131ma, kimyadan matemati\u011fe bir\u00e7ok alanda bilgi sahibi olacaklar.<\/p>\n","protected":false},"excerpt":{"rendered":"<p>\u00c7\u0131nar ve Do\u011fa, \u00e7ok merakl\u0131 iki arkada\u015f. K\u00f6pr\u00fcler Neden D\u00fc\u015fmez? kitab\u0131nda d\u00fcnyan\u0131n d\u00f6rt bir yan\u0131ndaki yap\u0131lar\u0131 inceliyor ve kafalar\u0131na tak\u0131lan sorulara cevap ar\u0131yorlar. \u00c7evrelerindeki insanlardan yard\u0131m<span class=\"excerpt-hellip\"> [\u2026]<\/span><\/p>\n","protected":false},"featured_media":0,"template":"","meta":{"_monsterinsights_skip_tracking":false,"_monsterinsights_sitenote_active":false,"_monsterinsights_sitenote_note":"","_monsterinsights_sitenote_category":0},"product_brand":[],"product_cat":[13829,12274],"product_tag":[],"class_list":{"0":"post-730360","1":"product","2":"type-product","3":"status-publish","5":"product_cat-bilimsel-kitaplar","6":"product_cat-cocuk-ve-genclik-kitaplari","7":"pa_cilt-ciltsiz","8":"pa_tur-kitap","9":"pa_yayinevi-erdem-cocuk","10":"pa_yazar-jennifer-shannon","12":"first","13":"instock","14":"sale","15":"shipping-taxable","16":"purchasable","17":"product-type-simple"},"_links":{"self":[{"href":"https:\/\/roveyayinevi.com.tr\/index.php\/wp-json\/wp\/v2\/product\/730360","targetHints":{"allow":["GET"]}}],"collection":[{"href":"https:\/\/roveyayinevi.com.tr\/index.php\/wp-json\/wp\/v2\/product"}],"about":[{"href":"https:\/\/roveyayinevi.com.tr\/index.php\/wp-json\/wp\/v2\/types\/product"}],"wp:attachment":[{"href":"https:\/\/roveyayinevi.com.tr\/index.php\/wp-json\/wp\/v2\/media?parent=730360"}],"wp:term":[{"taxonomy":"product_brand","embeddable":true,"href":"https:\/\/roveyayinevi.com.tr\/index.php\/wp-json\/wp\/v2\/product_brand?post=730360"},{"taxonomy":"product_cat","embeddable":true,"href":"https:\/\/roveyayinevi.com.tr\/index.php\/wp-json\/wp\/v2\/product_cat?post=730360"},{"taxonomy":"product_tag","embeddable":true,"href":"https:\/\/roveyayinevi.com.tr\/index.php\/wp-json\/wp\/v2\/product_tag?post=730360"}],"curies":[{"name":"wp","href":"https:\/\/api.w.org\/{rel}","templated":true}]}}