{"id":730359,"date":"2025-08-27T21:12:58","date_gmt":"2025-08-27T18:12:58","guid":{"rendered":"https:\/\/roveyayinevi.com.tr\/index.php\/urun\/kirmizi-adam-efsanesi-uzumlu-kek-cetesi-2\/"},"modified":"2026-04-16T02:38:28","modified_gmt":"2026-04-15T23:38:28","slug":"kirmizi-adam-efsanesi-uzumlu-kek-cetesi-2","status":"publish","type":"product","link":"https:\/\/roveyayinevi.com.tr\/index.php\/urun\/kirmizi-adam-efsanesi-uzumlu-kek-cetesi-2\/","title":{"rendered":"K\u0131rm\u0131z\u0131 Adam Efsanesi &#8211; \u00dcz\u00fcml\u00fc Kek \u00c7etesi 2"},"content":{"rendered":"<p>\u00dczu\u0308mlu\u0308 Kek \u00c7etesi bir iyilik \u00e7etesidir ve \u00e7ete u\u0308yeleri iyilik yapmak isterken ba\u015flar\u0131na tu\u0308rlu\u0308 tu\u0308rlu\u0308 maceralar gelir.Sonunda okullar a\u00e7\u0131ld\u0131. B\u00fct\u00fcn \u00e7ete \u00fcyeleri okula ba\u015flad\u0131 ancak garip olaylar \u00e7etenin pe\u015fini b\u0131rakm\u0131yor. Okulda dilden dile dola\u015fan K\u0131rm\u0131z\u0131 Adam Efsanesi b\u00fct\u00fcn \u00f6\u011frencilere korku salm\u0131\u015f durumda. Bu i\u015fi \u00e7\u00f6zmekse \u00dcz\u00fcml\u00fc Kek \u00c7etesi\u2019ne kald\u0131.Okulun en kuytu k\u00f6\u015felerinde kovalamacan\u0131n devam etti\u011fi maceralar h\u0131z kesmeden devam ediyor!<\/p>\n","protected":false},"excerpt":{"rendered":"<p>\u00dczu\u0308mlu\u0308 Kek \u00c7etesi bir iyilik \u00e7etesidir ve \u00e7ete u\u0308yeleri iyilik yapmak isterken ba\u015flar\u0131na tu\u0308rlu\u0308 tu\u0308rlu\u0308 maceralar gelir.Sonunda okullar a\u00e7\u0131ld\u0131. B\u00fct\u00fcn \u00e7ete \u00fcyeleri okula ba\u015flad\u0131 ancak garip<span class=\"excerpt-hellip\"> [\u2026]<\/span><\/p>\n","protected":false},"featured_media":0,"template":"","meta":{"_monsterinsights_skip_tracking":false,"_monsterinsights_sitenote_active":false,"_monsterinsights_sitenote_note":"","_monsterinsights_sitenote_category":0},"product_brand":[],"product_cat":[12275,12274],"product_tag":[],"class_list":{"0":"post-730359","1":"product","2":"type-product","3":"status-publish","5":"product_cat-6-12-yas-kitaplari","6":"product_cat-cocuk-ve-genclik-kitaplari","7":"pa_cilt-ciltsiz","8":"pa_tur-kitap","9":"pa_yayinevi-erdem-cocuk","10":"pa_yazar-elif-ozsoyman","12":"first","13":"instock","14":"sale","15":"shipping-taxable","16":"purchasable","17":"product-type-simple"},"_links":{"self":[{"href":"https:\/\/roveyayinevi.com.tr\/index.php\/wp-json\/wp\/v2\/product\/730359","targetHints":{"allow":["GET"]}}],"collection":[{"href":"https:\/\/roveyayinevi.com.tr\/index.php\/wp-json\/wp\/v2\/product"}],"about":[{"href":"https:\/\/roveyayinevi.com.tr\/index.php\/wp-json\/wp\/v2\/types\/product"}],"wp:attachment":[{"href":"https:\/\/roveyayinevi.com.tr\/index.php\/wp-json\/wp\/v2\/media?parent=730359"}],"wp:term":[{"taxonomy":"product_brand","embeddable":true,"href":"https:\/\/roveyayinevi.com.tr\/index.php\/wp-json\/wp\/v2\/product_brand?post=730359"},{"taxonomy":"product_cat","embeddable":true,"href":"https:\/\/roveyayinevi.com.tr\/index.php\/wp-json\/wp\/v2\/product_cat?post=730359"},{"taxonomy":"product_tag","embeddable":true,"href":"https:\/\/roveyayinevi.com.tr\/index.php\/wp-json\/wp\/v2\/product_tag?post=730359"}],"curies":[{"name":"wp","href":"https:\/\/api.w.org\/{rel}","templated":true}]}}