{"id":730356,"date":"2025-08-27T21:12:56","date_gmt":"2025-08-27T18:12:56","guid":{"rendered":"https:\/\/roveyayinevi.com.tr\/index.php\/urun\/cumhuriyete-adanan-bir-omur\/"},"modified":"2026-04-16T02:38:28","modified_gmt":"2026-04-15T23:38:28","slug":"cumhuriyete-adanan-bir-omur","status":"publish","type":"product","link":"https:\/\/roveyayinevi.com.tr\/index.php\/urun\/cumhuriyete-adanan-bir-omur\/","title":{"rendered":"Cumhuriyet&#8217;e Adanan Bir \u00d6m\u00fcr"},"content":{"rendered":"<p>Elinizdeki kitap, Muazzez \u0130lmiye \u00c7\u0131\u011f&#8217;\u0131n 70 y\u0131ll\u0131k meslek hayat\u0131na bir sayg\u0131n\u0131n ifadesidir.Kitap, T\u00fcrkiye&#8217;nin se\u00e7kin \u015fahsiyetlerinin mektuplar\u0131ndan yaz\u0131lar\u0131ndan ve makalelerinden olu\u015fuyor. Yazarlar, siyaset\u00e7iler, bilim insanlar\u0131, bas\u0131n mensuplar\u0131, \u00f6\u011frenciler ve meslekta\u015flar&#8230;Ayr\u0131ca kendisiyle yap\u0131lan s\u00f6yle\u015filer de kitapta yer al\u0131yor.Atat\u00fcrk, Cumhuriyetimizin temellerini devrimlerle atm\u0131\u015ft\u0131. \u0130lmiye \u00c7\u0131\u011f ise hem bu devrimlerin bir \u00fcr\u00fcn\u00fcd\u00fcr hem de temel ta\u015flar\u0131ndan biri.O halk\u00e7\u0131d\u0131r \u00e7\u00fcnk\u00fc bilimi halk\u0131n ayd\u0131nlat\u0131lmas\u0131 i\u00e7in \u00fcniversite kamp\u00fcslerinden, dersliklerinden ve mahzenlerden kurtarm\u0131\u015f, gen\u00e7lere hem Cumhuriyet&#8217;i hem de S\u00fcmerleri, Orta Asya&#8217;y\u0131 ve peygamberler diyar\u0131 Ortado\u011fu&#8217;yu sevdirmi\u015ftir.O, bir ayd\u0131nlanmac\u0131 olarak Cumhuriyet&#8217;in de\u011ferlerini S\u00fcmer tarihine ba\u015fvurarak savundu. Kur&#8217;an, \u0130ncil ve Tevrat&#8217;\u0131n k\u00f6keni S\u00fcmer&#8217;deydi&#8230;Bir S\u00fcmer atas\u00f6z\u00fc der ki &#8220;Biliyorsun neden \u00f6\u011fretmiyorsun, bo\u015f vakit ge\u00e7irdin, neye yarad\u0131?&#8221; \u0130\u015fte Muazzez \u0130lmiye \u00c7\u0131\u011f bunu uygulamaktad\u0131r. Nice uzun y\u0131llara sevgili \u00f6\u011fretmenimiz&#8230;<\/p>\n","protected":false},"excerpt":{"rendered":"<p>Elinizdeki kitap, Muazzez \u0130lmiye \u00c7\u0131\u011f&#8217;\u0131n 70 y\u0131ll\u0131k meslek hayat\u0131na bir sayg\u0131n\u0131n ifadesidir.Kitap, T\u00fcrkiye&#8217;nin se\u00e7kin \u015fahsiyetlerinin mektuplar\u0131ndan yaz\u0131lar\u0131ndan ve makalelerinden olu\u015fuyor. Yazarlar, siyaset\u00e7iler, bilim insanlar\u0131, bas\u0131n mensuplar\u0131,<span class=\"excerpt-hellip\"> [\u2026]<\/span><\/p>\n","protected":false},"featured_media":0,"template":"","meta":{"_monsterinsights_skip_tracking":false,"_monsterinsights_sitenote_active":false,"_monsterinsights_sitenote_note":"","_monsterinsights_sitenote_category":0},"product_brand":[],"product_cat":[13701,12291],"product_tag":[],"class_list":{"0":"post-730356","1":"product","2":"type-product","3":"status-publish","5":"product_cat-ani-mektup-gunluk","6":"product_cat-edebiyat","7":"pa_cilt-ciltsiz","8":"pa_tur-kitap","9":"pa_yayinevi-kaynak-yayinlari","10":"pa_yazar-muazzez-ilmiye-cig","12":"first","13":"instock","14":"sale","15":"shipping-taxable","16":"purchasable","17":"product-type-simple"},"_links":{"self":[{"href":"https:\/\/roveyayinevi.com.tr\/index.php\/wp-json\/wp\/v2\/product\/730356","targetHints":{"allow":["GET"]}}],"collection":[{"href":"https:\/\/roveyayinevi.com.tr\/index.php\/wp-json\/wp\/v2\/product"}],"about":[{"href":"https:\/\/roveyayinevi.com.tr\/index.php\/wp-json\/wp\/v2\/types\/product"}],"wp:attachment":[{"href":"https:\/\/roveyayinevi.com.tr\/index.php\/wp-json\/wp\/v2\/media?parent=730356"}],"wp:term":[{"taxonomy":"product_brand","embeddable":true,"href":"https:\/\/roveyayinevi.com.tr\/index.php\/wp-json\/wp\/v2\/product_brand?post=730356"},{"taxonomy":"product_cat","embeddable":true,"href":"https:\/\/roveyayinevi.com.tr\/index.php\/wp-json\/wp\/v2\/product_cat?post=730356"},{"taxonomy":"product_tag","embeddable":true,"href":"https:\/\/roveyayinevi.com.tr\/index.php\/wp-json\/wp\/v2\/product_tag?post=730356"}],"curies":[{"name":"wp","href":"https:\/\/api.w.org\/{rel}","templated":true}]}}