{"id":730355,"date":"2025-08-27T21:12:54","date_gmt":"2025-08-27T18:12:54","guid":{"rendered":"https:\/\/roveyayinevi.com.tr\/index.php\/urun\/cocuk-sanatcilar\/"},"modified":"2026-04-16T02:38:27","modified_gmt":"2026-04-15T23:38:27","slug":"cocuk-sanatcilar","status":"publish","type":"product","link":"https:\/\/roveyayinevi.com.tr\/index.php\/urun\/cocuk-sanatcilar\/","title":{"rendered":"\u00c7ocuk Sanat\u00e7\u0131lar"},"content":{"rendered":"<p>\u00dcnl\u00fc sanat\u00e7\u0131lar\u0131n ba\u015far\u0131lar\u0131n\u0131 biliyoruz. Peki, \u00e7ocukluklar\u0131 ile ilgili ne kadar bilgi sahibiyiz? Bunu \u00f6\u011frenmek i\u00e7in onlar\u0131n hik\u00e2yelerinin ba\u015flad\u0131\u011f\u0131 zamana d\u00f6n\u00fcyoruz.Her \u00e7ocuk b\u00fcy\u00fcnce b\u00fcy\u00fck bir sanat\u00e7\u0131 olmaz. Ama her b\u00fcy\u00fck sanat\u00e7\u0131 i\u015fe \u00f6nce \u00e7ocuk olarak ba\u015flar. Ressamlar okulda defterlerine karalamalar yapar. Heykelt\u0131ra\u015flar arka bah\u00e7elerindeki \u00e7amurla oynar. Bug\u00fcn ill\u00fcstrat\u00f6rl\u00fck yapanlar\u0131n \u00e7o\u011fu en sevdikleri \u00e7izgi roman\u0131n, bilgisayar oyununun ya da \u00e7izgi filmin ismini h\u00e2l\u00e2 hat\u0131rlar.David Stabler\u2019\u0131n yazd\u0131\u011f\u0131 Doogie Horner\u2019\u0131n resimledi\u011fi kitap sekiz ya\u015f \u00fcst\u00fc \u00e7ocuklar kadar yeti\u015fkinlere de hitap ediyor.<\/p>\n","protected":false},"excerpt":{"rendered":"<p>\u00dcnl\u00fc sanat\u00e7\u0131lar\u0131n ba\u015far\u0131lar\u0131n\u0131 biliyoruz. Peki, \u00e7ocukluklar\u0131 ile ilgili ne kadar bilgi sahibiyiz? Bunu \u00f6\u011frenmek i\u00e7in onlar\u0131n hik\u00e2yelerinin ba\u015flad\u0131\u011f\u0131 zamana d\u00f6n\u00fcyoruz.Her \u00e7ocuk b\u00fcy\u00fcnce b\u00fcy\u00fck bir sanat\u00e7\u0131 olmaz.<span class=\"excerpt-hellip\"> [\u2026]<\/span><\/p>\n","protected":false},"featured_media":0,"template":"","meta":{"_monsterinsights_skip_tracking":false,"_monsterinsights_sitenote_active":false,"_monsterinsights_sitenote_note":"","_monsterinsights_sitenote_category":0},"product_brand":[],"product_cat":[12291,15117],"product_tag":[],"class_list":{"0":"post-730355","1":"product","2":"type-product","3":"status-publish","5":"product_cat-edebiyat","6":"product_cat-genclik-edebiyati","7":"pa_cilt-ciltsiz","8":"pa_tur-kitap","9":"pa_yayinevi-hep-kitap","10":"pa_yazar-david-stabler","12":"first","13":"instock","14":"sale","15":"shipping-taxable","16":"purchasable","17":"product-type-simple"},"_links":{"self":[{"href":"https:\/\/roveyayinevi.com.tr\/index.php\/wp-json\/wp\/v2\/product\/730355","targetHints":{"allow":["GET"]}}],"collection":[{"href":"https:\/\/roveyayinevi.com.tr\/index.php\/wp-json\/wp\/v2\/product"}],"about":[{"href":"https:\/\/roveyayinevi.com.tr\/index.php\/wp-json\/wp\/v2\/types\/product"}],"wp:attachment":[{"href":"https:\/\/roveyayinevi.com.tr\/index.php\/wp-json\/wp\/v2\/media?parent=730355"}],"wp:term":[{"taxonomy":"product_brand","embeddable":true,"href":"https:\/\/roveyayinevi.com.tr\/index.php\/wp-json\/wp\/v2\/product_brand?post=730355"},{"taxonomy":"product_cat","embeddable":true,"href":"https:\/\/roveyayinevi.com.tr\/index.php\/wp-json\/wp\/v2\/product_cat?post=730355"},{"taxonomy":"product_tag","embeddable":true,"href":"https:\/\/roveyayinevi.com.tr\/index.php\/wp-json\/wp\/v2\/product_tag?post=730355"}],"curies":[{"name":"wp","href":"https:\/\/api.w.org\/{rel}","templated":true}]}}