{"id":730353,"date":"2025-08-27T21:12:52","date_gmt":"2025-08-27T18:12:52","guid":{"rendered":"https:\/\/roveyayinevi.com.tr\/index.php\/urun\/emanet-kalp\/"},"modified":"2026-04-16T02:38:27","modified_gmt":"2026-04-15T23:38:27","slug":"emanet-kalp","status":"publish","type":"product","link":"https:\/\/roveyayinevi.com.tr\/index.php\/urun\/emanet-kalp\/","title":{"rendered":"Emanet Kalp"},"content":{"rendered":"<p>\u201cSakin olun, her \u015fey yolunda. Art\u0131k yeni bir kalbiniz var.\u201dHayat\u0131n\u0131n yeni d\u00f6nemine bu s\u00f6zleri i\u015fiterek ba\u015flad\u0131 \u00d6mer. Gece yar\u0131s\u0131 \u015fehrin di\u011fer ucundaki bir eve d\u00fc\u015fen haber, getirdi\u011fi b\u00fcy\u00fck ac\u0131larla beraber, ba\u015fka hayatlara umudu ta\u015f\u0131yordu. Kalbin atmaya ba\u015flad\u0131\u011f\u0131 ilk an gibi, en ba\u015f\u0131ndan bu yana sarma\u015f dola\u015f olan ikilik o gece de h\u00fck\u00fcm s\u00fcr\u00fcyordu: keder ve sevin\u00e7, kay\u0131p ve kazan\u00e7, biti\u015f ve ba\u015flang\u0131\u00e7, d\u00fc\u011f\u00fcn ve cenaze.Kalp ve Damar Cerrah\u0131 Profes\u00f6r Doktor G\u00f6k\u00e7en Orhan\u2019\u0131n, uzun y\u0131llar\u0131n tecr\u00fcbesi ve birikimiyle kaleme ald\u0131\u011f\u0131 Emanet Kalp; yap\u0131lan her organ ba\u011f\u0131\u015f\u0131n\u0131n nas\u0131l da t\u00fckenen \u00e7arelerin, ye\u015feren hayatlara vesile oldu\u011funun hik\u00e2yesi. Her sat\u0131r\u0131yla hayat\u0131n bize ba\u011f\u0131\u015flanm\u0131\u015f b\u00fcy\u00fck bir arma\u011fan oldu\u011funu an\u0131msat\u0131yor. Ve her \u015fey tamamland\u0131\u011f\u0131nda bu kez arma\u011fan sunma s\u0131ras\u0131n\u0131n belki de bizlere geldi\u011finin\u2026Bir hik\u00e2yeyi sadece kelimeler anlatmaz. Sadece kalplerimizin hissetti\u011fi, s\u00f6ze d\u00f6k\u00fclemeyen anlamlar vard\u0131r.Yeni bir kalp? Peki kendi kalbim nerede? Beni yar\u0131 yolda b\u0131rakan, art\u0131k v\u00fccuduma yetmeyen kalbim\u2026 Ona ne oldu? \u015eimdi \u201cuyum sa\u011flad\u0131\u201d denilen bu kalp kimin<\/p>\n","protected":false},"excerpt":{"rendered":"<p>\u201cSakin olun, her \u015fey yolunda. Art\u0131k yeni bir kalbiniz var.\u201dHayat\u0131n\u0131n yeni d\u00f6nemine bu s\u00f6zleri i\u015fiterek ba\u015flad\u0131 \u00d6mer. Gece yar\u0131s\u0131 \u015fehrin di\u011fer ucundaki bir eve d\u00fc\u015fen haber,<span class=\"excerpt-hellip\"> [\u2026]<\/span><\/p>\n","protected":false},"featured_media":0,"template":"","meta":{"_monsterinsights_skip_tracking":false,"_monsterinsights_sitenote_active":false,"_monsterinsights_sitenote_note":"","_monsterinsights_sitenote_category":0},"product_brand":[],"product_cat":[12291,12711],"product_tag":[],"class_list":{"0":"post-730353","1":"product","2":"type-product","3":"status-publish","5":"product_cat-edebiyat","6":"product_cat-roman-oyku","7":"pa_cilt-ciltsiz","8":"pa_tur-kitap","9":"pa_yayinevi-hep-kitap","10":"pa_yazar-gokcen-orhan","12":"first","13":"instock","14":"sale","15":"shipping-taxable","16":"purchasable","17":"product-type-simple"},"_links":{"self":[{"href":"https:\/\/roveyayinevi.com.tr\/index.php\/wp-json\/wp\/v2\/product\/730353","targetHints":{"allow":["GET"]}}],"collection":[{"href":"https:\/\/roveyayinevi.com.tr\/index.php\/wp-json\/wp\/v2\/product"}],"about":[{"href":"https:\/\/roveyayinevi.com.tr\/index.php\/wp-json\/wp\/v2\/types\/product"}],"wp:attachment":[{"href":"https:\/\/roveyayinevi.com.tr\/index.php\/wp-json\/wp\/v2\/media?parent=730353"}],"wp:term":[{"taxonomy":"product_brand","embeddable":true,"href":"https:\/\/roveyayinevi.com.tr\/index.php\/wp-json\/wp\/v2\/product_brand?post=730353"},{"taxonomy":"product_cat","embeddable":true,"href":"https:\/\/roveyayinevi.com.tr\/index.php\/wp-json\/wp\/v2\/product_cat?post=730353"},{"taxonomy":"product_tag","embeddable":true,"href":"https:\/\/roveyayinevi.com.tr\/index.php\/wp-json\/wp\/v2\/product_tag?post=730353"}],"curies":[{"name":"wp","href":"https:\/\/api.w.org\/{rel}","templated":true}]}}