{"id":730352,"date":"2025-08-27T21:12:51","date_gmt":"2025-08-27T18:12:51","guid":{"rendered":"https:\/\/roveyayinevi.com.tr\/index.php\/urun\/korku-dagini-asan-tavsan\/"},"modified":"2026-04-16T02:38:27","modified_gmt":"2026-04-15T23:38:27","slug":"korku-dagini-asan-tavsan","status":"publish","type":"product","link":"https:\/\/roveyayinevi.com.tr\/index.php\/urun\/korku-dagini-asan-tavsan\/","title":{"rendered":"Korku Da\u011f\u0131n\u0131 A\u015fan Tav\u015fan"},"content":{"rendered":"<p>Psikolog Tavsiyeli, Terapi Tad\u0131nda Bir \u00d6yk\u00fcKorku kelimesini duyunca bile eminim bir\u00e7ok ki\u015fi ufaktan \u00fcrperir. Hatta baz\u0131lar\u0131 \u00f6yle gerilir ki t\u00fcyleri diken diken olur. Ama hi\u00e7 kimsenin korkusu tav\u015fan\u0131nki kadar b\u00fcy\u00fck de\u011fildir.Alvin\u2019in de korktu\u011fu \u015feyler \u00f6yle \u00e7ok ve b\u00fcy\u00fckt\u00fcr ki neredeyse y\u00fcre\u011fi titremeden yapt\u0131\u011f\u0131 hi\u00e7bir \u015fey kalmam\u0131\u015ft\u0131r. Korkular\u0131ndan hayat\u0131n\u0131 ya\u015fanmaz h\u00e2le getirmi\u015ftir \u00e2deta.Alvin\u2019in korku da\u011f\u0131n\u0131 a\u015faca\u011f\u0131 terapi maceras\u0131na seni de bekliyoruz.<\/p>\n","protected":false},"excerpt":{"rendered":"<p>Psikolog Tavsiyeli, Terapi Tad\u0131nda Bir \u00d6yk\u00fcKorku kelimesini duyunca bile eminim bir\u00e7ok ki\u015fi ufaktan \u00fcrperir. Hatta baz\u0131lar\u0131 \u00f6yle gerilir ki t\u00fcyleri diken diken olur. Ama hi\u00e7 kimsenin<span class=\"excerpt-hellip\"> [\u2026]<\/span><\/p>\n","protected":false},"featured_media":0,"template":"","meta":{"_monsterinsights_skip_tracking":false,"_monsterinsights_sitenote_active":false,"_monsterinsights_sitenote_note":"","_monsterinsights_sitenote_category":0},"product_brand":[],"product_cat":[12275,12274],"product_tag":[],"class_list":{"0":"post-730352","1":"product","2":"type-product","3":"status-publish","5":"product_cat-6-12-yas-kitaplari","6":"product_cat-cocuk-ve-genclik-kitaplari","7":"pa_cilt-ciltsiz","8":"pa_tur-kitap","9":"pa_yayinevi-acayip-kitaplar","10":"pa_yazar-aysegul-bayindir","12":"first","13":"instock","14":"sale","15":"shipping-taxable","16":"purchasable","17":"product-type-simple"},"_links":{"self":[{"href":"https:\/\/roveyayinevi.com.tr\/index.php\/wp-json\/wp\/v2\/product\/730352","targetHints":{"allow":["GET"]}}],"collection":[{"href":"https:\/\/roveyayinevi.com.tr\/index.php\/wp-json\/wp\/v2\/product"}],"about":[{"href":"https:\/\/roveyayinevi.com.tr\/index.php\/wp-json\/wp\/v2\/types\/product"}],"wp:attachment":[{"href":"https:\/\/roveyayinevi.com.tr\/index.php\/wp-json\/wp\/v2\/media?parent=730352"}],"wp:term":[{"taxonomy":"product_brand","embeddable":true,"href":"https:\/\/roveyayinevi.com.tr\/index.php\/wp-json\/wp\/v2\/product_brand?post=730352"},{"taxonomy":"product_cat","embeddable":true,"href":"https:\/\/roveyayinevi.com.tr\/index.php\/wp-json\/wp\/v2\/product_cat?post=730352"},{"taxonomy":"product_tag","embeddable":true,"href":"https:\/\/roveyayinevi.com.tr\/index.php\/wp-json\/wp\/v2\/product_tag?post=730352"}],"curies":[{"name":"wp","href":"https:\/\/api.w.org\/{rel}","templated":true}]}}