{"id":730351,"date":"2025-08-27T21:12:50","date_gmt":"2025-08-27T18:12:50","guid":{"rendered":"https:\/\/roveyayinevi.com.tr\/index.php\/urun\/cemberli-parkur-dinozor-yarislari\/"},"modified":"2026-04-16T02:38:27","modified_gmt":"2026-04-15T23:38:27","slug":"cemberli-parkur-dinozor-yarislari","status":"publish","type":"product","link":"https:\/\/roveyayinevi.com.tr\/index.php\/urun\/cemberli-parkur-dinozor-yarislari\/","title":{"rendered":"\u00c7emberli Parkur &#8211; Dinozor Yar\u0131\u015flar\u0131"},"content":{"rendered":"<p>D\u00f6rt arkada\u015f ne\u015fe i\u00e7inde yapt\u0131klar\u0131 piknik sonras\u0131 eve d\u00f6nmeyi beklerken kendilerini milyonlarca y\u0131l \u00f6ncesinde bulurlar. Ailelerine ve ya\u015fad\u0131klar\u0131 zamana d\u00f6nebilmeleri i\u00e7in kendi dinozorlar\u0131n\u0131 yakalay\u0131p e\u011fitmeli ve yar\u0131\u015flar\u0131 kazanmal\u0131d\u0131rlar.Bu devasa canl\u0131larla yar\u0131\u015fma sand\u0131klar\u0131 kadar kolay olmayacakt\u0131r. Milyonlarca y\u0131l \u00f6ncesine gidip nefes kesen fantastik bir maceraya tan\u0131k olmaya haz\u0131r m\u0131s\u0131n?<\/p>\n","protected":false},"excerpt":{"rendered":"<p>D\u00f6rt arkada\u015f ne\u015fe i\u00e7inde yapt\u0131klar\u0131 piknik sonras\u0131 eve d\u00f6nmeyi beklerken kendilerini milyonlarca y\u0131l \u00f6ncesinde bulurlar. Ailelerine ve ya\u015fad\u0131klar\u0131 zamana d\u00f6nebilmeleri i\u00e7in kendi dinozorlar\u0131n\u0131 yakalay\u0131p e\u011fitmeli ve<span class=\"excerpt-hellip\"> [\u2026]<\/span><\/p>\n","protected":false},"featured_media":0,"template":"","meta":{"_monsterinsights_skip_tracking":false,"_monsterinsights_sitenote_active":false,"_monsterinsights_sitenote_note":"","_monsterinsights_sitenote_category":0},"product_brand":[],"product_cat":[12274,12284],"product_tag":[],"class_list":{"0":"post-730351","1":"product","2":"type-product","3":"status-publish","5":"product_cat-cocuk-ve-genclik-kitaplari","6":"product_cat-hikayeler","7":"pa_cilt-ciltsiz","8":"pa_tur-kitap","9":"pa_yayinevi-acayip-kitaplar","10":"pa_yazar-maral-najafli","12":"first","13":"instock","14":"sale","15":"shipping-taxable","16":"purchasable","17":"product-type-simple"},"_links":{"self":[{"href":"https:\/\/roveyayinevi.com.tr\/index.php\/wp-json\/wp\/v2\/product\/730351","targetHints":{"allow":["GET"]}}],"collection":[{"href":"https:\/\/roveyayinevi.com.tr\/index.php\/wp-json\/wp\/v2\/product"}],"about":[{"href":"https:\/\/roveyayinevi.com.tr\/index.php\/wp-json\/wp\/v2\/types\/product"}],"wp:attachment":[{"href":"https:\/\/roveyayinevi.com.tr\/index.php\/wp-json\/wp\/v2\/media?parent=730351"}],"wp:term":[{"taxonomy":"product_brand","embeddable":true,"href":"https:\/\/roveyayinevi.com.tr\/index.php\/wp-json\/wp\/v2\/product_brand?post=730351"},{"taxonomy":"product_cat","embeddable":true,"href":"https:\/\/roveyayinevi.com.tr\/index.php\/wp-json\/wp\/v2\/product_cat?post=730351"},{"taxonomy":"product_tag","embeddable":true,"href":"https:\/\/roveyayinevi.com.tr\/index.php\/wp-json\/wp\/v2\/product_tag?post=730351"}],"curies":[{"name":"wp","href":"https:\/\/api.w.org\/{rel}","templated":true}]}}