{"id":730349,"date":"2025-08-27T21:12:49","date_gmt":"2025-08-27T18:12:49","guid":{"rendered":"https:\/\/roveyayinevi.com.tr\/index.php\/urun\/platonun-calar-saati-ve-diger-muhtesem-antik-icatlar\/"},"modified":"2026-04-16T02:38:27","modified_gmt":"2026-04-15T23:38:27","slug":"platonun-calar-saati-ve-diger-muhtesem-antik-icatlar","status":"publish","type":"product","link":"https:\/\/roveyayinevi.com.tr\/index.php\/urun\/platonun-calar-saati-ve-diger-muhtesem-antik-icatlar\/","title":{"rendered":"Platon&#8217;un \u00c7alar Saati ve Di\u011fer Muhte\u015fem Antik \u0130catlar"},"content":{"rendered":"<p>TAR\u0130H\u0130N \u0130LK \u00d6L\u00dcM I\u015eININI K\u0130M \u0130CAT ETT\u0130?\u0130LK ESTET\u0130K AMEL\u0130YAT NE ZAMAN YAPILDI?SICAK HAVA BALONUNU \u0130LK KEZ U\u00c7URAN K\u0130MD\u0130?NANOTEKNOLOJ\u0130N\u0130N B\u0130L\u0130NEN \u0130LK KANITI NEYD\u0130?Bu muhte\u015fem kitap, antik \u00e7a\u011fda kullan\u0131lan pek \u00e7ok aleti, icad\u0131 ve d\u00fcnyan\u0131n d\u00f6rt bir yan\u0131nda y\u00fczy\u0131llar boyu ger\u00e7ekle\u015fen geli\u015fmeleri bir araya getiriyor.Ya\u015fad\u0131\u011f\u0131m\u0131z \u00e7a\u011f olduk\u00e7a etkileyici; internet diye bir \u015fey, sa\u011fl\u0131k, bilim ve uzay ara\u015ft\u0131rmalar\u0131 alan\u0131nda kaydedilen muhte\u015fem geli\u015fmeler var. Fakat t\u00fcm bu bilgi birikiminin kayna\u011f\u0131 nedir? G\u00fcn\u00fcm\u00fcz\u00fcn \u00e7o\u011funlukla kan\u0131ksanan icatlar\u0131n\u0131n tarihteki \u00f6nc\u00fcleri kimdir?Bu sorular\u0131n yan\u0131tlar\u0131 antik \u00e7a\u011f uygarl\u0131klar\u0131n\u0131n \u015fa\u015f\u0131rt\u0131c\u0131 zihniyetinde gizlidir. Bu ayd\u0131nlat\u0131c\u0131 kitap, Ta\u015f Devri\u2019nde yap\u0131lan beyin ameliyat\u0131ndan Platon\u2019un milattan \u00f6nce d\u00f6rd\u00fcnc\u00fc y\u00fczy\u0131lda \u00e7alar saati icat edi\u015fine, Rum ate\u015fi diye bilinen korkun\u00e7 kimyasal silahtan bir zamanlar d\u00fcnyan\u0131n en sa\u011flam metali olsa da art\u0131k nas\u0131l \u00fcretildi\u011fi bilinmeyen \u015eam \u00e7eli\u011fine antik \u00e7a\u011flar\u0131n hayret edilesi teknik geli\u015fmi\u015fli\u011fine bir bak\u0131\u015f sunuyor. Bu inan\u0131lmaz icatlar zamana yenik d\u00fc\u015fmemekle kalmay\u0131p 21. y\u00fczy\u0131l\u0131n b\u00fcy\u00fck icatlar\u0131yla yar\u0131\u015f\u0131yor.<\/p>\n","protected":false},"excerpt":{"rendered":"<p>TAR\u0130H\u0130N \u0130LK \u00d6L\u00dcM I\u015eININI K\u0130M \u0130CAT ETT\u0130?\u0130LK ESTET\u0130K AMEL\u0130YAT NE ZAMAN YAPILDI?SICAK HAVA BALONUNU \u0130LK KEZ U\u00c7URAN K\u0130MD\u0130?NANOTEKNOLOJ\u0130N\u0130N B\u0130L\u0130NEN \u0130LK KANITI NEYD\u0130?Bu muhte\u015fem kitap, antik \u00e7a\u011fda<span class=\"excerpt-hellip\"> [\u2026]<\/span><\/p>\n","protected":false},"featured_media":0,"template":"","meta":{"_monsterinsights_skip_tracking":false,"_monsterinsights_sitenote_active":false,"_monsterinsights_sitenote_note":"","_monsterinsights_sitenote_category":0},"product_brand":[],"product_cat":[12305,12304],"product_tag":[],"class_list":{"0":"post-730349","1":"product","2":"type-product","3":"status-publish","5":"product_cat-dunya-tarihi","6":"product_cat-tarih","7":"pa_cilt-ciltsiz","8":"pa_tur-kitap","9":"pa_yayinevi-turkuvaz-kitap","10":"pa_yazar-james-russell-hamilton","12":"first","13":"instock","14":"sale","15":"shipping-taxable","16":"purchasable","17":"product-type-simple"},"_links":{"self":[{"href":"https:\/\/roveyayinevi.com.tr\/index.php\/wp-json\/wp\/v2\/product\/730349","targetHints":{"allow":["GET"]}}],"collection":[{"href":"https:\/\/roveyayinevi.com.tr\/index.php\/wp-json\/wp\/v2\/product"}],"about":[{"href":"https:\/\/roveyayinevi.com.tr\/index.php\/wp-json\/wp\/v2\/types\/product"}],"wp:attachment":[{"href":"https:\/\/roveyayinevi.com.tr\/index.php\/wp-json\/wp\/v2\/media?parent=730349"}],"wp:term":[{"taxonomy":"product_brand","embeddable":true,"href":"https:\/\/roveyayinevi.com.tr\/index.php\/wp-json\/wp\/v2\/product_brand?post=730349"},{"taxonomy":"product_cat","embeddable":true,"href":"https:\/\/roveyayinevi.com.tr\/index.php\/wp-json\/wp\/v2\/product_cat?post=730349"},{"taxonomy":"product_tag","embeddable":true,"href":"https:\/\/roveyayinevi.com.tr\/index.php\/wp-json\/wp\/v2\/product_tag?post=730349"}],"curies":[{"name":"wp","href":"https:\/\/api.w.org\/{rel}","templated":true}]}}