{"id":730346,"date":"2025-08-27T21:12:46","date_gmt":"2025-08-27T18:12:46","guid":{"rendered":"https:\/\/roveyayinevi.com.tr\/index.php\/urun\/bidur-durmazgilin-maceralari-gece-yarisi-ziyaretcisi\/"},"modified":"2026-04-16T02:38:27","modified_gmt":"2026-04-15T23:38:27","slug":"bidur-durmazgilin-maceralari-gece-yarisi-ziyaretcisi","status":"publish","type":"product","link":"https:\/\/roveyayinevi.com.tr\/index.php\/urun\/bidur-durmazgilin-maceralari-gece-yarisi-ziyaretcisi\/","title":{"rendered":"Bidur Durmazgil&#8217;in Maceralar\u0131 &#8211; Gece Yar\u0131s\u0131 Ziyaret\u00e7isi"},"content":{"rendered":"<p>\u00c7ok yak\u0131\u015f\u0131kl\u0131, olduk\u00e7a zeki ve bir o kadar da hareketli biri var m\u0131 etraf\u0131n\u0131zda? Peki \u015f\u00f6yle soral\u0131m: Her gitti\u011fi yerde isminden s\u00f6z ettiren biri? \u015eimdiye kadar fark etmediyseniz onu tan\u0131man\u0131n tam zaman\u0131! Bidur Durmazgil&#8217;in maceral\u0131 ve e\u011flenceli hayat\u0131na girdikten sonra \u00e7\u0131kmak istemeyeceksiniz! Birdenbire ortaya \u00e7\u0131kan ye\u015fil bir \u0131\u015f\u0131k, solup giden \u00e7i\u00e7ekler, uykusunu ka\u00e7\u0131ran r\u00fcyalar Bidur&#8217;u durdurabilecek mi dersiniz? Durdurulabilemez maceralar deyince akla gelen ilk ve tek ki\u015fi bu kapa\u011f\u0131n arkas\u0131nda sizleri bekliyor!<\/p>\n","protected":false},"excerpt":{"rendered":"<p>\u00c7ok yak\u0131\u015f\u0131kl\u0131, olduk\u00e7a zeki ve bir o kadar da hareketli biri var m\u0131 etraf\u0131n\u0131zda? Peki \u015f\u00f6yle soral\u0131m: Her gitti\u011fi yerde isminden s\u00f6z ettiren biri? \u015eimdiye kadar<span class=\"excerpt-hellip\"> [\u2026]<\/span><\/p>\n","protected":false},"featured_media":0,"template":"","meta":{"_monsterinsights_skip_tracking":false,"_monsterinsights_sitenote_active":false,"_monsterinsights_sitenote_note":"","_monsterinsights_sitenote_category":0},"product_brand":[],"product_cat":[12275,12274],"product_tag":[],"class_list":{"0":"post-730346","1":"product","2":"type-product","3":"status-publish","5":"product_cat-6-12-yas-kitaplari","6":"product_cat-cocuk-ve-genclik-kitaplari","7":"pa_cilt-ciltsiz","8":"pa_tur-kitap","9":"pa_yayinevi-timas-cocuk","10":"pa_yazar-alaaddin-beken","12":"first","13":"instock","14":"sale","15":"shipping-taxable","16":"purchasable","17":"product-type-simple"},"_links":{"self":[{"href":"https:\/\/roveyayinevi.com.tr\/index.php\/wp-json\/wp\/v2\/product\/730346","targetHints":{"allow":["GET"]}}],"collection":[{"href":"https:\/\/roveyayinevi.com.tr\/index.php\/wp-json\/wp\/v2\/product"}],"about":[{"href":"https:\/\/roveyayinevi.com.tr\/index.php\/wp-json\/wp\/v2\/types\/product"}],"wp:attachment":[{"href":"https:\/\/roveyayinevi.com.tr\/index.php\/wp-json\/wp\/v2\/media?parent=730346"}],"wp:term":[{"taxonomy":"product_brand","embeddable":true,"href":"https:\/\/roveyayinevi.com.tr\/index.php\/wp-json\/wp\/v2\/product_brand?post=730346"},{"taxonomy":"product_cat","embeddable":true,"href":"https:\/\/roveyayinevi.com.tr\/index.php\/wp-json\/wp\/v2\/product_cat?post=730346"},{"taxonomy":"product_tag","embeddable":true,"href":"https:\/\/roveyayinevi.com.tr\/index.php\/wp-json\/wp\/v2\/product_tag?post=730346"}],"curies":[{"name":"wp","href":"https:\/\/api.w.org\/{rel}","templated":true}]}}