{"id":730341,"date":"2025-08-27T21:12:41","date_gmt":"2025-08-27T18:12:41","guid":{"rendered":"https:\/\/roveyayinevi.com.tr\/index.php\/urun\/gozupek-kasifler-2\/"},"modified":"2026-04-16T02:38:27","modified_gmt":"2026-04-15T23:38:27","slug":"gozupek-kasifler-2","status":"publish","type":"product","link":"https:\/\/roveyayinevi.com.tr\/index.php\/urun\/gozupek-kasifler-2\/","title":{"rendered":"G\u00f6z\u00fcpek Ka\u015fifler"},"content":{"rendered":"<p>G\u00f6z\u00fcpek K\u00e2\u015fifler  B\u00fct\u00fcn d\u00fcnyay\u0131 gezmeye haz\u0131r m\u0131s\u0131n\u0131z?  G\u00f6z\u00fcpek K\u00e2\u015fifler kitab\u0131n\u0131 aralarken, geride b\u0131rakt\u0131\u011f\u0131n\u0131z s\u0131k\u0131c\u0131 co\u011frafya derslerine el sallayabilirsiniz&#8230; \u2022 Silkeleneceksiniz! James Cook\u2019un macera dolu hayat\u0131&#8230;\u2022 B\u00fcy\u00fcleneceksiniz! Ferdinand Macellan\u2019\u0131n d\u00fcnyan\u0131n etraf\u0131n\u0131 ilk kez dola\u015fmas\u0131&#8230; \u2022 Buz keseceksiniz! Kaptan Scott\u2019un G\u00fcney Kutbuna kadar gidip orada kendisine b\u0131rak\u0131lm\u0131\u015f bir not bulmas\u0131&#8230; \u2022 Etkileneceksiniz! \u0130bn-i Battuta\u2019n\u0131n 30 y\u0131l evinden uzak kalmas\u0131\u2026 T\u00fcm bunlar sizi yeterince heyecanland\u0131rmad\u0131ysa, kimi k\u00e2\u015fiflerin haritalar\u0131 olmadan yollar\u0131n\u0131 nas\u0131l bulabildiklerini, neden di\u011ferlerinin hep k\u0131l\u0131k de\u011fi\u015ftirerek yolculuk etmek zorunda kald\u0131klar\u0131n\u0131 ve kendi gizli g\u00fcnl\u00fcklerinde ger\u00e7ekte neler oldu\u011funu okuyun. Yeri titretecek heyecanda bir ser\u00fcvene haz\u0131rlan\u0131n! Co\u011frafya hi\u00e7 bu kadar e\u011flenceli olmam\u0131\u015ft\u0131! Kraliyet Co\u011frafya Toplulu\u011fu\u2019ndan not: \u201cBu kitap ilham verici!\u201d <\/p>\n","protected":false},"excerpt":{"rendered":"<p>G\u00f6z\u00fcpek K\u00e2\u015fifler B\u00fct\u00fcn d\u00fcnyay\u0131 gezmeye haz\u0131r m\u0131s\u0131n\u0131z? G\u00f6z\u00fcpek K\u00e2\u015fifler kitab\u0131n\u0131 aralarken, geride b\u0131rakt\u0131\u011f\u0131n\u0131z s\u0131k\u0131c\u0131 co\u011frafya derslerine el sallayabilirsiniz&#8230; \u2022 Silkeleneceksiniz! James Cook\u2019un macera dolu hayat\u0131&#8230;\u2022 B\u00fcy\u00fcleneceksiniz!<span class=\"excerpt-hellip\"> [\u2026]<\/span><\/p>\n","protected":false},"featured_media":0,"template":"","meta":{"_monsterinsights_skip_tracking":false,"_monsterinsights_sitenote_active":false,"_monsterinsights_sitenote_note":"","_monsterinsights_sitenote_category":0},"product_brand":[],"product_cat":[13829,12274],"product_tag":[],"class_list":{"0":"post-730341","1":"product","2":"type-product","3":"status-publish","5":"product_cat-bilimsel-kitaplar","6":"product_cat-cocuk-ve-genclik-kitaplari","7":"pa_cilt-ciltsiz","8":"pa_tur-kitap","9":"pa_yayinevi-eglenceli-bilgi-yayinlari","10":"pa_yazar-anita-ganeri","12":"first","13":"instock","14":"sale","15":"shipping-taxable","16":"purchasable","17":"product-type-simple"},"_links":{"self":[{"href":"https:\/\/roveyayinevi.com.tr\/index.php\/wp-json\/wp\/v2\/product\/730341","targetHints":{"allow":["GET"]}}],"collection":[{"href":"https:\/\/roveyayinevi.com.tr\/index.php\/wp-json\/wp\/v2\/product"}],"about":[{"href":"https:\/\/roveyayinevi.com.tr\/index.php\/wp-json\/wp\/v2\/types\/product"}],"wp:attachment":[{"href":"https:\/\/roveyayinevi.com.tr\/index.php\/wp-json\/wp\/v2\/media?parent=730341"}],"wp:term":[{"taxonomy":"product_brand","embeddable":true,"href":"https:\/\/roveyayinevi.com.tr\/index.php\/wp-json\/wp\/v2\/product_brand?post=730341"},{"taxonomy":"product_cat","embeddable":true,"href":"https:\/\/roveyayinevi.com.tr\/index.php\/wp-json\/wp\/v2\/product_cat?post=730341"},{"taxonomy":"product_tag","embeddable":true,"href":"https:\/\/roveyayinevi.com.tr\/index.php\/wp-json\/wp\/v2\/product_tag?post=730341"}],"curies":[{"name":"wp","href":"https:\/\/api.w.org\/{rel}","templated":true}]}}