{"id":730340,"date":"2025-08-27T21:12:40","date_gmt":"2025-08-27T18:12:40","guid":{"rendered":"https:\/\/roveyayinevi.com.tr\/index.php\/urun\/fethin-sembolu-ayasofya\/"},"modified":"2025-09-25T06:42:00","modified_gmt":"2025-09-25T03:42:00","slug":"fethin-sembolu-ayasofya","status":"publish","type":"product","link":"https:\/\/roveyayinevi.com.tr\/index.php\/urun\/fethin-sembolu-ayasofya\/","title":{"rendered":"Fethin Sembol\u00fc Ayasofya"},"content":{"rendered":"<p>86 y\u0131l sonra yeniden ibadete a\u00e7\u0131lan Ayasofya\u2019y\u0131 \u00e7ok yak\u0131ndan tan\u0131mak ister misin? M\u00fcjde! F\u0131rsat aya\u011f\u0131na geldi. Ayasofya\u2019yla ilgili, in\u015fa edildi\u011fi g\u00fcnden bug\u00fcne kadar ya\u015fanan geli\u015fmeleri b\u00fct\u00fcn detaylar\u0131 bu kitapta bulacaks\u0131n. Bizans D\u00f6nemi, Osmanl\u0131 D\u00f6nemi ve Cumhuriyet D\u00f6nemi olarak \u00fc\u00e7 b\u00fcy\u00fck ba\u015fl\u0131k alt\u0131nda keyifli bir tarih yolculu\u011fu seni bekliyor. Zaman zaman Ayasofya\u2019n\u0131n ba\u015f\u0131na gelenler kar\u015f\u0131s\u0131nda h\u00fcz\u00fcnleneceksin, kimi zaman da b\u00fcy\u00fck fetihten sonraki ihti\u015faml\u0131 g\u00fcnleriyle gururlanacaks\u0131n. Ve tabii ki, kitab\u0131 bitirdi\u011finde sen de bir Ayasofya uzman\u0131 olacaks\u0131n. Haydi, muhte\u015fem Ayasofya\u2019y\u0131 daha yak\u0131ndan tan\u0131mak i\u00e7in sayfalar\u0131 \u00e7evirmeye ba\u015fla.<\/p>\n","protected":false},"excerpt":{"rendered":"<p>86 y\u0131l sonra yeniden ibadete a\u00e7\u0131lan Ayasofya\u2019y\u0131 \u00e7ok yak\u0131ndan tan\u0131mak ister misin? M\u00fcjde! F\u0131rsat aya\u011f\u0131na geldi. Ayasofya\u2019yla ilgili, in\u015fa edildi\u011fi g\u00fcnden bug\u00fcne kadar ya\u015fanan geli\u015fmeleri b\u00fct\u00fcn<span class=\"excerpt-hellip\"> [\u2026]<\/span><\/p>\n","protected":false},"featured_media":0,"template":"","meta":{"_monsterinsights_skip_tracking":false,"_monsterinsights_sitenote_active":false,"_monsterinsights_sitenote_note":"","_monsterinsights_sitenote_category":0},"product_brand":[],"product_cat":[12274,12284],"product_tag":[],"class_list":{"0":"post-730340","1":"product","2":"type-product","3":"status-publish","5":"product_cat-cocuk-ve-genclik-kitaplari","6":"product_cat-hikayeler","7":"pa_cilt-ciltsiz","8":"pa_tur-kitap","9":"pa_yayinevi-eglenceli-bilgi-yayinlari","10":"pa_yazar-mazlum-akin","12":"first","13":"instock","14":"sale","15":"shipping-taxable","16":"purchasable","17":"product-type-simple"},"_links":{"self":[{"href":"https:\/\/roveyayinevi.com.tr\/index.php\/wp-json\/wp\/v2\/product\/730340","targetHints":{"allow":["GET"]}}],"collection":[{"href":"https:\/\/roveyayinevi.com.tr\/index.php\/wp-json\/wp\/v2\/product"}],"about":[{"href":"https:\/\/roveyayinevi.com.tr\/index.php\/wp-json\/wp\/v2\/types\/product"}],"wp:attachment":[{"href":"https:\/\/roveyayinevi.com.tr\/index.php\/wp-json\/wp\/v2\/media?parent=730340"}],"wp:term":[{"taxonomy":"product_brand","embeddable":true,"href":"https:\/\/roveyayinevi.com.tr\/index.php\/wp-json\/wp\/v2\/product_brand?post=730340"},{"taxonomy":"product_cat","embeddable":true,"href":"https:\/\/roveyayinevi.com.tr\/index.php\/wp-json\/wp\/v2\/product_cat?post=730340"},{"taxonomy":"product_tag","embeddable":true,"href":"https:\/\/roveyayinevi.com.tr\/index.php\/wp-json\/wp\/v2\/product_tag?post=730340"}],"curies":[{"name":"wp","href":"https:\/\/api.w.org\/{rel}","templated":true}]}}