{"id":730339,"date":"2025-08-27T21:12:39","date_gmt":"2025-08-27T18:12:39","guid":{"rendered":"https:\/\/roveyayinevi.com.tr\/index.php\/urun\/varoluslar-itirazlar-isyanlar\/"},"modified":"2026-03-12T02:48:39","modified_gmt":"2026-03-11T23:48:39","slug":"varoluslar-itirazlar-isyanlar","status":"publish","type":"product","link":"https:\/\/roveyayinevi.com.tr\/index.php\/urun\/varoluslar-itirazlar-isyanlar\/","title":{"rendered":"Varolu\u015flar &#8211; \u0130tirazlar &#8211; \u0130syanlar"},"content":{"rendered":"<p>Bu kitab\u0131 okudu\u011funuzda benim d\u00fc\u015f\u00fcncelerimin yaz\u0131ya d\u00f6k\u00fclm\u00fc\u015f halini okuyacaks\u0131n\u0131z. Ve kitap elinize ge\u00e7ti\u011finde art\u0131k yazar \u00f6lm\u00fc\u015ft\u00fcr. Okur metinle ba\u015f ba\u015fad\u0131r. Okur art\u0131k yazar\u0131n yerini alarak yorumlama faaliyetine girecektir. Nitekim ger\u00e7ek okur kitab\u0131 oldu\u011fu gibi okuyup bir tarafa atan de\u011fil aksine yorumlama faaliyetine giren ki\u015fidir. D\u00fc\u015f\u00fcncelerim ise bir taraftan yukar\u0131ya, di\u011fer yandan a\u015fa\u011f\u0131ya, do\u011fuya ve bat\u0131ya giden, bir tarafta sabit olmayan sanki okyanusta kaybolmu\u015f hissi veren, beyin f\u0131rt\u0131nalar\u0131yla dolu olan ruh halimi yans\u0131tacakt\u0131r. <\/p>\n","protected":false},"excerpt":{"rendered":"<p>Bu kitab\u0131 okudu\u011funuzda benim d\u00fc\u015f\u00fcncelerimin yaz\u0131ya d\u00f6k\u00fclm\u00fc\u015f halini okuyacaks\u0131n\u0131z. Ve kitap elinize ge\u00e7ti\u011finde art\u0131k yazar \u00f6lm\u00fc\u015ft\u00fcr. Okur metinle ba\u015f ba\u015fad\u0131r. Okur art\u0131k yazar\u0131n yerini alarak yorumlama<span class=\"excerpt-hellip\"> [\u2026]<\/span><\/p>\n","protected":false},"featured_media":0,"template":"","meta":{"_monsterinsights_skip_tracking":false,"_monsterinsights_sitenote_active":false,"_monsterinsights_sitenote_note":"","_monsterinsights_sitenote_category":0},"product_brand":[],"product_cat":[12351,12324],"product_tag":[],"class_list":{"0":"post-730339","1":"product","2":"type-product","3":"status-publish","5":"product_cat-siyaset-sosyolojisi","6":"product_cat-sosyoloji","7":"pa_cilt-ciltsiz","8":"pa_tur-kitap","9":"pa_yayinevi-kirmizi-cati-yayinlari","10":"pa_yazar-ahmet-ozkaya","12":"first","13":"instock","14":"sale","15":"shipping-taxable","16":"purchasable","17":"product-type-simple"},"_links":{"self":[{"href":"https:\/\/roveyayinevi.com.tr\/index.php\/wp-json\/wp\/v2\/product\/730339","targetHints":{"allow":["GET"]}}],"collection":[{"href":"https:\/\/roveyayinevi.com.tr\/index.php\/wp-json\/wp\/v2\/product"}],"about":[{"href":"https:\/\/roveyayinevi.com.tr\/index.php\/wp-json\/wp\/v2\/types\/product"}],"wp:attachment":[{"href":"https:\/\/roveyayinevi.com.tr\/index.php\/wp-json\/wp\/v2\/media?parent=730339"}],"wp:term":[{"taxonomy":"product_brand","embeddable":true,"href":"https:\/\/roveyayinevi.com.tr\/index.php\/wp-json\/wp\/v2\/product_brand?post=730339"},{"taxonomy":"product_cat","embeddable":true,"href":"https:\/\/roveyayinevi.com.tr\/index.php\/wp-json\/wp\/v2\/product_cat?post=730339"},{"taxonomy":"product_tag","embeddable":true,"href":"https:\/\/roveyayinevi.com.tr\/index.php\/wp-json\/wp\/v2\/product_tag?post=730339"}],"curies":[{"name":"wp","href":"https:\/\/api.w.org\/{rel}","templated":true}]}}