{"id":730338,"date":"2025-08-27T21:12:38","date_gmt":"2025-08-27T18:12:38","guid":{"rendered":"https:\/\/roveyayinevi.com.tr\/index.php\/urun\/burasi-orasi-degil\/"},"modified":"2026-04-16T02:38:27","modified_gmt":"2026-04-15T23:38:27","slug":"burasi-orasi-degil","status":"publish","type":"product","link":"https:\/\/roveyayinevi.com.tr\/index.php\/urun\/burasi-orasi-degil\/","title":{"rendered":"Buras\u0131 Oras\u0131 De\u011fil"},"content":{"rendered":"<p>Kimdir O\u011fuz  Alpl\u00e2\u00e7in? Tezer \u00d6zl\u00fc\u2019n\u00fcn \u00f6yk\u00fcs\u00fcnde kar\u015f\u0131m\u0131za \u00e7\u0131kan bir kahraman m\u0131, 50 Ku\u015fa\u011f\u0131\u2019n\u0131n en \u201cbohem\u201d \u00fcyesi mi? B\u00fcy\u00fck bir nihilist mi, Selahattin Hilav\u2019\u0131n takt\u0131\u011f\u0131 isimle \u201centelekt\u00fcel solucan\u201d m\u0131? Evsiz-yersiz-yurtsuz bir anar\u015fist mi, yoksa Diyarbak\u0131rl\u0131 zengin bir ailenin ferdi mi? D\u00f6nemin yazarlar\u0131n\u0131n an\u0131lar\u0131nda yer alan siyah beyaz bir fig\u00fcr m\u00fc, eksiklerle dolu hayat hik\u00e2yesi anlat\u0131ld\u0131k\u00e7a efsanele\u015fen renkli bir karakter mi? \u0130\u011fneli s\u00f6zleriyle kar\u015f\u0131s\u0131ndaki insan\u0131 sarsan keskin bir \u00e7ift g\u00f6z m\u00fc, yoksa tan\u0131yan herkesin \u00e7ok sevdi\u011fi bir dost mu? Arkas\u0131nda tek t\u00fck metinler b\u0131rakm\u0131\u015f bir hevesli mi, yoksa \u00e7ok \u00e7al\u0131\u015fkan usta bir \u00e7evirmen veya  g\u00f6z ard\u0131 edilmi\u015f bir \u015fair\/yazar m\u0131? O\u011fuz Hal\u00fbk mu, Haluk O\u011fuz mu? O. A. m\u0131? OHA m\u0131? \u201cO Pera\u2019daki Hayalet\u201d mi? Yoksa sadece aram\u0131zdan ge\u00e7ip gitmi\u015f bir Hayalet mi? Kaya Tan\u0131\u015f, y\u0131llara yay\u0131lan (belki h\u00e2l\u00e2 devam eden) bir iz s\u00fcrmenin neticesinde, T\u00fcrk k\u00fclt\u00fcr-edebiyat sahnesinin en \u00fcnl\u00fc bohemini \u2013kelimenin ger\u00e7ek anlam\u0131yla\u2013 t\u00fcm y\u00f6nleriyle ortaya koyuyor. Efsanelerden, rivayetlerden ar\u0131nd\u0131r\u0131p bir hayaleti bedenine kavu\u015fturuyor. Buras\u0131 Oras\u0131 De\u011fil \/ Hayalet O\u011fuz Kitab\u0131\u2019nda Tan\u0131\u015f, O\u011fuz Hal\u00fbk Alpl\u00e2\u00e7in\u2019in \u00f6nce hayat\u0131nda eksik bilinenleri belgeleriyle ortaya koyuyor, daha sonra \u015fiirlerinden \u00f6yk\u00fclerine, yaz\u0131lar\u0131ndan \u00e7evirilerine imza att\u0131\u011f\u0131 i\u015fleri bir araya getiriyor. Buras\u0131 Oras\u0131 De\u011fil \/ Hayalet O\u011fuz Kitab\u0131 buzda\u011f\u0131n\u0131n g\u00f6r\u00fcnmeyen k\u0131sm\u0131n\u0131 g\u00f6steriyor. <\/p>\n","protected":false},"excerpt":{"rendered":"<p>Kimdir O\u011fuz Alpl\u00e2\u00e7in? Tezer \u00d6zl\u00fc\u2019n\u00fcn \u00f6yk\u00fcs\u00fcnde kar\u015f\u0131m\u0131za \u00e7\u0131kan bir kahraman m\u0131, 50 Ku\u015fa\u011f\u0131\u2019n\u0131n en \u201cbohem\u201d \u00fcyesi mi? B\u00fcy\u00fck bir nihilist mi, Selahattin Hilav\u2019\u0131n takt\u0131\u011f\u0131 isimle \u201centelekt\u00fcel<span class=\"excerpt-hellip\"> [\u2026]<\/span><\/p>\n","protected":false},"featured_media":0,"template":"","meta":{"_monsterinsights_skip_tracking":false,"_monsterinsights_sitenote_active":false,"_monsterinsights_sitenote_note":"","_monsterinsights_sitenote_category":0},"product_brand":[],"product_cat":[13072,12291],"product_tag":[],"class_list":{"0":"post-730338","1":"product","2":"type-product","3":"status-publish","5":"product_cat-arastirma-inceleme-referans","6":"product_cat-edebiyat","7":"pa_cilt-ciltsiz","8":"pa_tur-kitap","9":"pa_yayinevi-kirmizi-kedi-yayinevi","10":"pa_yazar-kaya-tanis","12":"first","13":"instock","14":"sale","15":"shipping-taxable","16":"purchasable","17":"product-type-simple"},"_links":{"self":[{"href":"https:\/\/roveyayinevi.com.tr\/index.php\/wp-json\/wp\/v2\/product\/730338","targetHints":{"allow":["GET"]}}],"collection":[{"href":"https:\/\/roveyayinevi.com.tr\/index.php\/wp-json\/wp\/v2\/product"}],"about":[{"href":"https:\/\/roveyayinevi.com.tr\/index.php\/wp-json\/wp\/v2\/types\/product"}],"wp:attachment":[{"href":"https:\/\/roveyayinevi.com.tr\/index.php\/wp-json\/wp\/v2\/media?parent=730338"}],"wp:term":[{"taxonomy":"product_brand","embeddable":true,"href":"https:\/\/roveyayinevi.com.tr\/index.php\/wp-json\/wp\/v2\/product_brand?post=730338"},{"taxonomy":"product_cat","embeddable":true,"href":"https:\/\/roveyayinevi.com.tr\/index.php\/wp-json\/wp\/v2\/product_cat?post=730338"},{"taxonomy":"product_tag","embeddable":true,"href":"https:\/\/roveyayinevi.com.tr\/index.php\/wp-json\/wp\/v2\/product_tag?post=730338"}],"curies":[{"name":"wp","href":"https:\/\/api.w.org\/{rel}","templated":true}]}}